{"id":9853,"date":"2019-07-18T19:18:02","date_gmt":"2019-07-19T01:18:02","guid":{"rendered":"http:\/\/34.73.84.172\/?page_id=9853"},"modified":"2019-08-12T00:01:02","modified_gmt":"2019-08-12T06:01:02","slug":"eservicios","status":"publish","type":"page","link":"https:\/\/www.pronacom.org\/en\/eservicios\/","title":{"rendered":"e-Servicios"},"content":{"rendered":"<div data-elementor-type=\"wp-post\" data-elementor-id=\"9853\" class=\"elementor elementor-9853\" data-elementor-settings=\"[]\">\n\t\t\t\t\t\t<div class=\"elementor-inner\">\n\t\t\t\t\t\t\t<div class=\"elementor-section-wrap\">\n\t\t\t\t\t\t\t<section class=\"elementor-section elementor-top-section elementor-element elementor-element-d255272 elementor-section-boxed elementor-section-height-default elementor-section-height-default\" data-id=\"d255272\" data-element_type=\"section\">\n\t\t\t\t\t\t<div class=\"elementor-container elementor-column-gap-default\">\n\t\t\t\t\t\t\t<div class=\"elementor-row\">\n\t\t\t\t\t<div class=\"elementor-column elementor-col-50 elementor-top-column elementor-element elementor-element-cb5b69c\" data-id=\"cb5b69c\" data-element_type=\"column\">\n\t\t\t<div class=\"elementor-column-wrap elementor-element-populated\">\n\t\t\t\t\t\t\t<div class=\"elementor-widget-wrap\">\n\t\t\t\t\t\t<div class=\"elementor-element elementor-element-fba233f elementor-widget elementor-widget-image\" data-id=\"fba233f\" data-element_type=\"widget\" data-widget_type=\"image.default\">\n\t\t\t\t<div class=\"elementor-widget-container\">\n\t\t\t\t\t<div class=\"elementor-image\">\n\t\t\t\t\t\t\t\t\t\t<img width=\"750\" height=\"264\" src=\"https:\/\/www.pronacom.org\/wp-content\/uploads\/2019\/08\/e-servicios-1024x360.png\" class=\"attachment-large size-large\" alt=\"\" loading=\"lazy\" srcset=\"https:\/\/www.pronacom.org\/wp-content\/uploads\/2019\/08\/e-servicios-1024x360.png 1024w, https:\/\/www.pronacom.org\/wp-content\/uploads\/2019\/08\/e-servicios-300x105.png 300w, https:\/\/www.pronacom.org\/wp-content\/uploads\/2019\/08\/e-servicios-768x270.png 768w, https:\/\/www.pronacom.org\/wp-content\/uploads\/2019\/08\/e-servicios.png 1751w\" sizes=\"(max-width: 750px) 100vw, 750px\" \/>\t\t\t\t\t\t\t\t\t\t\t<\/div>\n\t\t\t\t<\/div>\n\t\t\t\t<\/div>\n\t\t\t\t\t\t<\/div>\n\t\t\t\t\t<\/div>\n\t\t<\/div>\n\t\t\t\t<div class=\"elementor-column elementor-col-50 elementor-top-column elementor-element elementor-element-8a4aebe\" data-id=\"8a4aebe\" data-element_type=\"column\">\n\t\t\t<div class=\"elementor-column-wrap elementor-element-populated\">\n\t\t\t\t\t\t\t<div class=\"elementor-widget-wrap\">\n\t\t\t\t\t\t<div class=\"elementor-element elementor-element-6b561e6 elementor-widget elementor-widget-text-editor\" data-id=\"6b561e6\" data-element_type=\"widget\" data-widget_type=\"text-editor.default\">\n\t\t\t\t<div class=\"elementor-widget-container\">\n\t\t\t\t\t<div class=\"elementor-text-editor elementor-clearfix\"><p><span style=\"color: #000000;\"><span style=\"font-weight: 400;\">Esta plataforma es una herramienta de gobierno electr\u00f3nico que permite inscribir sociedades mercantiles, comerciantes individuales y empresas en l\u00ednea en el <\/span><span style=\"font-weight: 400;\">Registro Mercantil, SAT, IGSS y Ministerio de Trabajo<\/span><span style=\"font-weight: 400;\">; ayudando a los comerciantes y emprendedores a formalizar su empresa de una manera m\u00e1s eficaz. Logrando reducir el tiempo de inscripci\u00f3n de 45 d\u00edas a menos de 5 d\u00edas h\u00e1biles.<\/span><\/span><\/p><p>\u00a0<\/p><p><strong><span style=\"color: #000000;\">A trav\u00e9s de la plataforma e-Servicios se ha logrado:<\/span><\/strong><\/p><\/div>\n\t\t\t\t<\/div>\n\t\t\t\t<\/div>\n\t\t\t\t\t\t<\/div>\n\t\t\t\t\t<\/div>\n\t\t<\/div>\n\t\t\t\t\t\t\t\t<\/div>\n\t\t\t\t\t<\/div>\n\t\t<\/section>\n\t\t\t\t<section class=\"elementor-section elementor-top-section elementor-element elementor-element-7a1cc85 elementor-section-boxed elementor-section-height-default elementor-section-height-default\" data-id=\"7a1cc85\" data-element_type=\"section\">\n\t\t\t\t\t\t<div class=\"elementor-container elementor-column-gap-default\">\n\t\t\t\t\t\t\t<div class=\"elementor-row\">\n\t\t\t\t\t<div class=\"elementor-column elementor-col-50 elementor-top-column elementor-element elementor-element-28792ef\" data-id=\"28792ef\" data-element_type=\"column\">\n\t\t\t<div class=\"elementor-column-wrap\">\n\t\t\t\t\t\t\t<div class=\"elementor-widget-wrap\">\n\t\t\t\t\t\t\t\t<\/div>\n\t\t\t\t\t<\/div>\n\t\t<\/div>\n\t\t\t\t<div class=\"elementor-column elementor-col-50 elementor-top-column elementor-element elementor-element-7b03592\" data-id=\"7b03592\" data-element_type=\"column\">\n\t\t\t<div class=\"elementor-column-wrap elementor-element-populated\">\n\t\t\t\t\t\t\t<div class=\"elementor-widget-wrap\">\n\t\t\t\t\t\t<div class=\"elementor-element elementor-element-53df840 elementor-widget elementor-widget-image\" data-id=\"53df840\" data-element_type=\"widget\" data-widget_type=\"image.default\">\n\t\t\t\t<div class=\"elementor-widget-container\">\n\t\t\t\t\t<div class=\"elementor-image\">\n\t\t\t\t\t\t\t\t\t\t\t<a href=\"\/\/www.pronacom.org\/en\/wp-content\/uploads\/2019\/08\/eServicios.png\/\" data-elementor-open-lightbox=\"yes\" data-elementor-lightbox-title=\"eServicios\">\n\t\t\t\t\t\t\t<img width=\"750\" height=\"552\" src=\"https:\/\/www.pronacom.org\/wp-content\/uploads\/2019\/08\/eServicios-1024x754.png\" class=\"elementor-animation-grow attachment-large size-large\" alt=\"\" loading=\"lazy\" srcset=\"https:\/\/www.pronacom.org\/wp-content\/uploads\/2019\/08\/eServicios-1024x754.png 1024w, https:\/\/www.pronacom.org\/wp-content\/uploads\/2019\/08\/eServicios-300x221.png 300w, https:\/\/www.pronacom.org\/wp-content\/uploads\/2019\/08\/eServicios-768x566.png 768w\" sizes=\"(max-width: 750px) 100vw, 750px\" \/>\t\t\t\t\t\t\t\t<\/a>\n\t\t\t\t\t\t\t\t\t\t\t<\/div>\n\t\t\t\t<\/div>\n\t\t\t\t<\/div>\n\t\t\t\t\t\t<\/div>\n\t\t\t\t\t<\/div>\n\t\t<\/div>\n\t\t\t\t\t\t\t\t<\/div>\n\t\t\t\t\t<\/div>\n\t\t<\/section>\n\t\t\t\t\t\t<\/div>\n\t\t\t\t\t\t<\/div>\n\t\t\t\t\t<\/div>","protected":false},"excerpt":{"rendered":"<p>Esta plataforma es una herramienta de gobierno electr\u00f3nico que permite inscribir sociedades mercantiles, comerciantes individuales y empresas en l\u00ednea en el Registro Mercantil, SAT, IGSS y Ministerio de Trabajo; ayudando a los comerciantes y emprendedores a formalizar su empresa de una manera m\u00e1s eficaz. Logrando reducir el tiempo de inscripci\u00f3n de 45 d\u00edas a menos &hellip;<\/p>","protected":false},"author":2,"featured_media":0,"parent":0,"menu_order":0,"comment_status":"closed","ping_status":"closed","template":"template-fullwidth.php","meta":[],"yoast_head":"<!-- This site is optimized with the Yoast SEO plugin v15.6.2 - https:\/\/yoast.com\/wordpress\/plugins\/seo\/ -->\n<title>e-Servicios - PRONACOM<\/title>\n<meta name=\"robots\" content=\"index, follow, max-snippet:-1, max-image-preview:large, max-video-preview:-1\" \/>\n<link rel=\"canonical\" href=\"https:\/\/www.pronacom.org\/en\/eservicios\/\" \/>\n<meta property=\"og:locale\" content=\"en_US\" \/>\n<meta property=\"og:type\" content=\"article\" \/>\n<meta property=\"og:title\" content=\"e-Servicios - PRONACOM\" \/>\n<meta property=\"og:description\" content=\"Esta plataforma es una herramienta de gobierno electr\u00f3nico que permite inscribir sociedades mercantiles, comerciantes individuales y empresas en l\u00ednea en el Registro Mercantil, SAT, IGSS y Ministerio de Trabajo; ayudando a los comerciantes y emprendedores a formalizar su empresa de una manera m\u00e1s eficaz. Logrando reducir el tiempo de inscripci\u00f3n de 45 d\u00edas a menos &hellip;\" \/>\n<meta property=\"og:url\" content=\"https:\/\/www.pronacom.org\/en\/eservicios\/\" \/>\n<meta property=\"og:site_name\" content=\"PRONACOM\" \/>\n<meta property=\"article:publisher\" content=\"https:\/\/www.facebook.com\/Pronacomgt\/\" \/>\n<meta property=\"article:modified_time\" content=\"2019-08-12T06:01:02+00:00\" \/>\n<meta property=\"og:image\" content=\"https:\/\/www.pronacom.org\/wp-content\/uploads\/2019\/08\/e-servicios-1024x360.png\" \/>\n<meta name=\"twitter:card\" content=\"summary_large_image\" \/>\n<meta name=\"twitter:site\" content=\"@PRONACOMGT\" \/>\n<script type=\"application\/ld+json\" class=\"yoast-schema-graph\">{\"@context\":\"https:\/\/schema.org\",\"@graph\":[{\"@type\":\"Organization\",\"@id\":\"https:\/\/www.pronacom.org\/en\/#organization\",\"name\":\"PRONACOM\",\"url\":\"https:\/\/www.pronacom.org\/en\/\",\"sameAs\":[\"https:\/\/www.facebook.com\/Pronacomgt\/\",\"https:\/\/www.instagram.com\/pronacomgt\/\",\"https:\/\/www.linkedin.com\/authwall?trk=gf&amp;amp;amp;trkInfo=AQGH7Mi-f70EDAAAAWv5JAmoGFXJ8B2rxURVcu6cPIj-oDKkC19SAMj6UtFyNiKz20TkwAXGNiSB81fV5dt-WXgm3GdF9CLAhH4xONAQukTUqZy1I5ETfhu_C16iHxO-aFrINSU=&amp;amp;amp;originalReferer&amp;amp;amp;sessionRedirect=https:\/\/gt.linkedin.com\/company\/pronacom\",\"https:\/\/www.youtube.com\/channel\/UCw3KIgxOkQQjvGQvvTfH6tA\",\"https:\/\/twitter.com\/PRONACOMGT\"],\"logo\":{\"@type\":\"ImageObject\",\"@id\":\"https:\/\/www.pronacom.org\/en\/#logo\",\"inLanguage\":\"en-US\",\"url\":\"https:\/\/www.pronacom.org\/wp-content\/uploads\/2019\/03\/Logo-Pronacom.png\",\"width\":842,\"height\":209,\"caption\":\"PRONACOM\"},\"image\":{\"@id\":\"https:\/\/www.pronacom.org\/en\/#logo\"}},{\"@type\":\"WebSite\",\"@id\":\"https:\/\/www.pronacom.org\/en\/#website\",\"url\":\"https:\/\/www.pronacom.org\/en\/\",\"name\":\"PRONACOM\",\"description\":\"\",\"publisher\":{\"@id\":\"https:\/\/www.pronacom.org\/en\/#organization\"},\"potentialAction\":[{\"@type\":\"SearchAction\",\"target\":\"https:\/\/www.pronacom.org\/en\/?s={search_term_string}\",\"query-input\":\"required name=search_term_string\"}],\"inLanguage\":\"en-US\"},{\"@type\":\"ImageObject\",\"@id\":\"https:\/\/www.pronacom.org\/en\/eservicios\/#primaryimage\",\"inLanguage\":\"en-US\",\"url\":\"https:\/\/www.pronacom.org\/wp-content\/uploads\/2019\/08\/e-servicios.png\",\"width\":1751,\"height\":615},{\"@type\":\"WebPage\",\"@id\":\"https:\/\/www.pronacom.org\/en\/eservicios\/#webpage\",\"url\":\"https:\/\/www.pronacom.org\/en\/eservicios\/\",\"name\":\"e-Servicios - PRONACOM\",\"isPartOf\":{\"@id\":\"https:\/\/www.pronacom.org\/en\/#website\"},\"primaryImageOfPage\":{\"@id\":\"https:\/\/www.pronacom.org\/en\/eservicios\/#primaryimage\"},\"datePublished\":\"2019-07-19T01:18:02+00:00\",\"dateModified\":\"2019-08-12T06:01:02+00:00\",\"inLanguage\":\"en-US\",\"potentialAction\":[{\"@type\":\"ReadAction\",\"target\":[\"https:\/\/www.pronacom.org\/en\/eservicios\/\"]}]}]}<\/script>\n<!-- \/ Yoast SEO plugin. -->","_links":{"self":[{"href":"https:\/\/www.pronacom.org\/en\/wp-json\/wp\/v2\/pages\/9853"}],"collection":[{"href":"https:\/\/www.pronacom.org\/en\/wp-json\/wp\/v2\/pages"}],"about":[{"href":"https:\/\/www.pronacom.org\/en\/wp-json\/wp\/v2\/types\/page"}],"author":[{"embeddable":true,"href":"https:\/\/www.pronacom.org\/en\/wp-json\/wp\/v2\/users\/2"}],"replies":[{"embeddable":true,"href":"https:\/\/www.pronacom.org\/en\/wp-json\/wp\/v2\/comments?post=9853"}],"version-history":[{"count":12,"href":"https:\/\/www.pronacom.org\/en\/wp-json\/wp\/v2\/pages\/9853\/revisions"}],"predecessor-version":[{"id":11262,"href":"https:\/\/www.pronacom.org\/en\/wp-json\/wp\/v2\/pages\/9853\/revisions\/11262"}],"wp:attachment":[{"href":"https:\/\/www.pronacom.org\/en\/wp-json\/wp\/v2\/media?parent=9853"}],"curies":[{"name":"wp","href":"https:\/\/api.w.org\/{rel}","templated":true}]}}