{"id":9297,"date":"2019-07-05T21:01:59","date_gmt":"2019-07-06T03:01:59","guid":{"rendered":"http:\/\/34.73.84.172\/?page_id=9297"},"modified":"2019-08-12T11:55:42","modified_gmt":"2019-08-12T17:55:42","slug":"proyectos-de-movilizacion-de-recursos","status":"publish","type":"page","link":"https:\/\/www.pronacom.org\/en\/proyectos-de-movilizacion-de-recursos\/","title":{"rendered":"Proyecto de Movilizaci\u00f3n de Recursos"},"content":{"rendered":"<div data-elementor-type=\"wp-post\" data-elementor-id=\"9297\" class=\"elementor elementor-9297\" data-elementor-settings=\"[]\">\n\t\t\t\t\t\t<div class=\"elementor-inner\">\n\t\t\t\t\t\t\t<div class=\"elementor-section-wrap\">\n\t\t\t\t\t\t\t<section class=\"elementor-section elementor-top-section elementor-element elementor-element-f32bbe5 elementor-section-boxed elementor-section-height-default elementor-section-height-default\" data-id=\"f32bbe5\" data-element_type=\"section\">\n\t\t\t\t\t\t<div class=\"elementor-container elementor-column-gap-default\">\n\t\t\t\t\t\t\t<div class=\"elementor-row\">\n\t\t\t\t\t<div class=\"elementor-column elementor-col-50 elementor-top-column elementor-element elementor-element-ade827f\" data-id=\"ade827f\" data-element_type=\"column\">\n\t\t\t<div class=\"elementor-column-wrap elementor-element-populated\">\n\t\t\t\t\t\t\t<div class=\"elementor-widget-wrap\">\n\t\t\t\t\t\t<div class=\"elementor-element elementor-element-b210bcc elementor-widget elementor-widget-menu-anchor\" data-id=\"b210bcc\" data-element_type=\"widget\" data-widget_type=\"menu-anchor.default\">\n\t\t\t\t<div class=\"elementor-widget-container\">\n\t\t\t\t\t<div id=\"mejorar\" class=\"elementor-menu-anchor\"><\/div>\n\t\t\t\t<\/div>\n\t\t\t\t<\/div>\n\t\t\t\t<div class=\"elementor-element elementor-element-8009252 elementor-widget elementor-widget-text-editor\" data-id=\"8009252\" data-element_type=\"widget\" data-widget_type=\"text-editor.default\">\n\t\t\t\t<div class=\"elementor-widget-container\">\n\t\t\t\t\t<div class=\"elementor-text-editor elementor-clearfix\"><p style=\"text-align: center;\"><strong><span style=\"color: #1d70b7;\">Mejorar la Administraci\u00f3n Tributaria y de Aduanas<\/span><\/strong><\/p><\/div>\n\t\t\t\t<\/div>\n\t\t\t\t<\/div>\n\t\t\t\t<div class=\"elementor-element elementor-element-f609cb2 elementor-widget elementor-widget-image\" data-id=\"f609cb2\" data-element_type=\"widget\" data-widget_type=\"image.default\">\n\t\t\t\t<div class=\"elementor-widget-container\">\n\t\t\t\t\t<div class=\"elementor-image\">\n\t\t\t\t\t\t\t\t\t\t<img width=\"750\" height=\"652\" src=\"https:\/\/www.pronacom.org\/wp-content\/uploads\/2019\/08\/MCC-2-01-04.png\" class=\"attachment-large size-large\" alt=\"\" loading=\"lazy\" srcset=\"https:\/\/www.pronacom.org\/wp-content\/uploads\/2019\/08\/MCC-2-01-04.png 792w, https:\/\/www.pronacom.org\/wp-content\/uploads\/2019\/08\/MCC-2-01-04-300x261.png 300w, https:\/\/www.pronacom.org\/wp-content\/uploads\/2019\/08\/MCC-2-01-04-768x668.png 768w\" sizes=\"(max-width: 750px) 100vw, 750px\" \/>\t\t\t\t\t\t\t\t\t\t\t<\/div>\n\t\t\t\t<\/div>\n\t\t\t\t<\/div>\n\t\t\t\t\t\t<\/div>\n\t\t\t\t\t<\/div>\n\t\t<\/div>\n\t\t\t\t<div class=\"elementor-column elementor-col-50 elementor-top-column elementor-element elementor-element-754e307\" data-id=\"754e307\" data-element_type=\"column\">\n\t\t\t<div class=\"elementor-column-wrap elementor-element-populated\">\n\t\t\t\t\t\t\t<div class=\"elementor-widget-wrap\">\n\t\t\t\t\t\t<div class=\"elementor-element elementor-element-66c7b7c elementor-widget elementor-widget-text-editor\" data-id=\"66c7b7c\" data-element_type=\"widget\" data-widget_type=\"text-editor.default\">\n\t\t\t\t<div class=\"elementor-widget-container\">\n\t\t\t\t\t<div class=\"elementor-text-editor elementor-clearfix\"><p><span style=\"color: #000000;\">La donaci\u00f3n financia servicios de asistencia t\u00e9cnica que apoyan al Gobierno, principalmente a la Superintendencia de Administraci\u00f3n Tributaria -SAT- en emprender cambios institucionales para:<\/span><\/p><ul><li><span style=\"color: #000000;\">Implementar un marco y una estrategia s\u00f3lidos de manejo de riesgo que integre a tributos internos y a aduanas.<\/span><\/li><li><span style=\"color: #000000;\">Establecer un programa efectivo de Auditor\u00eda Posterior al Despacho Aduanero como una extensi\u00f3n del control Aduanero.<\/span><\/li><li><span style=\"color: #000000;\">Mejorar el control del movimiento f\u00edsico de personas y carga, incluyendo la evaluaci\u00f3n sobre la viabilidad de implementar un sistema de control electr\u00f3nico para contenedores de carga en los puertos.<\/span><\/li><li><span style=\"color: #000000;\">Implementar un proceso de mejora continua de la fiscalizaci\u00f3n selectiva y del proceso administrativo para cobrar los adeudos tributarios, incluyendo la capacitaci\u00f3n del personal si fuese necesario, realizando un piloto en las gerencias de contribuyentes especiales grandes y medianos.<\/span><\/li><li><span style=\"color: #000000;\">Evaluar la adecuaci\u00f3n de los sistemas inform\u00e1ticos con respecto a las pr\u00e1cticas internacionales, y si es necesario desarrollar propuestas de inversi\u00f3n para mejorar los sistemas documentando el an\u00e1lisis costo\/beneficio que respalde tales propuestas. Identificar e implementar medidas provisionales para mejorar el acceso y la utilidad de la informaci\u00f3n actualmente disponible a la SAT.<\/span><\/li><li><span style=\"color: #000000;\">Identificar fallas en la detecci\u00f3n y aplicaci\u00f3n de medidas sancionatorias y punitivas por la participaci\u00f3n de funcionarios y empleados de la SAT en il\u00edcitos y situaciones que ri\u00f1en con la \u00e9tica, y apoyar en la institucionalizaci\u00f3n de un mejor sistema de control para prevenir y castigar a quienes incurren en dichas situaciones, as\u00ed como capacitar al personal en esta materia.<\/span><\/li><\/ul><\/div>\n\t\t\t\t<\/div>\n\t\t\t\t<\/div>\n\t\t\t\t\t\t<\/div>\n\t\t\t\t\t<\/div>\n\t\t<\/div>\n\t\t\t\t\t\t\t\t<\/div>\n\t\t\t\t\t<\/div>\n\t\t<\/section>\n\t\t\t\t<section class=\"elementor-section elementor-top-section elementor-element elementor-element-79b7044 elementor-section-boxed elementor-section-height-default elementor-section-height-default\" data-id=\"79b7044\" data-element_type=\"section\">\n\t\t\t\t\t\t<div class=\"elementor-container elementor-column-gap-default\">\n\t\t\t\t\t\t\t<div class=\"elementor-row\">\n\t\t\t\t\t<div class=\"elementor-column elementor-col-50 elementor-top-column elementor-element elementor-element-d5f22f7\" data-id=\"d5f22f7\" data-element_type=\"column\">\n\t\t\t<div class=\"elementor-column-wrap elementor-element-populated\">\n\t\t\t\t\t\t\t<div class=\"elementor-widget-wrap\">\n\t\t\t\t\t\t<div class=\"elementor-element elementor-element-7ef2123 elementor-widget-divider--view-line elementor-widget elementor-widget-divider\" data-id=\"7ef2123\" data-element_type=\"widget\" data-widget_type=\"divider.default\">\n\t\t\t\t<div class=\"elementor-widget-container\">\n\t\t\t\t\t<div class=\"elementor-divider\">\n\t\t\t<span class=\"elementor-divider-separator\">\n\t\t\t\t\t\t<\/span>\n\t\t<\/div>\n\t\t\t\t<\/div>\n\t\t\t\t<\/div>\n\t\t\t\t\t\t<\/div>\n\t\t\t\t\t<\/div>\n\t\t<\/div>\n\t\t\t\t<div class=\"elementor-column elementor-col-50 elementor-top-column elementor-element elementor-element-8a0a3ab\" data-id=\"8a0a3ab\" data-element_type=\"column\">\n\t\t\t<div class=\"elementor-column-wrap elementor-element-populated\">\n\t\t\t\t\t\t\t<div class=\"elementor-widget-wrap\">\n\t\t\t\t\t\t<div class=\"elementor-element elementor-element-1d83f3d elementor-widget-divider--view-line elementor-widget elementor-widget-divider\" data-id=\"1d83f3d\" data-element_type=\"widget\" data-widget_type=\"divider.default\">\n\t\t\t\t<div class=\"elementor-widget-container\">\n\t\t\t\t\t<div class=\"elementor-divider\">\n\t\t\t<span class=\"elementor-divider-separator\">\n\t\t\t\t\t\t<\/span>\n\t\t<\/div>\n\t\t\t\t<\/div>\n\t\t\t\t<\/div>\n\t\t\t\t<div class=\"elementor-element elementor-element-1e13a2f elementor-widget elementor-widget-spacer\" data-id=\"1e13a2f\" data-element_type=\"widget\" data-widget_type=\"spacer.default\">\n\t\t\t\t<div class=\"elementor-widget-container\">\n\t\t\t\t\t<div class=\"elementor-spacer\">\n\t\t\t<div class=\"elementor-spacer-inner\"><\/div>\n\t\t<\/div>\n\t\t\t\t<\/div>\n\t\t\t\t<\/div>\n\t\t\t\t\t\t<\/div>\n\t\t\t\t\t<\/div>\n\t\t<\/div>\n\t\t\t\t\t\t\t\t<\/div>\n\t\t\t\t\t<\/div>\n\t\t<\/section>\n\t\t\t\t<section class=\"elementor-section elementor-top-section elementor-element elementor-element-7be33ba elementor-section-boxed elementor-section-height-default elementor-section-height-default\" data-id=\"7be33ba\" data-element_type=\"section\">\n\t\t\t\t\t\t<div class=\"elementor-container elementor-column-gap-default\">\n\t\t\t\t\t\t\t<div class=\"elementor-row\">\n\t\t\t\t\t<div class=\"elementor-column elementor-col-50 elementor-top-column elementor-element elementor-element-00c70b8\" data-id=\"00c70b8\" data-element_type=\"column\">\n\t\t\t<div class=\"elementor-column-wrap elementor-element-populated\">\n\t\t\t\t\t\t\t<div class=\"elementor-widget-wrap\">\n\t\t\t\t\t\t<div class=\"elementor-element elementor-element-6c901a2 elementor-widget elementor-widget-menu-anchor\" data-id=\"6c901a2\" data-element_type=\"widget\" data-widget_type=\"menu-anchor.default\">\n\t\t\t\t<div class=\"elementor-widget-container\">\n\t\t\t\t\t<div id=\"fortalecimiento\" class=\"elementor-menu-anchor\"><\/div>\n\t\t\t\t<\/div>\n\t\t\t\t<\/div>\n\t\t\t\t<div class=\"elementor-element elementor-element-310f38b elementor-widget elementor-widget-text-editor\" data-id=\"310f38b\" data-element_type=\"widget\" data-widget_type=\"text-editor.default\">\n\t\t\t\t<div class=\"elementor-widget-container\">\n\t\t\t\t\t<div class=\"elementor-text-editor elementor-clearfix\"><p style=\"text-align: center;\"><strong><span style=\"color: #1d70b7;\">Fortalecimiento de la Capacidad de Formar Alianzas P\u00fablico-Privadas <\/span><\/strong><\/p><p style=\"text-align: center;\"><strong><span style=\"color: #1d70b7;\">-APP-<\/span><\/strong><\/p><p style=\"text-align: center;\"><strong><span style=\"color: #1d70b7;\">\u00a0<\/span><\/strong><\/p><\/div>\n\t\t\t\t<\/div>\n\t\t\t\t<\/div>\n\t\t\t\t<div class=\"elementor-element elementor-element-61b5f67 elementor-widget elementor-widget-image\" data-id=\"61b5f67\" data-element_type=\"widget\" data-widget_type=\"image.default\">\n\t\t\t\t<div class=\"elementor-widget-container\">\n\t\t\t\t\t<div class=\"elementor-image\">\n\t\t\t\t\t\t\t\t\t\t<img width=\"709\" height=\"689\" src=\"https:\/\/www.pronacom.org\/wp-content\/uploads\/2019\/08\/MCC-2-01-05.png\" class=\"attachment-large size-large\" alt=\"\" loading=\"lazy\" srcset=\"https:\/\/www.pronacom.org\/wp-content\/uploads\/2019\/08\/MCC-2-01-05.png 709w, https:\/\/www.pronacom.org\/wp-content\/uploads\/2019\/08\/MCC-2-01-05-300x292.png 300w\" sizes=\"(max-width: 709px) 100vw, 709px\" \/>\t\t\t\t\t\t\t\t\t\t\t<\/div>\n\t\t\t\t<\/div>\n\t\t\t\t<\/div>\n\t\t\t\t\t\t<\/div>\n\t\t\t\t\t<\/div>\n\t\t<\/div>\n\t\t\t\t<div class=\"elementor-column elementor-col-50 elementor-top-column elementor-element elementor-element-07d29c6\" data-id=\"07d29c6\" data-element_type=\"column\">\n\t\t\t<div class=\"elementor-column-wrap elementor-element-populated\">\n\t\t\t\t\t\t\t<div class=\"elementor-widget-wrap\">\n\t\t\t\t\t\t<div class=\"elementor-element elementor-element-bce6764 elementor-widget elementor-widget-text-editor\" data-id=\"bce6764\" data-element_type=\"widget\" data-widget_type=\"text-editor.default\">\n\t\t\t\t<div class=\"elementor-widget-container\">\n\t\t\t\t\t<div class=\"elementor-text-editor elementor-clearfix\"><p><span style=\"color: #000000;\">El Programa apoya los esfuerzos del Gobierno, principalmente de la Agencia Nacional de Alianzas para el Desarrollo de Infraestructura Econ\u00f3mica -ANADIE-,\u00a0 para fomentar la capacidad de implementar las APP, promover su transparencia, evaluar los pasivos directos y contingentes, y promover uno o dos proyectos al mercado mediante el financiamiento de estudios de factibilidad que forman la base de la estructuraci\u00f3n t\u00e9cnica, financiera y jur\u00eddica; as\u00ed como el an\u00e1lisis de valor por dinero y otros requerimientos para que se puedan licitar los proyectos y servicios de asesoramiento a estas transacciones.<\/span><\/p><p><span style=\"color: #000000;\">MCC coordina esta asistencia con los esfuerzos realizados por el Banco Mundial y el Banco Interamericano de Desarrollo, entre otros; con el fin de promover la formaci\u00f3n de capacidades en la estructuraci\u00f3n e implementaci\u00f3n de proyectos bajo la modalidad de APP en las agencias gubernamentales en Guatemala, El Salvador y Honduras, para mejorar la capacidad y la consistencia de las pr\u00e1cticas de APP en toda la regi\u00f3n, as\u00ed como aumentar el impacto y la sostenibilidad de las inversiones de MCC.<\/span><\/p><p><span style=\"color: #000000;\">Para ello se est\u00e1 trabajando en los siguientes estudios t\u00e9cnicos:<\/span><\/p><ul><li><span style=\"color: #000000;\">Modernizaci\u00f3n, Eficiencia y Seguridad del Aeropuerto Internacional La Aurora de la Ciudad de Guatemala.<\/span><\/li><li><span style=\"color: #000000;\">Interconexi\u00f3n Vial y Transporte Ferroviario Urbano de pasajeros Eje Norte-Sur de la Ciudad de Guatemala.<\/span><\/li><li><span style=\"color: #000000;\">Contrataci\u00f3n de expertos internacionales certificados en APPs para brindar: actividades de capacitaci\u00f3n y sensibilizaci\u00f3n a autoridades, funcionarios y t\u00e9cnicos del sector p\u00fablico, diputados y actores del sector privado.<\/span><\/li><li><span style=\"color: #000000;\">Asesor\u00eda especializada a ANADIE y a otras instituciones involucradas para fortalecer sus capacidades en el desarrollo de los procesos para la implementaci\u00f3n de APPs.<\/span><\/li><\/ul><\/div>\n\t\t\t\t<\/div>\n\t\t\t\t<\/div>\n\t\t\t\t\t\t<\/div>\n\t\t\t\t\t<\/div>\n\t\t<\/div>\n\t\t\t\t\t\t\t\t<\/div>\n\t\t\t\t\t<\/div>\n\t\t<\/section>\n\t\t\t\t<section class=\"elementor-section elementor-top-section elementor-element elementor-element-a8cf15e elementor-section-boxed elementor-section-height-default elementor-section-height-default\" data-id=\"a8cf15e\" data-element_type=\"section\">\n\t\t\t\t\t\t<div class=\"elementor-container elementor-column-gap-default\">\n\t\t\t\t\t\t\t<div class=\"elementor-row\">\n\t\t\t\t\t<div class=\"elementor-column elementor-col-50 elementor-top-column elementor-element elementor-element-d9fbedb\" data-id=\"d9fbedb\" data-element_type=\"column\">\n\t\t\t<div class=\"elementor-column-wrap elementor-element-populated\">\n\t\t\t\t\t\t\t<div class=\"elementor-widget-wrap\">\n\t\t\t\t\t\t<div class=\"elementor-element elementor-element-7c28a41 elementor-widget-divider--view-line elementor-widget elementor-widget-divider\" data-id=\"7c28a41\" data-element_type=\"widget\" data-widget_type=\"divider.default\">\n\t\t\t\t<div class=\"elementor-widget-container\">\n\t\t\t\t\t<div class=\"elementor-divider\">\n\t\t\t<span class=\"elementor-divider-separator\">\n\t\t\t\t\t\t<\/span>\n\t\t<\/div>\n\t\t\t\t<\/div>\n\t\t\t\t<\/div>\n\t\t\t\t\t\t<\/div>\n\t\t\t\t\t<\/div>\n\t\t<\/div>\n\t\t\t\t<div class=\"elementor-column elementor-col-50 elementor-top-column elementor-element elementor-element-7820a3b\" data-id=\"7820a3b\" data-element_type=\"column\">\n\t\t\t<div class=\"elementor-column-wrap elementor-element-populated\">\n\t\t\t\t\t\t\t<div class=\"elementor-widget-wrap\">\n\t\t\t\t\t\t<div class=\"elementor-element elementor-element-9e07e33 elementor-widget-divider--view-line elementor-widget elementor-widget-divider\" data-id=\"9e07e33\" data-element_type=\"widget\" data-widget_type=\"divider.default\">\n\t\t\t\t<div class=\"elementor-widget-container\">\n\t\t\t\t\t<div class=\"elementor-divider\">\n\t\t\t<span class=\"elementor-divider-separator\">\n\t\t\t\t\t\t<\/span>\n\t\t<\/div>\n\t\t\t\t<\/div>\n\t\t\t\t<\/div>\n\t\t\t\t<div class=\"elementor-element elementor-element-44257f4 elementor-widget elementor-widget-spacer\" data-id=\"44257f4\" data-element_type=\"widget\" data-widget_type=\"spacer.default\">\n\t\t\t\t<div class=\"elementor-widget-container\">\n\t\t\t\t\t<div class=\"elementor-spacer\">\n\t\t\t<div class=\"elementor-spacer-inner\"><\/div>\n\t\t<\/div>\n\t\t\t\t<\/div>\n\t\t\t\t<\/div>\n\t\t\t\t\t\t<\/div>\n\t\t\t\t\t<\/div>\n\t\t<\/div>\n\t\t\t\t\t\t\t\t<\/div>\n\t\t\t\t\t<\/div>\n\t\t<\/section>\n\t\t\t\t\t\t<\/div>\n\t\t\t\t\t\t<\/div>\n\t\t\t\t\t<\/div>","protected":false},"excerpt":{"rendered":"<p>Mejorar la Administraci\u00f3n Tributaria y de Aduanas La donaci\u00f3n financia servicios de asistencia t\u00e9cnica que apoyan al Gobierno, principalmente a la Superintendencia de Administraci\u00f3n Tributaria -SAT- en emprender cambios institucionales para: Implementar un marco y una estrategia s\u00f3lidos de manejo de riesgo que integre a tributos internos y a aduanas. Establecer un programa efectivo de &hellip;<\/p>","protected":false},"author":2,"featured_media":0,"parent":0,"menu_order":0,"comment_status":"closed","ping_status":"closed","template":"template-fullwidth.php","meta":[],"yoast_head":"<!-- This site is optimized with the Yoast SEO plugin v15.6.2 - https:\/\/yoast.com\/wordpress\/plugins\/seo\/ -->\n<title>Proyecto de Movilizaci\u00f3n de Recursos - PRONACOM<\/title>\n<meta name=\"robots\" content=\"index, follow, max-snippet:-1, max-image-preview:large, max-video-preview:-1\" \/>\n<link rel=\"canonical\" href=\"https:\/\/www.pronacom.org\/en\/proyectos-de-movilizacion-de-recursos\/\" \/>\n<meta property=\"og:locale\" content=\"en_US\" \/>\n<meta property=\"og:type\" content=\"article\" \/>\n<meta property=\"og:title\" content=\"Proyecto de Movilizaci\u00f3n de Recursos - PRONACOM\" \/>\n<meta property=\"og:description\" content=\"Mejorar la Administraci\u00f3n Tributaria y de Aduanas La donaci\u00f3n financia servicios de asistencia t\u00e9cnica que apoyan al Gobierno, principalmente a la Superintendencia de Administraci\u00f3n Tributaria -SAT- en emprender cambios institucionales para: Implementar un marco y una estrategia s\u00f3lidos de manejo de riesgo que integre a tributos internos y a aduanas. Establecer un programa efectivo de &hellip;\" \/>\n<meta property=\"og:url\" content=\"https:\/\/www.pronacom.org\/en\/proyectos-de-movilizacion-de-recursos\/\" \/>\n<meta property=\"og:site_name\" content=\"PRONACOM\" \/>\n<meta property=\"article:publisher\" content=\"https:\/\/www.facebook.com\/Pronacomgt\/\" \/>\n<meta property=\"article:modified_time\" content=\"2019-08-12T17:55:42+00:00\" \/>\n<meta property=\"og:image\" content=\"https:\/\/www.pronacom.org\/wp-content\/uploads\/2019\/08\/MCC-2-01-04.png\" \/>\n<meta name=\"twitter:card\" content=\"summary_large_image\" \/>\n<meta name=\"twitter:site\" content=\"@PRONACOMGT\" \/>\n<meta name=\"twitter:label1\" content=\"Est. reading time\">\n\t<meta name=\"twitter:data1\" content=\"3 minutes\">\n<script type=\"application\/ld+json\" class=\"yoast-schema-graph\">{\"@context\":\"https:\/\/schema.org\",\"@graph\":[{\"@type\":\"Organization\",\"@id\":\"https:\/\/www.pronacom.org\/en\/#organization\",\"name\":\"PRONACOM\",\"url\":\"https:\/\/www.pronacom.org\/en\/\",\"sameAs\":[\"https:\/\/www.facebook.com\/Pronacomgt\/\",\"https:\/\/www.instagram.com\/pronacomgt\/\",\"https:\/\/www.linkedin.com\/authwall?trk=gf&amp;amp;amp;trkInfo=AQGH7Mi-f70EDAAAAWv5JAmoGFXJ8B2rxURVcu6cPIj-oDKkC19SAMj6UtFyNiKz20TkwAXGNiSB81fV5dt-WXgm3GdF9CLAhH4xONAQukTUqZy1I5ETfhu_C16iHxO-aFrINSU=&amp;amp;amp;originalReferer&amp;amp;amp;sessionRedirect=https:\/\/gt.linkedin.com\/company\/pronacom\",\"https:\/\/www.youtube.com\/channel\/UCw3KIgxOkQQjvGQvvTfH6tA\",\"https:\/\/twitter.com\/PRONACOMGT\"],\"logo\":{\"@type\":\"ImageObject\",\"@id\":\"https:\/\/www.pronacom.org\/en\/#logo\",\"inLanguage\":\"en-US\",\"url\":\"https:\/\/www.pronacom.org\/wp-content\/uploads\/2019\/03\/Logo-Pronacom.png\",\"width\":842,\"height\":209,\"caption\":\"PRONACOM\"},\"image\":{\"@id\":\"https:\/\/www.pronacom.org\/en\/#logo\"}},{\"@type\":\"WebSite\",\"@id\":\"https:\/\/www.pronacom.org\/en\/#website\",\"url\":\"https:\/\/www.pronacom.org\/en\/\",\"name\":\"PRONACOM\",\"description\":\"\",\"publisher\":{\"@id\":\"https:\/\/www.pronacom.org\/en\/#organization\"},\"potentialAction\":[{\"@type\":\"SearchAction\",\"target\":\"https:\/\/www.pronacom.org\/en\/?s={search_term_string}\",\"query-input\":\"required name=search_term_string\"}],\"inLanguage\":\"en-US\"},{\"@type\":\"ImageObject\",\"@id\":\"https:\/\/www.pronacom.org\/en\/proyectos-de-movilizacion-de-recursos\/#primaryimage\",\"inLanguage\":\"en-US\",\"url\":\"https:\/\/www.pronacom.org\/wp-content\/uploads\/2019\/08\/MCC-2-01-04.png\",\"width\":792,\"height\":689},{\"@type\":\"WebPage\",\"@id\":\"https:\/\/www.pronacom.org\/en\/proyectos-de-movilizacion-de-recursos\/#webpage\",\"url\":\"https:\/\/www.pronacom.org\/en\/proyectos-de-movilizacion-de-recursos\/\",\"name\":\"Proyecto de Movilizaci\\u00f3n de Recursos - PRONACOM\",\"isPartOf\":{\"@id\":\"https:\/\/www.pronacom.org\/en\/#website\"},\"primaryImageOfPage\":{\"@id\":\"https:\/\/www.pronacom.org\/en\/proyectos-de-movilizacion-de-recursos\/#primaryimage\"},\"datePublished\":\"2019-07-06T03:01:59+00:00\",\"dateModified\":\"2019-08-12T17:55:42+00:00\",\"inLanguage\":\"en-US\",\"potentialAction\":[{\"@type\":\"ReadAction\",\"target\":[\"https:\/\/www.pronacom.org\/en\/proyectos-de-movilizacion-de-recursos\/\"]}]}]}<\/script>\n<!-- \/ Yoast SEO plugin. -->","_links":{"self":[{"href":"https:\/\/www.pronacom.org\/en\/wp-json\/wp\/v2\/pages\/9297"}],"collection":[{"href":"https:\/\/www.pronacom.org\/en\/wp-json\/wp\/v2\/pages"}],"about":[{"href":"https:\/\/www.pronacom.org\/en\/wp-json\/wp\/v2\/types\/page"}],"author":[{"embeddable":true,"href":"https:\/\/www.pronacom.org\/en\/wp-json\/wp\/v2\/users\/2"}],"replies":[{"embeddable":true,"href":"https:\/\/www.pronacom.org\/en\/wp-json\/wp\/v2\/comments?post=9297"}],"version-history":[{"count":14,"href":"https:\/\/www.pronacom.org\/en\/wp-json\/wp\/v2\/pages\/9297\/revisions"}],"predecessor-version":[{"id":11283,"href":"https:\/\/www.pronacom.org\/en\/wp-json\/wp\/v2\/pages\/9297\/revisions\/11283"}],"wp:attachment":[{"href":"https:\/\/www.pronacom.org\/en\/wp-json\/wp\/v2\/media?parent=9297"}],"curies":[{"name":"wp","href":"https:\/\/api.w.org\/{rel}","templated":true}]}}