{"id":9053,"date":"2019-07-05T15:37:31","date_gmt":"2019-07-05T21:37:31","guid":{"rendered":"http:\/\/34.73.84.172\/?page_id=9053"},"modified":"2024-06-11T12:31:31","modified_gmt":"2024-06-11T18:31:31","slug":"agenda-legislativa-competitividad","status":"publish","type":"page","link":"https:\/\/www.pronacom.org\/en\/agenda-legislativa-competitividad\/","title":{"rendered":"Legislative analysis"},"content":{"rendered":"<div data-elementor-type=\"wp-post\" data-elementor-id=\"9053\" class=\"elementor elementor-9053\" data-elementor-settings=\"[]\">\n\t\t\t\t\t\t<div class=\"elementor-inner\">\n\t\t\t\t\t\t\t<div class=\"elementor-section-wrap\">\n\t\t\t\t\t\t\t<section class=\"elementor-section elementor-top-section elementor-element elementor-element-44ba128a elementor-section-boxed elementor-section-height-default elementor-section-height-default\" data-id=\"44ba128a\" data-element_type=\"section\">\n\t\t\t\t\t\t<div class=\"elementor-container elementor-column-gap-default\">\n\t\t\t\t\t\t\t<div class=\"elementor-row\">\n\t\t\t\t\t<div class=\"elementor-column elementor-col-100 elementor-top-column elementor-element elementor-element-50e8e9b2\" data-id=\"50e8e9b2\" data-element_type=\"column\">\n\t\t\t<div class=\"elementor-column-wrap elementor-element-populated\">\n\t\t\t\t\t\t\t<div class=\"elementor-widget-wrap\">\n\t\t\t\t\t\t<div class=\"elementor-element elementor-element-6e9ee9e8 elementor-widget elementor-widget-text-editor\" data-id=\"6e9ee9e8\" data-element_type=\"widget\" data-widget_type=\"text-editor.default\">\n\t\t\t\t<div class=\"elementor-widget-container\">\n\t\t\t\t\t<div class=\"elementor-text-editor elementor-clearfix\"><p>Como parte de las mejoras al Clima de Negocios,\u00a0<strong>PRONACOM\u00a0<\/strong>se dedica a apoyar y analizar anteproyectos e iniciativas de ley para identificar y difundir aquellas que fomenten el desarrollo econ\u00f3mico y la competitividad del pa\u00eds. Adem\u00e1s, promueve e impulsa proyectos ya aprobados que aportan a este fin y a las acciones del Programa.<\/p><p>Paralelamente, define temas relacionados al desarrollo econ\u00f3mico, productividad y competitividad que se podr\u00edan potencializar con el debido sustento jur\u00eddico para desarrollar anteproyectos de ley y propuestas de enmienda a la legislaci\u00f3n vigente.\u00a0<\/p><p>Apoyos que ha realizado el Programa:\u00a0<\/p><\/div>\n\t\t\t\t<\/div>\n\t\t\t\t<\/div>\n\t\t\t\t\t\t<\/div>\n\t\t\t\t\t<\/div>\n\t\t<\/div>\n\t\t\t\t\t\t\t\t<\/div>\n\t\t\t\t\t<\/div>\n\t\t<\/section>\n\t\t\t\t<section class=\"elementor-section elementor-top-section elementor-element elementor-element-1863bab elementor-section-boxed elementor-section-height-default elementor-section-height-default\" data-id=\"1863bab\" data-element_type=\"section\">\n\t\t\t\t\t\t<div class=\"elementor-container elementor-column-gap-default\">\n\t\t\t\t\t\t\t<div class=\"elementor-row\">\n\t\t\t\t\t<div class=\"elementor-column elementor-col-100 elementor-top-column elementor-element elementor-element-25419db\" data-id=\"25419db\" data-element_type=\"column\">\n\t\t\t<div class=\"elementor-column-wrap elementor-element-populated\">\n\t\t\t\t\t\t\t<div class=\"elementor-widget-wrap\">\n\t\t\t\t\t\t<section class=\"elementor-section elementor-inner-section elementor-element elementor-element-b06ea31 elementor-section-boxed elementor-section-height-default elementor-section-height-default\" data-id=\"b06ea31\" data-element_type=\"section\">\n\t\t\t\t\t\t<div class=\"elementor-container elementor-column-gap-default\">\n\t\t\t\t\t\t\t<div class=\"elementor-row\">\n\t\t\t\t\t<div class=\"elementor-column elementor-col-50 elementor-inner-column elementor-element elementor-element-080a853\" data-id=\"080a853\" data-element_type=\"column\">\n\t\t\t<div class=\"elementor-column-wrap elementor-element-populated\">\n\t\t\t\t\t\t\t<div class=\"elementor-widget-wrap\">\n\t\t\t\t\t\t<div class=\"elementor-element elementor-element-c7880c3 elementor-widget elementor-widget-text-editor\" data-id=\"c7880c3\" data-element_type=\"widget\" data-widget_type=\"text-editor.default\">\n\t\t\t\t<div class=\"elementor-widget-container\">\n\t\t\t\t\t<div class=\"elementor-text-editor elementor-clearfix\"><p style=\"text-align: center;\"><span style=\"font-family: 'Open Sans';\"><strong><span style=\"color: #000000;\">Decreto 8-2022<\/span><br \/><a href=\"https:\/\/www.pronacom.org\/wp-content\/uploads\/2022\/03\/Decreto-8-2022-Ley-de-Insolvencia.pdf\" target=\"_blank\" rel=\"noopener\">Ley de Insolvencia<\/a><\/strong><\/span><\/p><\/div>\n\t\t\t\t<\/div>\n\t\t\t\t<\/div>\n\t\t\t\t<div class=\"elementor-element elementor-element-aa533b8 elementor-widget elementor-widget-image\" data-id=\"aa533b8\" data-element_type=\"widget\" data-widget_type=\"image.default\">\n\t\t\t\t<div class=\"elementor-widget-container\">\n\t\t\t\t\t<div class=\"elementor-image\">\n\t\t\t\t\t\t\t\t\t\t\t<a href=\"https:\/\/www.pronacom.org\/wp-content\/uploads\/2022\/03\/Decreto-8-2022-Ley-de-Insolvencia.pdf\" target=\"_blank\">\n\t\t\t\t\t\t\t<img width=\"602\" height=\"200\" src=\"https:\/\/www.pronacom.org\/wp-content\/uploads\/2022\/03\/Pagina-web-8-2022-insolvencia.jpg\" class=\"attachment-large size-large\" alt=\"\" loading=\"lazy\" srcset=\"https:\/\/www.pronacom.org\/wp-content\/uploads\/2022\/03\/Pagina-web-8-2022-insolvencia.jpg 602w, https:\/\/www.pronacom.org\/wp-content\/uploads\/2022\/03\/Pagina-web-8-2022-insolvencia-300x100.jpg 300w, https:\/\/www.pronacom.org\/wp-content\/uploads\/2022\/03\/Pagina-web-8-2022-insolvencia-16x5.jpg 16w\" sizes=\"(max-width: 602px) 100vw, 602px\" \/>\t\t\t\t\t\t\t\t<\/a>\n\t\t\t\t\t\t\t\t\t\t\t<\/div>\n\t\t\t\t<\/div>\n\t\t\t\t<\/div>\n\t\t\t\t<div class=\"elementor-element elementor-element-bba07e4 elementor-widget-divider--view-line elementor-widget elementor-widget-divider\" data-id=\"bba07e4\" data-element_type=\"widget\" data-widget_type=\"divider.default\">\n\t\t\t\t<div class=\"elementor-widget-container\">\n\t\t\t\t\t<div class=\"elementor-divider\">\n\t\t\t<span class=\"elementor-divider-separator\">\n\t\t\t\t\t\t<\/span>\n\t\t<\/div>\n\t\t\t\t<\/div>\n\t\t\t\t<\/div>\n\t\t\t\t\t\t<\/div>\n\t\t\t\t\t<\/div>\n\t\t<\/div>\n\t\t\t\t<div class=\"elementor-column elementor-col-50 elementor-inner-column elementor-element elementor-element-967aaf9\" data-id=\"967aaf9\" data-element_type=\"column\">\n\t\t\t<div class=\"elementor-column-wrap elementor-element-populated\">\n\t\t\t\t\t\t\t<div class=\"elementor-widget-wrap\">\n\t\t\t\t\t\t<div class=\"elementor-element elementor-element-2d87852 elementor-widget elementor-widget-text-editor\" data-id=\"2d87852\" data-element_type=\"widget\" data-widget_type=\"text-editor.default\">\n\t\t\t\t<div class=\"elementor-widget-container\">\n\t\t\t\t\t<div class=\"elementor-text-editor elementor-clearfix\"><p style=\"text-align: center;\"><span style=\"font-family: 'Open Sans';\"><strong><span style=\"color: #000000;\">Acuerdo Gubernativo 65-2022<\/span><br \/><a href=\"https:\/\/www.pronacom.org\/wp-content\/uploads\/2022\/03\/Acuerdo-G-65-2022.pdf\" target=\"_blank\" rel=\"noopener\">Reformas al Reglamento de la Ley de Zonas Francas<\/a><\/strong><\/span><\/p><\/div>\n\t\t\t\t<\/div>\n\t\t\t\t<\/div>\n\t\t\t\t<div class=\"elementor-element elementor-element-98d71b7 elementor-widget elementor-widget-image\" data-id=\"98d71b7\" data-element_type=\"widget\" data-widget_type=\"image.default\">\n\t\t\t\t<div class=\"elementor-widget-container\">\n\t\t\t\t\t<div class=\"elementor-image\">\n\t\t\t\t\t\t\t\t\t\t\t<a href=\"https:\/\/www.pronacom.org\/wp-content\/uploads\/2022\/03\/Acuerdo-G-65-2022.pdf\" target=\"_blank\">\n\t\t\t\t\t\t\t<img width=\"598\" height=\"186\" src=\"https:\/\/www.pronacom.org\/wp-content\/uploads\/2022\/03\/65-2022.jpg\" class=\"attachment-large size-large\" alt=\"\" loading=\"lazy\" srcset=\"https:\/\/www.pronacom.org\/wp-content\/uploads\/2022\/03\/65-2022.jpg 598w, https:\/\/www.pronacom.org\/wp-content\/uploads\/2022\/03\/65-2022-300x93.jpg 300w, https:\/\/www.pronacom.org\/wp-content\/uploads\/2022\/03\/65-2022-16x5.jpg 16w\" sizes=\"(max-width: 598px) 100vw, 598px\" \/>\t\t\t\t\t\t\t\t<\/a>\n\t\t\t\t\t\t\t\t\t\t\t<\/div>\n\t\t\t\t<\/div>\n\t\t\t\t<\/div>\n\t\t\t\t<div class=\"elementor-element elementor-element-c71c26e elementor-widget-divider--view-line elementor-widget elementor-widget-divider\" data-id=\"c71c26e\" data-element_type=\"widget\" data-widget_type=\"divider.default\">\n\t\t\t\t<div class=\"elementor-widget-container\">\n\t\t\t\t\t<div class=\"elementor-divider\">\n\t\t\t<span class=\"elementor-divider-separator\">\n\t\t\t\t\t\t<\/span>\n\t\t<\/div>\n\t\t\t\t<\/div>\n\t\t\t\t<\/div>\n\t\t\t\t\t\t<\/div>\n\t\t\t\t\t<\/div>\n\t\t<\/div>\n\t\t\t\t\t\t\t\t<\/div>\n\t\t\t\t\t<\/div>\n\t\t<\/section>\n\t\t\t\t\t\t<\/div>\n\t\t\t\t\t<\/div>\n\t\t<\/div>\n\t\t\t\t\t\t\t\t<\/div>\n\t\t\t\t\t<\/div>\n\t\t<\/section>\n\t\t\t\t<section class=\"elementor-section elementor-top-section elementor-element elementor-element-17d539e elementor-section-boxed elementor-section-height-default elementor-section-height-default\" data-id=\"17d539e\" data-element_type=\"section\">\n\t\t\t\t\t\t<div class=\"elementor-container elementor-column-gap-default\">\n\t\t\t\t\t\t\t<div class=\"elementor-row\">\n\t\t\t\t\t<div class=\"elementor-column elementor-col-100 elementor-top-column elementor-element elementor-element-8f70cf2\" data-id=\"8f70cf2\" data-element_type=\"column\">\n\t\t\t<div class=\"elementor-column-wrap elementor-element-populated\">\n\t\t\t\t\t\t\t<div class=\"elementor-widget-wrap\">\n\t\t\t\t\t\t<section class=\"elementor-section elementor-inner-section elementor-element elementor-element-a5c0fe7 elementor-section-boxed elementor-section-height-default elementor-section-height-default\" data-id=\"a5c0fe7\" data-element_type=\"section\">\n\t\t\t\t\t\t<div class=\"elementor-container elementor-column-gap-default\">\n\t\t\t\t\t\t\t<div class=\"elementor-row\">\n\t\t\t\t\t<div class=\"elementor-column elementor-col-50 elementor-inner-column elementor-element elementor-element-20ec121\" data-id=\"20ec121\" data-element_type=\"column\">\n\t\t\t<div class=\"elementor-column-wrap elementor-element-populated\">\n\t\t\t\t\t\t\t<div class=\"elementor-widget-wrap\">\n\t\t\t\t\t\t<div class=\"elementor-element elementor-element-a00d224 elementor-widget elementor-widget-text-editor\" data-id=\"a00d224\" data-element_type=\"widget\" data-widget_type=\"text-editor.default\">\n\t\t\t\t<div class=\"elementor-widget-container\">\n\t\t\t\t\t<div class=\"elementor-text-editor elementor-clearfix\"><p style=\"text-align: center;\"><span style=\"font-family: 'Open Sans';\"><strong><span style=\"color: #000000;\">Decreto 6-2021<\/span><br \/><a href=\"https:\/\/www.pronacom.org\/wp-content\/uploads\/2022\/01\/Dto.-6-2021-reformas-al-Dto.-65-89-Ley-de-Zonas-Francas.pdf\" target=\"_blank\" rel=\"noopener\">Reformas a la Ley de Zonas Francas<\/a><\/strong><\/span><\/p><\/div>\n\t\t\t\t<\/div>\n\t\t\t\t<\/div>\n\t\t\t\t<div class=\"elementor-element elementor-element-2b072f5 elementor-widget elementor-widget-image\" data-id=\"2b072f5\" data-element_type=\"widget\" data-widget_type=\"image.default\">\n\t\t\t\t<div class=\"elementor-widget-container\">\n\t\t\t\t\t<div class=\"elementor-image\">\n\t\t\t\t\t\t\t\t\t\t\t<a href=\"https:\/\/www.pronacom.org\/wp-content\/uploads\/2022\/01\/Dto.-6-2021-reformas-al-Dto.-65-89-Ley-de-Zonas-Francas.pdf\" target=\"_blank\">\n\t\t\t\t\t\t\t<img width=\"675\" height=\"195\" src=\"https:\/\/www.pronacom.org\/wp-content\/uploads\/2022\/01\/6-2021.jpg\" class=\"attachment-large size-large\" alt=\"\" loading=\"lazy\" srcset=\"https:\/\/www.pronacom.org\/wp-content\/uploads\/2022\/01\/6-2021.jpg 675w, https:\/\/www.pronacom.org\/wp-content\/uploads\/2022\/01\/6-2021-300x87.jpg 300w, https:\/\/www.pronacom.org\/wp-content\/uploads\/2022\/01\/6-2021-16x5.jpg 16w\" sizes=\"(max-width: 675px) 100vw, 675px\" \/>\t\t\t\t\t\t\t\t<\/a>\n\t\t\t\t\t\t\t\t\t\t\t<\/div>\n\t\t\t\t<\/div>\n\t\t\t\t<\/div>\n\t\t\t\t<div class=\"elementor-element elementor-element-8fef9a0 elementor-widget-divider--view-line elementor-widget elementor-widget-divider\" data-id=\"8fef9a0\" data-element_type=\"widget\" data-widget_type=\"divider.default\">\n\t\t\t\t<div class=\"elementor-widget-container\">\n\t\t\t\t\t<div class=\"elementor-divider\">\n\t\t\t<span class=\"elementor-divider-separator\">\n\t\t\t\t\t\t<\/span>\n\t\t<\/div>\n\t\t\t\t<\/div>\n\t\t\t\t<\/div>\n\t\t\t\t\t\t<\/div>\n\t\t\t\t\t<\/div>\n\t\t<\/div>\n\t\t\t\t<div class=\"elementor-column elementor-col-50 elementor-inner-column elementor-element elementor-element-544a5be\" data-id=\"544a5be\" data-element_type=\"column\">\n\t\t\t<div class=\"elementor-column-wrap elementor-element-populated\">\n\t\t\t\t\t\t\t<div class=\"elementor-widget-wrap\">\n\t\t\t\t\t\t<div class=\"elementor-element elementor-element-a2ea82f elementor-widget elementor-widget-text-editor\" data-id=\"a2ea82f\" data-element_type=\"widget\" data-widget_type=\"text-editor.default\">\n\t\t\t\t<div class=\"elementor-widget-container\">\n\t\t\t\t\t<div class=\"elementor-text-editor elementor-clearfix\"><p style=\"text-align: center;\"><span style=\"font-family: 'Open Sans';\"><strong><span style=\"color: #000000;\">Decreto 18-2021<\/span> <a href=\"https:\/\/www.pronacom.org\/wp-content\/uploads\/2022\/01\/Dto.-18-2021-Contrato-de-Alianzas-para-el-Desarrollo-APP-Autopista-Escuintla-PuertoQuetzal.pdf\" target=\"_blank\" rel=\"noopener\">Contrato de Alianzas para el Desarrollo de Infraestructura &#8211; Autopista Escuintla-Puerto Quetzal<\/a><\/strong><\/span><\/p><\/div>\n\t\t\t\t<\/div>\n\t\t\t\t<\/div>\n\t\t\t\t<div class=\"elementor-element elementor-element-90883ac elementor-widget elementor-widget-image\" data-id=\"90883ac\" data-element_type=\"widget\" data-widget_type=\"image.default\">\n\t\t\t\t<div class=\"elementor-widget-container\">\n\t\t\t\t\t<div class=\"elementor-image\">\n\t\t\t\t\t\t\t\t\t\t\t<a href=\"https:\/\/www.pronacom.org\/wp-content\/uploads\/2022\/01\/Dto.-18-2021-Contrato-de-Alianzas-para-el-Desarrollo-APP-Autopista-Escuintla-PuertoQuetzal.pdf\" target=\"_blank\">\n\t\t\t\t\t\t\t<img width=\"675\" height=\"195\" src=\"https:\/\/www.pronacom.org\/wp-content\/uploads\/2022\/01\/18-2021.jpg\" class=\"attachment-large size-large\" alt=\"\" loading=\"lazy\" srcset=\"https:\/\/www.pronacom.org\/wp-content\/uploads\/2022\/01\/18-2021.jpg 675w, https:\/\/www.pronacom.org\/wp-content\/uploads\/2022\/01\/18-2021-300x87.jpg 300w, https:\/\/www.pronacom.org\/wp-content\/uploads\/2022\/01\/18-2021-16x5.jpg 16w\" sizes=\"(max-width: 675px) 100vw, 675px\" \/>\t\t\t\t\t\t\t\t<\/a>\n\t\t\t\t\t\t\t\t\t\t\t<\/div>\n\t\t\t\t<\/div>\n\t\t\t\t<\/div>\n\t\t\t\t<div class=\"elementor-element elementor-element-419d5ae elementor-widget-divider--view-line elementor-widget elementor-widget-divider\" data-id=\"419d5ae\" data-element_type=\"widget\" data-widget_type=\"divider.default\">\n\t\t\t\t<div class=\"elementor-widget-container\">\n\t\t\t\t\t<div class=\"elementor-divider\">\n\t\t\t<span class=\"elementor-divider-separator\">\n\t\t\t\t\t\t<\/span>\n\t\t<\/div>\n\t\t\t\t<\/div>\n\t\t\t\t<\/div>\n\t\t\t\t\t\t<\/div>\n\t\t\t\t\t<\/div>\n\t\t<\/div>\n\t\t\t\t\t\t\t\t<\/div>\n\t\t\t\t\t<\/div>\n\t\t<\/section>\n\t\t\t\t\t\t<\/div>\n\t\t\t\t\t<\/div>\n\t\t<\/div>\n\t\t\t\t\t\t\t\t<\/div>\n\t\t\t\t\t<\/div>\n\t\t<\/section>\n\t\t\t\t<section class=\"elementor-section elementor-top-section elementor-element elementor-element-777b418 elementor-section-boxed elementor-section-height-default elementor-section-height-default\" data-id=\"777b418\" data-element_type=\"section\">\n\t\t\t\t\t\t<div class=\"elementor-container elementor-column-gap-default\">\n\t\t\t\t\t\t\t<div class=\"elementor-row\">\n\t\t\t\t\t<div class=\"elementor-column elementor-col-100 elementor-top-column elementor-element elementor-element-9713e39\" data-id=\"9713e39\" data-element_type=\"column\">\n\t\t\t<div class=\"elementor-column-wrap elementor-element-populated\">\n\t\t\t\t\t\t\t<div class=\"elementor-widget-wrap\">\n\t\t\t\t\t\t<section class=\"elementor-section elementor-inner-section elementor-element elementor-element-2878e59 elementor-section-boxed elementor-section-height-default elementor-section-height-default\" data-id=\"2878e59\" data-element_type=\"section\">\n\t\t\t\t\t\t<div class=\"elementor-container elementor-column-gap-default\">\n\t\t\t\t\t\t\t<div class=\"elementor-row\">\n\t\t\t\t\t<div class=\"elementor-column elementor-col-50 elementor-inner-column elementor-element elementor-element-b447a61\" data-id=\"b447a61\" data-element_type=\"column\">\n\t\t\t<div class=\"elementor-column-wrap elementor-element-populated\">\n\t\t\t\t\t\t\t<div class=\"elementor-widget-wrap\">\n\t\t\t\t\t\t<div class=\"elementor-element elementor-element-b93fb7a elementor-widget elementor-widget-text-editor\" data-id=\"b93fb7a\" data-element_type=\"widget\" data-widget_type=\"text-editor.default\">\n\t\t\t\t<div class=\"elementor-widget-container\">\n\t\t\t\t\t<div class=\"elementor-text-editor elementor-clearfix\"><p style=\"text-align: center;\"><strong><span style=\"font-family: 'Open Sans';\"><span style=\"color: #000000;\">Decreto 2-2021<\/span><br \/><a href=\"https:\/\/www.pronacom.org\/wp-content\/uploads\/2022\/01\/Dto.-2-2021-Ley-de-Leasing.pdf\" target=\"_blank\" rel=\"noopener\">Ley de Leasing<\/a><\/span><\/strong><\/p><\/div>\n\t\t\t\t<\/div>\n\t\t\t\t<\/div>\n\t\t\t\t<div class=\"elementor-element elementor-element-abd2cb0 elementor-widget elementor-widget-image\" data-id=\"abd2cb0\" data-element_type=\"widget\" data-widget_type=\"image.default\">\n\t\t\t\t<div class=\"elementor-widget-container\">\n\t\t\t\t\t<div class=\"elementor-image\">\n\t\t\t\t\t\t\t\t\t\t\t<a href=\"https:\/\/www.pronacom.org\/wp-content\/uploads\/2022\/01\/Dto.-2-2021-Ley-de-Leasing.pdf\" target=\"_blank\">\n\t\t\t\t\t\t\t<img width=\"675\" height=\"195\" src=\"https:\/\/www.pronacom.org\/wp-content\/uploads\/2022\/01\/2-2021.jpg\" class=\"attachment-large size-large\" alt=\"Decreto 2-2021 Ley Leasing\" loading=\"lazy\" srcset=\"https:\/\/www.pronacom.org\/wp-content\/uploads\/2022\/01\/2-2021.jpg 675w, https:\/\/www.pronacom.org\/wp-content\/uploads\/2022\/01\/2-2021-300x87.jpg 300w, https:\/\/www.pronacom.org\/wp-content\/uploads\/2022\/01\/2-2021-16x5.jpg 16w\" sizes=\"(max-width: 675px) 100vw, 675px\" \/>\t\t\t\t\t\t\t\t<\/a>\n\t\t\t\t\t\t\t\t\t\t\t<\/div>\n\t\t\t\t<\/div>\n\t\t\t\t<\/div>\n\t\t\t\t<div class=\"elementor-element elementor-element-5347cc3 elementor-widget-divider--view-line elementor-widget elementor-widget-divider\" data-id=\"5347cc3\" data-element_type=\"widget\" data-widget_type=\"divider.default\">\n\t\t\t\t<div class=\"elementor-widget-container\">\n\t\t\t\t\t<div class=\"elementor-divider\">\n\t\t\t<span class=\"elementor-divider-separator\">\n\t\t\t\t\t\t<\/span>\n\t\t<\/div>\n\t\t\t\t<\/div>\n\t\t\t\t<\/div>\n\t\t\t\t\t\t<\/div>\n\t\t\t\t\t<\/div>\n\t\t<\/div>\n\t\t\t\t<div class=\"elementor-column elementor-col-50 elementor-inner-column elementor-element elementor-element-a7945c7\" data-id=\"a7945c7\" data-element_type=\"column\">\n\t\t\t<div class=\"elementor-column-wrap elementor-element-populated\">\n\t\t\t\t\t\t\t<div class=\"elementor-widget-wrap\">\n\t\t\t\t\t\t<div class=\"elementor-element elementor-element-40cc593 elementor-widget elementor-widget-text-editor\" data-id=\"40cc593\" data-element_type=\"widget\" data-widget_type=\"text-editor.default\">\n\t\t\t\t<div class=\"elementor-widget-container\">\n\t\t\t\t\t<div class=\"elementor-text-editor elementor-clearfix\"><p style=\"text-align: center;\"><strong><span style=\"font-family: 'Open Sans';\"><span style=\"color: #000000;\">Decreto 5-2021\u00a0<\/span><a href=\"https:\/\/www.pronacom.org\/wp-content\/uploads\/2022\/01\/Dto.-5-2021-Ley-de-Simplificacion-de-Requisitos-y-Tramites-Administrativos.pdf\" target=\"_blank\" rel=\"noopener\">Ley para la Simplificaci\u00f3n <\/a><br \/><a href=\"\/en\/_wp_link_placeholder\/\">de Requisitos y Tr\u00e1mites Administrativos<\/a><\/span><\/strong><\/p><\/div>\n\t\t\t\t<\/div>\n\t\t\t\t<\/div>\n\t\t\t\t<div class=\"elementor-element elementor-element-416d0b4 elementor-widget elementor-widget-image\" data-id=\"416d0b4\" data-element_type=\"widget\" data-widget_type=\"image.default\">\n\t\t\t\t<div class=\"elementor-widget-container\">\n\t\t\t\t\t<div class=\"elementor-image\">\n\t\t\t\t\t\t\t\t\t\t\t<a href=\"https:\/\/www.pronacom.org\/wp-content\/uploads\/2022\/01\/Dto.-5-2021-Ley-de-Simplificacion-de-Requisitos-y-Tramites-Administrativos.pdf\" target=\"_blank\">\n\t\t\t\t\t\t\t<img width=\"675\" height=\"195\" src=\"https:\/\/www.pronacom.org\/wp-content\/uploads\/2022\/01\/5-2021.jpg\" class=\"attachment-large size-large\" alt=\"\" loading=\"lazy\" srcset=\"https:\/\/www.pronacom.org\/wp-content\/uploads\/2022\/01\/5-2021.jpg 675w, https:\/\/www.pronacom.org\/wp-content\/uploads\/2022\/01\/5-2021-300x87.jpg 300w, https:\/\/www.pronacom.org\/wp-content\/uploads\/2022\/01\/5-2021-16x5.jpg 16w\" sizes=\"(max-width: 675px) 100vw, 675px\" \/>\t\t\t\t\t\t\t\t<\/a>\n\t\t\t\t\t\t\t\t\t\t\t<\/div>\n\t\t\t\t<\/div>\n\t\t\t\t<\/div>\n\t\t\t\t<div class=\"elementor-element elementor-element-a7660c3 elementor-widget-divider--view-line elementor-widget elementor-widget-divider\" data-id=\"a7660c3\" data-element_type=\"widget\" data-widget_type=\"divider.default\">\n\t\t\t\t<div class=\"elementor-widget-container\">\n\t\t\t\t\t<div class=\"elementor-divider\">\n\t\t\t<span class=\"elementor-divider-separator\">\n\t\t\t\t\t\t<\/span>\n\t\t<\/div>\n\t\t\t\t<\/div>\n\t\t\t\t<\/div>\n\t\t\t\t\t\t<\/div>\n\t\t\t\t\t<\/div>\n\t\t<\/div>\n\t\t\t\t\t\t\t\t<\/div>\n\t\t\t\t\t<\/div>\n\t\t<\/section>\n\t\t\t\t\t\t<\/div>\n\t\t\t\t\t<\/div>\n\t\t<\/div>\n\t\t\t\t\t\t\t\t<\/div>\n\t\t\t\t\t<\/div>\n\t\t<\/section>\n\t\t\t\t\t\t<\/div>\n\t\t\t\t\t\t<\/div>\n\t\t\t\t\t<\/div>","protected":false},"excerpt":{"rendered":"<p>Como parte de las mejoras al Clima de Negocios,\u00a0PRONACOM\u00a0se dedica a apoyar y analizar anteproyectos e iniciativas de ley para identificar y difundir aquellas que fomenten el desarrollo econ\u00f3mico y la competitividad del pa\u00eds. Adem\u00e1s, promueve e impulsa proyectos ya aprobados que aportan a este fin y a las acciones del Programa. Paralelamente, define temas &hellip;<\/p>","protected":false},"author":2,"featured_media":0,"parent":0,"menu_order":0,"comment_status":"closed","ping_status":"closed","template":"template-fullwidth.php","meta":[],"yoast_head":"<!-- This site is optimized with the Yoast SEO plugin v15.6.2 - https:\/\/yoast.com\/wordpress\/plugins\/seo\/ -->\n<title>An\u00e1lisis Legislativo - PRONACOM<\/title>\n<meta name=\"robots\" content=\"index, follow, max-snippet:-1, max-image-preview:large, max-video-preview:-1\" \/>\n<link rel=\"canonical\" href=\"https:\/\/www.pronacom.org\/en\/agenda-legislativa-competitividad\/\" \/>\n<meta property=\"og:locale\" content=\"en_US\" \/>\n<meta property=\"og:type\" content=\"article\" \/>\n<meta property=\"og:title\" content=\"An\u00e1lisis Legislativo - PRONACOM\" \/>\n<meta property=\"og:description\" content=\"Como parte de las mejoras al Clima de Negocios,\u00a0PRONACOM\u00a0se dedica a apoyar y analizar anteproyectos e iniciativas de ley para identificar y difundir aquellas que fomenten el desarrollo econ\u00f3mico y la competitividad del pa\u00eds. Adem\u00e1s, promueve e impulsa proyectos ya aprobados que aportan a este fin y a las acciones del Programa. Paralelamente, define temas &hellip;\" \/>\n<meta property=\"og:url\" content=\"https:\/\/www.pronacom.org\/en\/agenda-legislativa-competitividad\/\" \/>\n<meta property=\"og:site_name\" content=\"PRONACOM\" \/>\n<meta property=\"article:publisher\" content=\"https:\/\/www.facebook.com\/Pronacomgt\/\" \/>\n<meta property=\"article:modified_time\" content=\"2024-06-11T18:31:31+00:00\" \/>\n<meta property=\"og:image\" content=\"https:\/\/www.pronacom.org\/wp-content\/uploads\/2022\/03\/Pagina-web-8-2022-insolvencia.jpg\" \/>\n<meta name=\"twitter:card\" content=\"summary_large_image\" \/>\n<meta name=\"twitter:site\" content=\"@PRONACOMGT\" \/>\n<meta name=\"twitter:label1\" content=\"Est. reading time\">\n\t<meta name=\"twitter:data1\" content=\"2 minutes\">\n<script type=\"application\/ld+json\" class=\"yoast-schema-graph\">{\"@context\":\"https:\/\/schema.org\",\"@graph\":[{\"@type\":\"Organization\",\"@id\":\"https:\/\/www.pronacom.org\/en\/#organization\",\"name\":\"PRONACOM\",\"url\":\"https:\/\/www.pronacom.org\/en\/\",\"sameAs\":[\"https:\/\/www.facebook.com\/Pronacomgt\/\",\"https:\/\/www.instagram.com\/pronacomgt\/\",\"https:\/\/www.linkedin.com\/authwall?trk=gf&amp;amp;amp;trkInfo=AQGH7Mi-f70EDAAAAWv5JAmoGFXJ8B2rxURVcu6cPIj-oDKkC19SAMj6UtFyNiKz20TkwAXGNiSB81fV5dt-WXgm3GdF9CLAhH4xONAQukTUqZy1I5ETfhu_C16iHxO-aFrINSU=&amp;amp;amp;originalReferer&amp;amp;amp;sessionRedirect=https:\/\/gt.linkedin.com\/company\/pronacom\",\"https:\/\/www.youtube.com\/channel\/UCw3KIgxOkQQjvGQvvTfH6tA\",\"https:\/\/twitter.com\/PRONACOMGT\"],\"logo\":{\"@type\":\"ImageObject\",\"@id\":\"https:\/\/www.pronacom.org\/en\/#logo\",\"inLanguage\":\"en-US\",\"url\":\"https:\/\/www.pronacom.org\/wp-content\/uploads\/2019\/03\/Logo-Pronacom.png\",\"width\":842,\"height\":209,\"caption\":\"PRONACOM\"},\"image\":{\"@id\":\"https:\/\/www.pronacom.org\/en\/#logo\"}},{\"@type\":\"WebSite\",\"@id\":\"https:\/\/www.pronacom.org\/en\/#website\",\"url\":\"https:\/\/www.pronacom.org\/en\/\",\"name\":\"PRONACOM\",\"description\":\"\",\"publisher\":{\"@id\":\"https:\/\/www.pronacom.org\/en\/#organization\"},\"potentialAction\":[{\"@type\":\"SearchAction\",\"target\":\"https:\/\/www.pronacom.org\/en\/?s={search_term_string}\",\"query-input\":\"required name=search_term_string\"}],\"inLanguage\":\"en-US\"},{\"@type\":\"ImageObject\",\"@id\":\"https:\/\/www.pronacom.org\/en\/agenda-legislativa-competitividad\/#primaryimage\",\"inLanguage\":\"en-US\",\"url\":\"https:\/\/www.pronacom.org\/wp-content\/uploads\/2022\/03\/Pagina-web-8-2022-insolvencia.jpg\",\"width\":602,\"height\":200},{\"@type\":\"WebPage\",\"@id\":\"https:\/\/www.pronacom.org\/en\/agenda-legislativa-competitividad\/#webpage\",\"url\":\"https:\/\/www.pronacom.org\/en\/agenda-legislativa-competitividad\/\",\"name\":\"An\\u00e1lisis Legislativo - PRONACOM\",\"isPartOf\":{\"@id\":\"https:\/\/www.pronacom.org\/en\/#website\"},\"primaryImageOfPage\":{\"@id\":\"https:\/\/www.pronacom.org\/en\/agenda-legislativa-competitividad\/#primaryimage\"},\"datePublished\":\"2019-07-05T21:37:31+00:00\",\"dateModified\":\"2024-06-11T18:31:31+00:00\",\"inLanguage\":\"en-US\",\"potentialAction\":[{\"@type\":\"ReadAction\",\"target\":[\"https:\/\/www.pronacom.org\/en\/agenda-legislativa-competitividad\/\"]}]}]}<\/script>\n<!-- \/ Yoast SEO plugin. -->","_links":{"self":[{"href":"https:\/\/www.pronacom.org\/en\/wp-json\/wp\/v2\/pages\/9053"}],"collection":[{"href":"https:\/\/www.pronacom.org\/en\/wp-json\/wp\/v2\/pages"}],"about":[{"href":"https:\/\/www.pronacom.org\/en\/wp-json\/wp\/v2\/types\/page"}],"author":[{"embeddable":true,"href":"https:\/\/www.pronacom.org\/en\/wp-json\/wp\/v2\/users\/2"}],"replies":[{"embeddable":true,"href":"https:\/\/www.pronacom.org\/en\/wp-json\/wp\/v2\/comments?post=9053"}],"version-history":[{"count":56,"href":"https:\/\/www.pronacom.org\/en\/wp-json\/wp\/v2\/pages\/9053\/revisions"}],"predecessor-version":[{"id":18483,"href":"https:\/\/www.pronacom.org\/en\/wp-json\/wp\/v2\/pages\/9053\/revisions\/18483"}],"wp:attachment":[{"href":"https:\/\/www.pronacom.org\/en\/wp-json\/wp\/v2\/media?parent=9053"}],"curies":[{"name":"wp","href":"https:\/\/api.w.org\/{rel}","templated":true}]}}