{"id":8577,"date":"2019-05-29T20:16:27","date_gmt":"2019-05-29T20:16:27","guid":{"rendered":"http:\/\/34.73.84.172\/?page_id=8577"},"modified":"2024-06-10T09:59:52","modified_gmt":"2024-06-10T15:59:52","slug":"nuestra-historia","status":"publish","type":"page","link":"https:\/\/www.pronacom.org\/en\/nuestra-historia\/","title":{"rendered":"Our History"},"content":{"rendered":"<div data-elementor-type=\"wp-post\" data-elementor-id=\"8577\" class=\"elementor elementor-8577\" data-elementor-settings=\"[]\">\n\t\t\t\t\t\t<div class=\"elementor-inner\">\n\t\t\t\t\t\t\t<div class=\"elementor-section-wrap\">\n\t\t\t\t\t\t\t<section class=\"elementor-section elementor-top-section elementor-element elementor-element-3cd875d elementor-section-boxed elementor-section-height-default elementor-section-height-default\" data-id=\"3cd875d\" data-element_type=\"section\">\n\t\t\t\t\t\t<div class=\"elementor-container elementor-column-gap-default\">\n\t\t\t\t\t\t\t<div class=\"elementor-row\">\n\t\t\t\t\t<div class=\"elementor-column elementor-col-100 elementor-top-column elementor-element elementor-element-cc43a78\" data-id=\"cc43a78\" data-element_type=\"column\">\n\t\t\t<div class=\"elementor-column-wrap elementor-element-populated\">\n\t\t\t\t\t\t\t<div class=\"elementor-widget-wrap\">\n\t\t\t\t\t\t<div class=\"elementor-element elementor-element-0f63846 elementor-widget elementor-widget-text-editor\" data-id=\"0f63846\" data-element_type=\"widget\" data-widget_type=\"text-editor.default\">\n\t\t\t\t<div class=\"elementor-widget-container\">\n\t\t\t\t\t<div class=\"elementor-text-editor elementor-clearfix\"><p><span style=\"color: #000000;\">PRONACOM dio inicio en mayo de 1998 bajo un esquema de participaci\u00f3n p\u00fablica, privada y de sociedad civil que concentraba los esfuerzos de estos sectores hacia la consecuci\u00f3n de los mismos objetivos.<\/span><\/p><p><span style=\"font-weight: 400; color: #000000;\">Cuatro a\u00f1os despu\u00e9s, en mayo de 2002, el Gobierno de la Rep\u00fablica suscribi\u00f3 un convenio de pr\u00e9stamo con el Banco Mundial para impulsar el Programa de Competitividad en Guatemala, asignando recursos financieros y t\u00e9cnicos para viabilizar la competitividad del pa\u00eds.<\/span><\/p><p><span style=\"font-weight: 400; color: #000000;\">Consecutivamente, en enero de 2004, el Gobierno de la Rep\u00fablica consider\u00f3 necesario impulsar los esfuerzos de competitividad a nivel nacional y nombrar al primer Comisionado Presidencial de Competitividad e Inversi\u00f3n, y Comisionado Presidencial Adjunto y Coordinador del sector empresarial, d\u00e1ndole vida a la instituci\u00f3n. Durante este per\u00edodo, PRONACOM enmarc\u00f3 sus actividades en cuatro conceptos b\u00e1sicos: competitividad sistem\u00e1tica, descentralizaci\u00f3n, coordinaci\u00f3n y, facilitaci\u00f3n y mejora continua.<\/span><span style=\"font-weight: 400; color: #000000;\">\u00a0\u00a0<\/span><\/p><p><span style=\"font-weight: 400; color: #000000;\">De 2012 a inicios de 2019, PRONACOM ejecut\u00f3 el financiamiento del Banco Interamericano de Desarrollo -BID- denominado \u201cPrograma de Apoyo a Inversiones Estrat\u00e9gicas y Transformaci\u00f3n Productiva BID-1734\/OC-GU\u201d, a trav\u00e9s del cual se implementaron diversas acciones y proyectos para la mejora del clima de negocios, elaboraci\u00f3n de estudios de pre-inversi\u00f3n, as\u00ed como la ejecuci\u00f3n de servicios de desarrollo empresarial a nivel nacional y territorial, entre otros.\u00a0<\/span><\/p><p><span style=\"font-weight: 400; color: #000000;\">A partir del 2020, PRONACOM continu\u00f3 trabajando bajo la misma l\u00ednea de promover el desarrollo econ\u00f3mico y social de los guatemaltecos, con la visi\u00f3n de construir una Guatemala m\u00e1s competitiva, y hacer del pa\u00eds un l\u00edder a nivel regional. Esto, enfocado en tres lineamientos estrat\u00e9gicos: <\/span><span style=\"color: #000000;\"><b>mejora de la competitividad, fortalecimiento del clima de negocios y atracci\u00f3n de inversi\u00f3n extranjera directa<\/b>, este \u00faltimo logrando en 2021 el r\u00e9cord de atracci\u00f3n de IED a Guatemala en los \u00faltimos 10 a\u00f1os de US$3,433.9 millones y m\u00e1s de 20 mil nuevos empleos potenciales para los guatemaltecos.<\/span><\/p><\/div>\n\t\t\t\t<\/div>\n\t\t\t\t<\/div>\n\t\t\t\t\t\t<\/div>\n\t\t\t\t\t<\/div>\n\t\t<\/div>\n\t\t\t\t\t\t\t\t<\/div>\n\t\t\t\t\t<\/div>\n\t\t<\/section>\n\t\t\t\t<section class=\"elementor-section elementor-top-section elementor-element elementor-element-54b6d00 elementor-section-boxed elementor-section-height-default elementor-section-height-default\" data-id=\"54b6d00\" data-element_type=\"section\">\n\t\t\t\t\t\t<div class=\"elementor-container elementor-column-gap-default\">\n\t\t\t\t\t\t\t<div class=\"elementor-row\">\n\t\t\t\t\t<div class=\"elementor-column elementor-col-100 elementor-top-column elementor-element elementor-element-696a473\" data-id=\"696a473\" data-element_type=\"column\">\n\t\t\t<div class=\"elementor-column-wrap elementor-element-populated\">\n\t\t\t\t\t\t\t<div class=\"elementor-widget-wrap\">\n\t\t\t\t\t\t<div class=\"elementor-element elementor-element-1ca855f elementor-widget elementor-widget-image\" data-id=\"1ca855f\" data-element_type=\"widget\" data-widget_type=\"image.default\">\n\t\t\t\t<div class=\"elementor-widget-container\">\n\t\t\t\t\t<div class=\"elementor-image\">\n\t\t\t\t\t\t\t\t\t\t\t<a href=\"https:\/\/www.pronacom.org\/wp-content\/uploads\/2024\/06\/Linea-del-tiempo-Pronacom.png\" data-elementor-open-lightbox=\"yes\" data-elementor-lightbox-title=\"Linea-del-tiempo-Pronacom\">\n\t\t\t\t\t\t\t<img width=\"609\" height=\"1024\" src=\"https:\/\/www.pronacom.org\/wp-content\/uploads\/2024\/06\/Linea-del-tiempo-Pronacom-609x1024.png\" class=\"elementor-animation-grow attachment-large size-large\" alt=\"\" loading=\"lazy\" srcset=\"https:\/\/www.pronacom.org\/wp-content\/uploads\/2024\/06\/Linea-del-tiempo-Pronacom-609x1024.png 609w, https:\/\/www.pronacom.org\/wp-content\/uploads\/2024\/06\/Linea-del-tiempo-Pronacom-178x300.png 178w, https:\/\/www.pronacom.org\/wp-content\/uploads\/2024\/06\/Linea-del-tiempo-Pronacom-768x1292.png 768w, https:\/\/www.pronacom.org\/wp-content\/uploads\/2024\/06\/Linea-del-tiempo-Pronacom-913x1536.png 913w, https:\/\/www.pronacom.org\/wp-content\/uploads\/2024\/06\/Linea-del-tiempo-Pronacom-1217x2048.png 1217w, https:\/\/www.pronacom.org\/wp-content\/uploads\/2024\/06\/Linea-del-tiempo-Pronacom-7x12.png 7w\" sizes=\"(max-width: 609px) 100vw, 609px\" \/>\t\t\t\t\t\t\t\t<\/a>\n\t\t\t\t\t\t\t\t\t\t\t<\/div>\n\t\t\t\t<\/div>\n\t\t\t\t<\/div>\n\t\t\t\t\t\t<\/div>\n\t\t\t\t\t<\/div>\n\t\t<\/div>\n\t\t\t\t\t\t\t\t<\/div>\n\t\t\t\t\t<\/div>\n\t\t<\/section>\n\t\t\t\t\t\t<\/div>\n\t\t\t\t\t\t<\/div>\n\t\t\t\t\t<\/div>","protected":false},"excerpt":{"rendered":"<p>PRONACOM dio inicio en mayo de 1998 bajo un esquema de participaci\u00f3n p\u00fablica, privada y de sociedad civil que concentraba los esfuerzos de estos sectores hacia la consecuci\u00f3n de los mismos objetivos. Cuatro a\u00f1os despu\u00e9s, en mayo de 2002, el Gobierno de la Rep\u00fablica suscribi\u00f3 un convenio de pr\u00e9stamo con el Banco Mundial para impulsar &hellip;<\/p>","protected":false},"author":2,"featured_media":0,"parent":0,"menu_order":0,"comment_status":"closed","ping_status":"closed","template":"template-fullwidth.php","meta":[],"yoast_head":"<!-- This site is optimized with the Yoast SEO plugin v15.6.2 - https:\/\/yoast.com\/wordpress\/plugins\/seo\/ -->\n<title>Nuestra historia - PRONACOM<\/title>\n<meta name=\"robots\" content=\"index, follow, max-snippet:-1, max-image-preview:large, max-video-preview:-1\" \/>\n<link rel=\"canonical\" href=\"https:\/\/www.pronacom.org\/en\/nuestra-historia\/\" \/>\n<meta property=\"og:locale\" content=\"en_US\" \/>\n<meta property=\"og:type\" content=\"article\" \/>\n<meta property=\"og:title\" content=\"Nuestra historia - PRONACOM\" \/>\n<meta property=\"og:description\" content=\"PRONACOM dio inicio en mayo de 1998 bajo un esquema de participaci\u00f3n p\u00fablica, privada y de sociedad civil que concentraba los esfuerzos de estos sectores hacia la consecuci\u00f3n de los mismos objetivos. Cuatro a\u00f1os despu\u00e9s, en mayo de 2002, el Gobierno de la Rep\u00fablica suscribi\u00f3 un convenio de pr\u00e9stamo con el Banco Mundial para impulsar &hellip;\" \/>\n<meta property=\"og:url\" content=\"https:\/\/www.pronacom.org\/en\/nuestra-historia\/\" \/>\n<meta property=\"og:site_name\" content=\"PRONACOM\" \/>\n<meta property=\"article:publisher\" content=\"https:\/\/www.facebook.com\/Pronacomgt\/\" \/>\n<meta property=\"article:modified_time\" content=\"2024-06-10T15:59:52+00:00\" \/>\n<meta property=\"og:image\" content=\"https:\/\/www.pronacom.org\/wp-content\/uploads\/2024\/06\/Linea-del-tiempo-Pronacom-609x1024.png\" \/>\n<meta name=\"twitter:card\" content=\"summary_large_image\" \/>\n<meta name=\"twitter:site\" content=\"@PRONACOMGT\" \/>\n<meta name=\"twitter:label1\" content=\"Est. reading time\">\n\t<meta name=\"twitter:data1\" content=\"2 minutes\">\n<script type=\"application\/ld+json\" class=\"yoast-schema-graph\">{\"@context\":\"https:\/\/schema.org\",\"@graph\":[{\"@type\":\"Organization\",\"@id\":\"https:\/\/www.pronacom.org\/en\/#organization\",\"name\":\"PRONACOM\",\"url\":\"https:\/\/www.pronacom.org\/en\/\",\"sameAs\":[\"https:\/\/www.facebook.com\/Pronacomgt\/\",\"https:\/\/www.instagram.com\/pronacomgt\/\",\"https:\/\/www.linkedin.com\/authwall?trk=gf&amp;amp;amp;trkInfo=AQGH7Mi-f70EDAAAAWv5JAmoGFXJ8B2rxURVcu6cPIj-oDKkC19SAMj6UtFyNiKz20TkwAXGNiSB81fV5dt-WXgm3GdF9CLAhH4xONAQukTUqZy1I5ETfhu_C16iHxO-aFrINSU=&amp;amp;amp;originalReferer&amp;amp;amp;sessionRedirect=https:\/\/gt.linkedin.com\/company\/pronacom\",\"https:\/\/www.youtube.com\/channel\/UCw3KIgxOkQQjvGQvvTfH6tA\",\"https:\/\/twitter.com\/PRONACOMGT\"],\"logo\":{\"@type\":\"ImageObject\",\"@id\":\"https:\/\/www.pronacom.org\/en\/#logo\",\"inLanguage\":\"en-US\",\"url\":\"https:\/\/www.pronacom.org\/wp-content\/uploads\/2019\/03\/Logo-Pronacom.png\",\"width\":842,\"height\":209,\"caption\":\"PRONACOM\"},\"image\":{\"@id\":\"https:\/\/www.pronacom.org\/en\/#logo\"}},{\"@type\":\"WebSite\",\"@id\":\"https:\/\/www.pronacom.org\/en\/#website\",\"url\":\"https:\/\/www.pronacom.org\/en\/\",\"name\":\"PRONACOM\",\"description\":\"\",\"publisher\":{\"@id\":\"https:\/\/www.pronacom.org\/en\/#organization\"},\"potentialAction\":[{\"@type\":\"SearchAction\",\"target\":\"https:\/\/www.pronacom.org\/en\/?s={search_term_string}\",\"query-input\":\"required name=search_term_string\"}],\"inLanguage\":\"en-US\"},{\"@type\":\"ImageObject\",\"@id\":\"https:\/\/www.pronacom.org\/en\/nuestra-historia\/#primaryimage\",\"inLanguage\":\"en-US\",\"url\":\"https:\/\/www.pronacom.org\/wp-content\/uploads\/2024\/06\/Linea-del-tiempo-Pronacom.png\",\"width\":2100,\"height\":3533},{\"@type\":\"WebPage\",\"@id\":\"https:\/\/www.pronacom.org\/en\/nuestra-historia\/#webpage\",\"url\":\"https:\/\/www.pronacom.org\/en\/nuestra-historia\/\",\"name\":\"Nuestra historia - PRONACOM\",\"isPartOf\":{\"@id\":\"https:\/\/www.pronacom.org\/en\/#website\"},\"primaryImageOfPage\":{\"@id\":\"https:\/\/www.pronacom.org\/en\/nuestra-historia\/#primaryimage\"},\"datePublished\":\"2019-05-29T20:16:27+00:00\",\"dateModified\":\"2024-06-10T15:59:52+00:00\",\"inLanguage\":\"en-US\",\"potentialAction\":[{\"@type\":\"ReadAction\",\"target\":[\"https:\/\/www.pronacom.org\/en\/nuestra-historia\/\"]}]}]}<\/script>\n<!-- \/ Yoast SEO plugin. -->","_links":{"self":[{"href":"https:\/\/www.pronacom.org\/en\/wp-json\/wp\/v2\/pages\/8577"}],"collection":[{"href":"https:\/\/www.pronacom.org\/en\/wp-json\/wp\/v2\/pages"}],"about":[{"href":"https:\/\/www.pronacom.org\/en\/wp-json\/wp\/v2\/types\/page"}],"author":[{"embeddable":true,"href":"https:\/\/www.pronacom.org\/en\/wp-json\/wp\/v2\/users\/2"}],"replies":[{"embeddable":true,"href":"https:\/\/www.pronacom.org\/en\/wp-json\/wp\/v2\/comments?post=8577"}],"version-history":[{"count":29,"href":"https:\/\/www.pronacom.org\/en\/wp-json\/wp\/v2\/pages\/8577\/revisions"}],"predecessor-version":[{"id":18409,"href":"https:\/\/www.pronacom.org\/en\/wp-json\/wp\/v2\/pages\/8577\/revisions\/18409"}],"wp:attachment":[{"href":"https:\/\/www.pronacom.org\/en\/wp-json\/wp\/v2\/media?parent=8577"}],"curies":[{"name":"wp","href":"https:\/\/api.w.org\/{rel}","templated":true}]}}