{"id":20844,"date":"2026-01-07T09:29:39","date_gmt":"2026-01-07T15:29:39","guid":{"rendered":"https:\/\/www.pronacom.org\/?page_id=20844"},"modified":"2026-01-07T09:37:03","modified_gmt":"2026-01-07T15:37:03","slug":"aviso-de-cookies","status":"publish","type":"page","link":"https:\/\/www.pronacom.org\/en\/aviso-de-cookies\/","title":{"rendered":"AVISO DE COOKIES"},"content":{"rendered":"<p><span style=\"font-size: 18pt;\"><strong>AVISO DE COOKIES<\/strong><\/span><\/p>\n<p><strong>Programa Nacional de Competitividad \u2013 PRONACOM<\/strong><\/p>\n<p><strong>Fecha de \u00faltima actualizaci\u00f3n:<\/strong> 6 de enero de 2026<\/p>\n<p>&nbsp;<\/p>\n<p><strong>1. \u00bfQu\u00e9 son las cookies?<\/strong><\/p>\n<p>Las cookies son peque\u00f1os archivos de informaci\u00f3n que se almacenan en el dispositivo del usuario al acceder al Portal, y que permiten su correcto funcionamiento y mejora de la experiencia de navegaci\u00f3n.<\/p>\n<p><strong>2. Tipos de cookies utilizadas<\/strong><\/p>\n<p>El Portal puede utilizar:<\/p>\n<p><strong>a) Cookies esenciales<\/strong><\/p>\n<p>Necesarias para el funcionamiento b\u00e1sico del sitio y sus funciones de seguridad. No requieren consentimiento previo.<\/p>\n<p><strong>b) Cookies de preferencias<\/strong><\/p>\n<p>Permiten recordar configuraciones seleccionadas por el usuario.<\/p>\n<p><strong>c) Cookies de an\u00e1lisis<\/strong><\/p>\n<p>Permiten obtener estad\u00edsticas an\u00f3nimas sobre el uso del Portal, con el fin de mejorar contenidos y servicios.<\/p>\n<p><strong>3. Consentimiento<\/strong><\/p>\n<p>Las cookies no esenciales se utilizar\u00e1n \u00fanicamente cuando el usuario otorgue su consentimiento a trav\u00e9s del aviso o banner de cookies correspondiente.<\/p>\n<p><strong>4. Gesti\u00f3n de cookies<\/strong><\/p>\n<p>El usuario puede aceptar, rechazar o configurar el uso de cookies desde el banner de cookies del Portal o mediante la configuraci\u00f3n de su navegador.<\/p>\n<p><strong>5. Cookies de terceros<\/strong><\/p>\n<p>Algunos servicios integrados pueden utilizar cookies de terceros, las cuales se rigen por sus propias pol\u00edticas de privacidad.<\/p>\n<p><strong>6. Contacto<\/strong><\/p>\n<p>Para consultas relacionadas con el uso de cookies o aspectos t\u00e9cnicos del Portal:<br \/>\n<a href=\"mailto:soportetecnico@pronacom.org\">soportetecnico@pronacom.org<\/a><\/p>","protected":false},"excerpt":{"rendered":"<p>AVISO DE COOKIES Programa Nacional de Competitividad \u2013 PRONACOM Fecha de \u00faltima actualizaci\u00f3n: 6 de enero de 2026 &nbsp; 1. \u00bfQu\u00e9 son las cookies? Las cookies son peque\u00f1os archivos de informaci\u00f3n que se almacenan en el dispositivo del usuario al acceder al Portal, y que permiten su correcto funcionamiento y mejora de la experiencia de &hellip;<\/p>","protected":false},"author":2,"featured_media":0,"parent":0,"menu_order":0,"comment_status":"closed","ping_status":"closed","template":"","meta":[],"yoast_head":"<!-- This site is optimized with the Yoast SEO plugin v15.6.2 - https:\/\/yoast.com\/wordpress\/plugins\/seo\/ -->\n<title>AVISO DE COOKIES - PRONACOM<\/title>\n<meta name=\"robots\" content=\"index, follow, max-snippet:-1, max-image-preview:large, max-video-preview:-1\" \/>\n<link rel=\"canonical\" href=\"https:\/\/www.pronacom.org\/en\/aviso-de-cookies\/\" \/>\n<meta property=\"og:locale\" content=\"en_US\" \/>\n<meta property=\"og:type\" content=\"article\" \/>\n<meta property=\"og:title\" content=\"AVISO DE COOKIES - PRONACOM\" \/>\n<meta property=\"og:description\" content=\"AVISO DE COOKIES Programa Nacional de Competitividad \u2013 PRONACOM Fecha de \u00faltima actualizaci\u00f3n: 6 de enero de 2026 &nbsp; 1. \u00bfQu\u00e9 son las cookies? Las cookies son peque\u00f1os archivos de informaci\u00f3n que se almacenan en el dispositivo del usuario al acceder al Portal, y que permiten su correcto funcionamiento y mejora de la experiencia de &hellip;\" \/>\n<meta property=\"og:url\" content=\"https:\/\/www.pronacom.org\/en\/aviso-de-cookies\/\" \/>\n<meta property=\"og:site_name\" content=\"PRONACOM\" \/>\n<meta property=\"article:publisher\" content=\"https:\/\/www.facebook.com\/Pronacomgt\/\" \/>\n<meta property=\"article:modified_time\" content=\"2026-01-07T15:37:03+00:00\" \/>\n<meta name=\"twitter:card\" content=\"summary_large_image\" \/>\n<meta name=\"twitter:site\" content=\"@PRONACOMGT\" \/>\n<meta name=\"twitter:label1\" content=\"Est. reading time\">\n\t<meta name=\"twitter:data1\" content=\"1 minute\">\n<script type=\"application\/ld+json\" class=\"yoast-schema-graph\">{\"@context\":\"https:\/\/schema.org\",\"@graph\":[{\"@type\":\"Organization\",\"@id\":\"https:\/\/www.pronacom.org\/en\/#organization\",\"name\":\"PRONACOM\",\"url\":\"https:\/\/www.pronacom.org\/en\/\",\"sameAs\":[\"https:\/\/www.facebook.com\/Pronacomgt\/\",\"https:\/\/www.instagram.com\/pronacomgt\/\",\"https:\/\/www.linkedin.com\/authwall?trk=gf&amp;amp;amp;trkInfo=AQGH7Mi-f70EDAAAAWv5JAmoGFXJ8B2rxURVcu6cPIj-oDKkC19SAMj6UtFyNiKz20TkwAXGNiSB81fV5dt-WXgm3GdF9CLAhH4xONAQukTUqZy1I5ETfhu_C16iHxO-aFrINSU=&amp;amp;amp;originalReferer&amp;amp;amp;sessionRedirect=https:\/\/gt.linkedin.com\/company\/pronacom\",\"https:\/\/www.youtube.com\/channel\/UCw3KIgxOkQQjvGQvvTfH6tA\",\"https:\/\/twitter.com\/PRONACOMGT\"],\"logo\":{\"@type\":\"ImageObject\",\"@id\":\"https:\/\/www.pronacom.org\/en\/#logo\",\"inLanguage\":\"en-US\",\"url\":\"https:\/\/www.pronacom.org\/wp-content\/uploads\/2019\/03\/Logo-Pronacom.png\",\"width\":842,\"height\":209,\"caption\":\"PRONACOM\"},\"image\":{\"@id\":\"https:\/\/www.pronacom.org\/en\/#logo\"}},{\"@type\":\"WebSite\",\"@id\":\"https:\/\/www.pronacom.org\/en\/#website\",\"url\":\"https:\/\/www.pronacom.org\/en\/\",\"name\":\"PRONACOM\",\"description\":\"\",\"publisher\":{\"@id\":\"https:\/\/www.pronacom.org\/en\/#organization\"},\"potentialAction\":[{\"@type\":\"SearchAction\",\"target\":\"https:\/\/www.pronacom.org\/en\/?s={search_term_string}\",\"query-input\":\"required name=search_term_string\"}],\"inLanguage\":\"en-US\"},{\"@type\":\"WebPage\",\"@id\":\"https:\/\/www.pronacom.org\/en\/aviso-de-cookies\/#webpage\",\"url\":\"https:\/\/www.pronacom.org\/en\/aviso-de-cookies\/\",\"name\":\"AVISO DE COOKIES - PRONACOM\",\"isPartOf\":{\"@id\":\"https:\/\/www.pronacom.org\/en\/#website\"},\"datePublished\":\"2026-01-07T15:29:39+00:00\",\"dateModified\":\"2026-01-07T15:37:03+00:00\",\"inLanguage\":\"en-US\",\"potentialAction\":[{\"@type\":\"ReadAction\",\"target\":[\"https:\/\/www.pronacom.org\/en\/aviso-de-cookies\/\"]}]}]}<\/script>\n<!-- \/ Yoast SEO plugin. -->","_links":{"self":[{"href":"https:\/\/www.pronacom.org\/en\/wp-json\/wp\/v2\/pages\/20844"}],"collection":[{"href":"https:\/\/www.pronacom.org\/en\/wp-json\/wp\/v2\/pages"}],"about":[{"href":"https:\/\/www.pronacom.org\/en\/wp-json\/wp\/v2\/types\/page"}],"author":[{"embeddable":true,"href":"https:\/\/www.pronacom.org\/en\/wp-json\/wp\/v2\/users\/2"}],"replies":[{"embeddable":true,"href":"https:\/\/www.pronacom.org\/en\/wp-json\/wp\/v2\/comments?post=20844"}],"version-history":[{"count":2,"href":"https:\/\/www.pronacom.org\/en\/wp-json\/wp\/v2\/pages\/20844\/revisions"}],"predecessor-version":[{"id":20855,"href":"https:\/\/www.pronacom.org\/en\/wp-json\/wp\/v2\/pages\/20844\/revisions\/20855"}],"wp:attachment":[{"href":"https:\/\/www.pronacom.org\/en\/wp-json\/wp\/v2\/media?parent=20844"}],"curies":[{"name":"wp","href":"https:\/\/api.w.org\/{rel}","templated":true}]}}