{"id":17786,"date":"2024-03-20T10:57:49","date_gmt":"2024-03-20T16:57:49","guid":{"rendered":"https:\/\/www.pronacom.org\/?page_id=17786"},"modified":"2024-03-20T14:38:08","modified_gmt":"2024-03-20T20:38:08","slug":"vac","status":"publish","type":"page","link":"https:\/\/www.pronacom.org\/en\/vac\/","title":{"rendered":"One-stop construction window"},"content":{"rendered":"<div data-elementor-type=\"wp-post\" data-elementor-id=\"17786\" class=\"elementor elementor-17786\" data-elementor-settings=\"[]\">\n\t\t\t\t\t\t<div class=\"elementor-inner\">\n\t\t\t\t\t\t\t<div class=\"elementor-section-wrap\">\n\t\t\t\t\t\t\t<section class=\"elementor-section elementor-top-section elementor-element elementor-element-78e2573 elementor-section-boxed elementor-section-height-default elementor-section-height-default\" data-id=\"78e2573\" data-element_type=\"section\">\n\t\t\t\t\t\t<div class=\"elementor-container elementor-column-gap-default\">\n\t\t\t\t\t\t\t<div class=\"elementor-row\">\n\t\t\t\t\t<div class=\"elementor-column elementor-col-50 elementor-top-column elementor-element elementor-element-0189ec8\" data-id=\"0189ec8\" data-element_type=\"column\">\n\t\t\t<div class=\"elementor-column-wrap elementor-element-populated\">\n\t\t\t\t\t\t\t<div class=\"elementor-widget-wrap\">\n\t\t\t\t\t\t<div class=\"elementor-element elementor-element-6764eb1 elementor-widget elementor-widget-image\" data-id=\"6764eb1\" data-element_type=\"widget\" data-widget_type=\"image.default\">\n\t\t\t\t<div class=\"elementor-widget-container\">\n\t\t\t\t\t<div class=\"elementor-image\">\n\t\t\t\t\t\t\t\t\t\t<img width=\"750\" height=\"247\" src=\"https:\/\/www.pronacom.org\/wp-content\/uploads\/2024\/03\/Logo_VAC-03.png\" class=\"attachment-large size-large\" alt=\"\" loading=\"lazy\" srcset=\"https:\/\/www.pronacom.org\/wp-content\/uploads\/2024\/03\/Logo_VAC-03.png 888w, https:\/\/www.pronacom.org\/wp-content\/uploads\/2024\/03\/Logo_VAC-03-300x99.png 300w, https:\/\/www.pronacom.org\/wp-content\/uploads\/2024\/03\/Logo_VAC-03-768x253.png 768w, https:\/\/www.pronacom.org\/wp-content\/uploads\/2024\/03\/Logo_VAC-03-16x5.png 16w\" sizes=\"(max-width: 750px) 100vw, 750px\" \/>\t\t\t\t\t\t\t\t\t\t\t<\/div>\n\t\t\t\t<\/div>\n\t\t\t\t<\/div>\n\t\t\t\t\t\t<\/div>\n\t\t\t\t\t<\/div>\n\t\t<\/div>\n\t\t\t\t<div class=\"elementor-column elementor-col-50 elementor-top-column elementor-element elementor-element-6a1b8e2\" data-id=\"6a1b8e2\" data-element_type=\"column\">\n\t\t\t<div class=\"elementor-column-wrap elementor-element-populated\">\n\t\t\t\t\t\t\t<div class=\"elementor-widget-wrap\">\n\t\t\t\t\t\t<div class=\"elementor-element elementor-element-26d9718 elementor-widget elementor-widget-text-editor\" data-id=\"26d9718\" data-element_type=\"widget\" data-widget_type=\"text-editor.default\">\n\t\t\t\t<div class=\"elementor-widget-container\">\n\t\t\t\t\t<div class=\"elementor-text-editor elementor-clearfix\"><p><strong>La Ventanilla \u00c1gil de Construcci\u00f3n\u00a0<\/strong>es una plataforma electr\u00f3nica que unifica requisitos y procedimientos de nueve (9) instituciones del ejecutivo en los tr\u00e1mites previos a la solicitud de una licencia municipal de construcci\u00f3n.<\/p><p>Es un proyecto innovador que ha revolucionado la forma en que se gestionan los tr\u00e1mites previos a la solicitud de una licencia municipal de construcci\u00f3n en Guatemala. En respuesta a los desaf\u00edos enfrentados por los desarrolladores de proyectos en el sector de la construcci\u00f3n, la VAC se ha establecido como una soluci\u00f3n integral y eficiente.<\/p><p>Ingresa para conocer la plataforma electr\u00f3nica Ventanilla \u00c1gil de Construcci\u00f3n\u00a0\u00a0<a href=\"http:\/\/www.vac.com.gt\/\" data-saferedirecturl=\"https:\/\/www.google.com\/url?q=http:\/\/www.vac.com.gt&amp;source=gmail&amp;ust=1710972130959000&amp;usg=AOvVaw2bdTdnDAfPdMobiWT5XH6D\">www.vac.com.gt<\/a><\/p><\/div>\n\t\t\t\t<\/div>\n\t\t\t\t<\/div>\n\t\t\t\t\t\t<\/div>\n\t\t\t\t\t<\/div>\n\t\t<\/div>\n\t\t\t\t\t\t\t\t<\/div>\n\t\t\t\t\t<\/div>\n\t\t<\/section>\n\t\t\t\t<section class=\"elementor-section elementor-top-section elementor-element elementor-element-d9f8212 elementor-section-boxed elementor-section-height-default elementor-section-height-default\" data-id=\"d9f8212\" data-element_type=\"section\">\n\t\t\t\t\t\t<div class=\"elementor-container elementor-column-gap-default\">\n\t\t\t\t\t\t\t<div class=\"elementor-row\">\n\t\t\t\t\t<div class=\"elementor-column elementor-col-50 elementor-top-column elementor-element elementor-element-002d267\" data-id=\"002d267\" data-element_type=\"column\">\n\t\t\t<div class=\"elementor-column-wrap\">\n\t\t\t\t\t\t\t<div class=\"elementor-widget-wrap\">\n\t\t\t\t\t\t\t\t<\/div>\n\t\t\t\t\t<\/div>\n\t\t<\/div>\n\t\t\t\t<div class=\"elementor-column elementor-col-50 elementor-top-column elementor-element elementor-element-ee2c319\" data-id=\"ee2c319\" data-element_type=\"column\">\n\t\t\t<div class=\"elementor-column-wrap elementor-element-populated\">\n\t\t\t\t\t\t\t<div class=\"elementor-widget-wrap\">\n\t\t\t\t\t\t<div class=\"elementor-element elementor-element-f4eff0f elementor-widget elementor-widget-image\" data-id=\"f4eff0f\" data-element_type=\"widget\" data-widget_type=\"image.default\">\n\t\t\t\t<div class=\"elementor-widget-container\">\n\t\t\t\t\t<div class=\"elementor-image\">\n\t\t\t\t\t\t\t\t\t\t<img width=\"750\" height=\"403\" src=\"https:\/\/www.pronacom.org\/wp-content\/uploads\/2024\/03\/foto-comunicado-1024x550.png\" class=\"attachment-large size-large\" alt=\"\" loading=\"lazy\" srcset=\"https:\/\/www.pronacom.org\/wp-content\/uploads\/2024\/03\/foto-comunicado-1024x550.png 1024w, https:\/\/www.pronacom.org\/wp-content\/uploads\/2024\/03\/foto-comunicado-300x161.png 300w, https:\/\/www.pronacom.org\/wp-content\/uploads\/2024\/03\/foto-comunicado-768x413.png 768w, https:\/\/www.pronacom.org\/wp-content\/uploads\/2024\/03\/foto-comunicado-1536x826.png 1536w, https:\/\/www.pronacom.org\/wp-content\/uploads\/2024\/03\/foto-comunicado-16x9.png 16w, https:\/\/www.pronacom.org\/wp-content\/uploads\/2024\/03\/foto-comunicado.png 2000w\" sizes=\"(max-width: 750px) 100vw, 750px\" \/>\t\t\t\t\t\t\t\t\t\t\t<\/div>\n\t\t\t\t<\/div>\n\t\t\t\t<\/div>\n\t\t\t\t\t\t<\/div>\n\t\t\t\t\t<\/div>\n\t\t<\/div>\n\t\t\t\t\t\t\t\t<\/div>\n\t\t\t\t\t<\/div>\n\t\t<\/section>\n\t\t\t\t\t\t<\/div>\n\t\t\t\t\t\t<\/div>\n\t\t\t\t\t<\/div>","protected":false},"excerpt":{"rendered":"<p>La Ventanilla \u00c1gil de Construcci\u00f3n\u00a0es una plataforma electr\u00f3nica que unifica requisitos y procedimientos de nueve (9) instituciones del ejecutivo en los tr\u00e1mites previos a la solicitud de una licencia municipal de construcci\u00f3n. Es un proyecto innovador que ha revolucionado la forma en que se gestionan los tr\u00e1mites previos a la solicitud de una licencia municipal &hellip;<\/p>","protected":false},"author":2,"featured_media":0,"parent":0,"menu_order":0,"comment_status":"closed","ping_status":"closed","template":"template-fullwidth.php","meta":[],"yoast_head":"<!-- This site is optimized with the Yoast SEO plugin v15.6.2 - https:\/\/yoast.com\/wordpress\/plugins\/seo\/ -->\n<title>Ventanilla \u00c1gil de Construcci\u00f3n - PRONACOM<\/title>\n<meta name=\"robots\" content=\"index, follow, max-snippet:-1, max-image-preview:large, max-video-preview:-1\" \/>\n<link rel=\"canonical\" href=\"https:\/\/www.pronacom.org\/en\/vac\/\" \/>\n<meta property=\"og:locale\" content=\"en_US\" \/>\n<meta property=\"og:type\" content=\"article\" \/>\n<meta property=\"og:title\" content=\"Ventanilla \u00c1gil de Construcci\u00f3n - PRONACOM\" \/>\n<meta property=\"og:description\" content=\"La Ventanilla \u00c1gil de Construcci\u00f3n\u00a0es una plataforma electr\u00f3nica que unifica requisitos y procedimientos de nueve (9) instituciones del ejecutivo en los tr\u00e1mites previos a la solicitud de una licencia municipal de construcci\u00f3n. Es un proyecto innovador que ha revolucionado la forma en que se gestionan los tr\u00e1mites previos a la solicitud de una licencia municipal &hellip;\" \/>\n<meta property=\"og:url\" content=\"https:\/\/www.pronacom.org\/en\/vac\/\" \/>\n<meta property=\"og:site_name\" content=\"PRONACOM\" \/>\n<meta property=\"article:publisher\" content=\"https:\/\/www.facebook.com\/Pronacomgt\/\" \/>\n<meta property=\"article:modified_time\" content=\"2024-03-20T20:38:08+00:00\" \/>\n<meta property=\"og:image\" content=\"https:\/\/www.pronacom.org\/wp-content\/uploads\/2024\/03\/Logo_VAC-03.png\" \/>\n<meta name=\"twitter:card\" content=\"summary_large_image\" \/>\n<meta name=\"twitter:site\" content=\"@PRONACOMGT\" \/>\n<meta name=\"twitter:label1\" content=\"Est. reading time\">\n\t<meta name=\"twitter:data1\" content=\"1 minute\">\n<script type=\"application\/ld+json\" class=\"yoast-schema-graph\">{\"@context\":\"https:\/\/schema.org\",\"@graph\":[{\"@type\":\"Organization\",\"@id\":\"https:\/\/www.pronacom.org\/en\/#organization\",\"name\":\"PRONACOM\",\"url\":\"https:\/\/www.pronacom.org\/en\/\",\"sameAs\":[\"https:\/\/www.facebook.com\/Pronacomgt\/\",\"https:\/\/www.instagram.com\/pronacomgt\/\",\"https:\/\/www.linkedin.com\/authwall?trk=gf&amp;amp;amp;trkInfo=AQGH7Mi-f70EDAAAAWv5JAmoGFXJ8B2rxURVcu6cPIj-oDKkC19SAMj6UtFyNiKz20TkwAXGNiSB81fV5dt-WXgm3GdF9CLAhH4xONAQukTUqZy1I5ETfhu_C16iHxO-aFrINSU=&amp;amp;amp;originalReferer&amp;amp;amp;sessionRedirect=https:\/\/gt.linkedin.com\/company\/pronacom\",\"https:\/\/www.youtube.com\/channel\/UCw3KIgxOkQQjvGQvvTfH6tA\",\"https:\/\/twitter.com\/PRONACOMGT\"],\"logo\":{\"@type\":\"ImageObject\",\"@id\":\"https:\/\/www.pronacom.org\/en\/#logo\",\"inLanguage\":\"en-US\",\"url\":\"https:\/\/www.pronacom.org\/wp-content\/uploads\/2019\/03\/Logo-Pronacom.png\",\"width\":842,\"height\":209,\"caption\":\"PRONACOM\"},\"image\":{\"@id\":\"https:\/\/www.pronacom.org\/en\/#logo\"}},{\"@type\":\"WebSite\",\"@id\":\"https:\/\/www.pronacom.org\/en\/#website\",\"url\":\"https:\/\/www.pronacom.org\/en\/\",\"name\":\"PRONACOM\",\"description\":\"\",\"publisher\":{\"@id\":\"https:\/\/www.pronacom.org\/en\/#organization\"},\"potentialAction\":[{\"@type\":\"SearchAction\",\"target\":\"https:\/\/www.pronacom.org\/en\/?s={search_term_string}\",\"query-input\":\"required name=search_term_string\"}],\"inLanguage\":\"en-US\"},{\"@type\":\"ImageObject\",\"@id\":\"https:\/\/www.pronacom.org\/en\/vac\/#primaryimage\",\"inLanguage\":\"en-US\",\"url\":\"https:\/\/www.pronacom.org\/wp-content\/uploads\/2024\/03\/Logo_VAC-03.png\",\"width\":888,\"height\":293},{\"@type\":\"WebPage\",\"@id\":\"https:\/\/www.pronacom.org\/en\/vac\/#webpage\",\"url\":\"https:\/\/www.pronacom.org\/en\/vac\/\",\"name\":\"Ventanilla \\u00c1gil de Construcci\\u00f3n - PRONACOM\",\"isPartOf\":{\"@id\":\"https:\/\/www.pronacom.org\/en\/#website\"},\"primaryImageOfPage\":{\"@id\":\"https:\/\/www.pronacom.org\/en\/vac\/#primaryimage\"},\"datePublished\":\"2024-03-20T16:57:49+00:00\",\"dateModified\":\"2024-03-20T20:38:08+00:00\",\"inLanguage\":\"en-US\",\"potentialAction\":[{\"@type\":\"ReadAction\",\"target\":[\"https:\/\/www.pronacom.org\/en\/vac\/\"]}]}]}<\/script>\n<!-- \/ Yoast SEO plugin. -->","_links":{"self":[{"href":"https:\/\/www.pronacom.org\/en\/wp-json\/wp\/v2\/pages\/17786"}],"collection":[{"href":"https:\/\/www.pronacom.org\/en\/wp-json\/wp\/v2\/pages"}],"about":[{"href":"https:\/\/www.pronacom.org\/en\/wp-json\/wp\/v2\/types\/page"}],"author":[{"embeddable":true,"href":"https:\/\/www.pronacom.org\/en\/wp-json\/wp\/v2\/users\/2"}],"replies":[{"embeddable":true,"href":"https:\/\/www.pronacom.org\/en\/wp-json\/wp\/v2\/comments?post=17786"}],"version-history":[{"count":4,"href":"https:\/\/www.pronacom.org\/en\/wp-json\/wp\/v2\/pages\/17786\/revisions"}],"predecessor-version":[{"id":17794,"href":"https:\/\/www.pronacom.org\/en\/wp-json\/wp\/v2\/pages\/17786\/revisions\/17794"}],"wp:attachment":[{"href":"https:\/\/www.pronacom.org\/en\/wp-json\/wp\/v2\/media?parent=17786"}],"curies":[{"name":"wp","href":"https:\/\/api.w.org\/{rel}","templated":true}]}}