{"id":17273,"date":"2024-01-09T12:23:58","date_gmt":"2024-01-09T18:23:58","guid":{"rendered":"https:\/\/www.pronacom.org\/?page_id=17273"},"modified":"2024-02-22T10:12:45","modified_gmt":"2024-02-22T16:12:45","slug":"estudio-clusteres-industriales","status":"publish","type":"page","link":"https:\/\/www.pronacom.org\/en\/estudio-clusteres-industriales\/","title":{"rendered":"Industrial cluster studies"},"content":{"rendered":"<div data-elementor-type=\"wp-post\" data-elementor-id=\"17273\" class=\"elementor elementor-17273\" data-elementor-settings=\"[]\">\n\t\t\t\t\t\t<div class=\"elementor-inner\">\n\t\t\t\t\t\t\t<div class=\"elementor-section-wrap\">\n\t\t\t\t\t\t\t<section class=\"elementor-section elementor-top-section elementor-element elementor-element-4fb975f elementor-section-boxed elementor-section-height-default elementor-section-height-default\" data-id=\"4fb975f\" data-element_type=\"section\">\n\t\t\t\t\t\t<div class=\"elementor-container elementor-column-gap-default\">\n\t\t\t\t\t\t\t<div class=\"elementor-row\">\n\t\t\t\t\t<div class=\"elementor-column elementor-col-100 elementor-top-column elementor-element elementor-element-492a2ea\" data-id=\"492a2ea\" data-element_type=\"column\">\n\t\t\t<div class=\"elementor-column-wrap elementor-element-populated\">\n\t\t\t\t\t\t\t<div class=\"elementor-widget-wrap\">\n\t\t\t\t\t\t<div class=\"elementor-element elementor-element-59409cb elementor-widget elementor-widget-heading\" data-id=\"59409cb\" data-element_type=\"widget\" data-widget_type=\"heading.default\">\n\t\t\t\t<div class=\"elementor-widget-container\">\n\t\t\t<h5 class=\"elementor-heading-title elementor-size-default\">El informe de Cl\u00fasteres cubre cuatro principales industrias: industria farmac\u00e9utica, alimentos y bebidas, BPOs y dispositivos electr\u00f3nicos.  Analiza las principales empresas y proveedores por industria, competencia local y global, demanda actual y futura, recursos humanos, infraestructura, aspectos regulatorios y legales, tendencias tecnol\u00f3gicas y de mercado y oportunidades asociados a la integraci\u00f3n de estas industrias a cadenas globales\u00a0de\u00a0valor.<\/h5>\t\t<\/div>\n\t\t\t\t<\/div>\n\t\t\t\t<div class=\"elementor-element elementor-element-4390faa elementor-widget-divider--view-line elementor-widget elementor-widget-divider\" data-id=\"4390faa\" data-element_type=\"widget\" data-widget_type=\"divider.default\">\n\t\t\t\t<div class=\"elementor-widget-container\">\n\t\t\t\t\t<div class=\"elementor-divider\">\n\t\t\t<span class=\"elementor-divider-separator\">\n\t\t\t\t\t\t<\/span>\n\t\t<\/div>\n\t\t\t\t<\/div>\n\t\t\t\t<\/div>\n\t\t\t\t\t\t<\/div>\n\t\t\t\t\t<\/div>\n\t\t<\/div>\n\t\t\t\t\t\t\t\t<\/div>\n\t\t\t\t\t<\/div>\n\t\t<\/section>\n\t\t\t\t<section class=\"elementor-section elementor-top-section elementor-element elementor-element-2ae57bc elementor-section-boxed elementor-section-height-default elementor-section-height-default\" data-id=\"2ae57bc\" data-element_type=\"section\">\n\t\t\t\t\t\t<div class=\"elementor-container elementor-column-gap-default\">\n\t\t\t\t\t\t\t<div class=\"elementor-row\">\n\t\t\t\t\t<div class=\"elementor-column elementor-col-100 elementor-top-column elementor-element elementor-element-c465229\" data-id=\"c465229\" data-element_type=\"column\">\n\t\t\t<div class=\"elementor-column-wrap elementor-element-populated\">\n\t\t\t\t\t\t\t<div class=\"elementor-widget-wrap\">\n\t\t\t\t\t\t<div class=\"elementor-element elementor-element-f3e89cb elementor-widget elementor-widget-image\" data-id=\"f3e89cb\" data-element_type=\"widget\" data-widget_type=\"image.default\">\n\t\t\t\t<div class=\"elementor-widget-container\">\n\t\t\t\t\t<div class=\"elementor-image\">\n\t\t\t\t\t\t\t\t\t\t<img width=\"750\" height=\"398\" src=\"https:\/\/www.pronacom.org\/wp-content\/uploads\/2024\/02\/portada-clusteres-industriales-1024x543.png\" class=\"attachment-large size-large\" alt=\"\" loading=\"lazy\" srcset=\"https:\/\/www.pronacom.org\/wp-content\/uploads\/2024\/02\/portada-clusteres-industriales-1024x543.png 1024w, https:\/\/www.pronacom.org\/wp-content\/uploads\/2024\/02\/portada-clusteres-industriales-300x159.png 300w, https:\/\/www.pronacom.org\/wp-content\/uploads\/2024\/02\/portada-clusteres-industriales-768x407.png 768w, https:\/\/www.pronacom.org\/wp-content\/uploads\/2024\/02\/portada-clusteres-industriales-16x8.png 16w, https:\/\/www.pronacom.org\/wp-content\/uploads\/2024\/02\/portada-clusteres-industriales.png 1259w\" sizes=\"(max-width: 750px) 100vw, 750px\" \/>\t\t\t\t\t\t\t\t\t\t\t<\/div>\n\t\t\t\t<\/div>\n\t\t\t\t<\/div>\n\t\t\t\t<div class=\"elementor-element elementor-element-5de43e3 elementor-widget elementor-widget-text-editor\" data-id=\"5de43e3\" data-element_type=\"widget\" data-widget_type=\"text-editor.default\">\n\t\t\t\t<div class=\"elementor-widget-container\">\n\t\t\t\t\t<div class=\"elementor-text-editor elementor-clearfix\"><p style=\"text-align: center;\"><a class=\"kcc_link\" href=\"https:\/\/www.pronacom.org\/en\/?download=1&#038;kccpid=17273&#038;kcccount=https:\/\/www.pronacom.org\/wp-content\/uploads\/2024\/02\/Clusteres-industriales.pdf\" title=\"Clusteres-industriales.pdf\">Descargar<\/a><\/p><\/div>\n\t\t\t\t<\/div>\n\t\t\t\t<\/div>\n\t\t\t\t\t\t<\/div>\n\t\t\t\t\t<\/div>\n\t\t<\/div>\n\t\t\t\t\t\t\t\t<\/div>\n\t\t\t\t\t<\/div>\n\t\t<\/section>\n\t\t\t\t<section class=\"elementor-section elementor-top-section elementor-element elementor-element-40d7029 elementor-section-boxed elementor-section-height-default elementor-section-height-default\" data-id=\"40d7029\" data-element_type=\"section\">\n\t\t\t\t\t\t<div class=\"elementor-container elementor-column-gap-default\">\n\t\t\t\t\t\t\t<div class=\"elementor-row\">\n\t\t\t\t\t<div class=\"elementor-column elementor-col-100 elementor-top-column elementor-element elementor-element-2e63fc8\" data-id=\"2e63fc8\" data-element_type=\"column\">\n\t\t\t<div class=\"elementor-column-wrap elementor-element-populated\">\n\t\t\t\t\t\t\t<div class=\"elementor-widget-wrap\">\n\t\t\t\t\t\t<div class=\"elementor-element elementor-element-5af5346 elementor-widget-divider--view-line elementor-widget elementor-widget-divider\" data-id=\"5af5346\" data-element_type=\"widget\" data-widget_type=\"divider.default\">\n\t\t\t\t<div class=\"elementor-widget-container\">\n\t\t\t\t\t<div class=\"elementor-divider\">\n\t\t\t<span class=\"elementor-divider-separator\">\n\t\t\t\t\t\t<\/span>\n\t\t<\/div>\n\t\t\t\t<\/div>\n\t\t\t\t<\/div>\n\t\t\t\t\t\t<\/div>\n\t\t\t\t\t<\/div>\n\t\t<\/div>\n\t\t\t\t\t\t\t\t<\/div>\n\t\t\t\t\t<\/div>\n\t\t<\/section>\n\t\t\t\t\t\t<\/div>\n\t\t\t\t\t\t<\/div>\n\t\t\t\t\t<\/div>","protected":false},"excerpt":{"rendered":"<p>El informe de Cl\u00fasteres cubre cuatro principales industrias: industria farmac\u00e9utica, alimentos y bebidas, BPOs y dispositivos electr\u00f3nicos. Analiza las principales empresas y proveedores por industria, competencia local y global, demanda actual y futura, recursos humanos, infraestructura, aspectos regulatorios y legales, tendencias tecnol\u00f3gicas y de mercado y oportunidades asociados a la integraci\u00f3n de estas industrias a &hellip;<\/p>","protected":false},"author":2,"featured_media":0,"parent":0,"menu_order":0,"comment_status":"closed","ping_status":"closed","template":"template-fullwidth.php","meta":[],"yoast_head":"<!-- This site is optimized with the Yoast SEO plugin v15.6.2 - https:\/\/yoast.com\/wordpress\/plugins\/seo\/ -->\n<title>Estudio de Cl\u00fasteres Industriales - PRONACOM<\/title>\n<meta name=\"description\" content=\"Informaci\u00f3n\" \/>\n<meta name=\"robots\" content=\"index, follow, max-snippet:-1, max-image-preview:large, max-video-preview:-1\" \/>\n<link rel=\"canonical\" href=\"https:\/\/www.pronacom.org\/en\/estudio-clusteres-industriales\/\" \/>\n<meta property=\"og:locale\" content=\"en_US\" \/>\n<meta property=\"og:type\" content=\"article\" \/>\n<meta property=\"og:title\" content=\"Estudio de Cl\u00fasteres Industriales - PRONACOM\" \/>\n<meta property=\"og:description\" content=\"Informaci\u00f3n\" \/>\n<meta property=\"og:url\" content=\"https:\/\/www.pronacom.org\/en\/estudio-clusteres-industriales\/\" \/>\n<meta property=\"og:site_name\" content=\"PRONACOM\" \/>\n<meta property=\"article:publisher\" content=\"https:\/\/www.facebook.com\/Pronacomgt\/\" \/>\n<meta property=\"article:modified_time\" content=\"2024-02-22T16:12:45+00:00\" \/>\n<meta property=\"og:image\" content=\"https:\/\/www.pronacom.org\/wp-content\/uploads\/2024\/02\/portada-clusteres-industriales-1024x543.png\" \/>\n<meta name=\"twitter:card\" content=\"summary_large_image\" \/>\n<meta name=\"twitter:site\" content=\"@PRONACOMGT\" \/>\n<meta name=\"twitter:label1\" content=\"Est. reading time\">\n\t<meta name=\"twitter:data1\" content=\"1 minute\">\n<script type=\"application\/ld+json\" class=\"yoast-schema-graph\">{\"@context\":\"https:\/\/schema.org\",\"@graph\":[{\"@type\":\"Organization\",\"@id\":\"https:\/\/www.pronacom.org\/en\/#organization\",\"name\":\"PRONACOM\",\"url\":\"https:\/\/www.pronacom.org\/en\/\",\"sameAs\":[\"https:\/\/www.facebook.com\/Pronacomgt\/\",\"https:\/\/www.instagram.com\/pronacomgt\/\",\"https:\/\/www.linkedin.com\/authwall?trk=gf&amp;amp;amp;trkInfo=AQGH7Mi-f70EDAAAAWv5JAmoGFXJ8B2rxURVcu6cPIj-oDKkC19SAMj6UtFyNiKz20TkwAXGNiSB81fV5dt-WXgm3GdF9CLAhH4xONAQukTUqZy1I5ETfhu_C16iHxO-aFrINSU=&amp;amp;amp;originalReferer&amp;amp;amp;sessionRedirect=https:\/\/gt.linkedin.com\/company\/pronacom\",\"https:\/\/www.youtube.com\/channel\/UCw3KIgxOkQQjvGQvvTfH6tA\",\"https:\/\/twitter.com\/PRONACOMGT\"],\"logo\":{\"@type\":\"ImageObject\",\"@id\":\"https:\/\/www.pronacom.org\/en\/#logo\",\"inLanguage\":\"en-US\",\"url\":\"https:\/\/www.pronacom.org\/wp-content\/uploads\/2019\/03\/Logo-Pronacom.png\",\"width\":842,\"height\":209,\"caption\":\"PRONACOM\"},\"image\":{\"@id\":\"https:\/\/www.pronacom.org\/en\/#logo\"}},{\"@type\":\"WebSite\",\"@id\":\"https:\/\/www.pronacom.org\/en\/#website\",\"url\":\"https:\/\/www.pronacom.org\/en\/\",\"name\":\"PRONACOM\",\"description\":\"\",\"publisher\":{\"@id\":\"https:\/\/www.pronacom.org\/en\/#organization\"},\"potentialAction\":[{\"@type\":\"SearchAction\",\"target\":\"https:\/\/www.pronacom.org\/en\/?s={search_term_string}\",\"query-input\":\"required name=search_term_string\"}],\"inLanguage\":\"en-US\"},{\"@type\":\"ImageObject\",\"@id\":\"https:\/\/www.pronacom.org\/en\/estudio-clusteres-industriales\/#primaryimage\",\"inLanguage\":\"en-US\",\"url\":\"https:\/\/www.pronacom.org\/wp-content\/uploads\/2024\/02\/portada-clusteres-industriales.png\",\"width\":1259,\"height\":668},{\"@type\":\"WebPage\",\"@id\":\"https:\/\/www.pronacom.org\/en\/estudio-clusteres-industriales\/#webpage\",\"url\":\"https:\/\/www.pronacom.org\/en\/estudio-clusteres-industriales\/\",\"name\":\"Estudio de Cl\\u00fasteres Industriales - PRONACOM\",\"isPartOf\":{\"@id\":\"https:\/\/www.pronacom.org\/en\/#website\"},\"primaryImageOfPage\":{\"@id\":\"https:\/\/www.pronacom.org\/en\/estudio-clusteres-industriales\/#primaryimage\"},\"datePublished\":\"2024-01-09T18:23:58+00:00\",\"dateModified\":\"2024-02-22T16:12:45+00:00\",\"description\":\"Informaci\\u00f3n\",\"inLanguage\":\"en-US\",\"potentialAction\":[{\"@type\":\"ReadAction\",\"target\":[\"https:\/\/www.pronacom.org\/en\/estudio-clusteres-industriales\/\"]}]}]}<\/script>\n<!-- \/ Yoast SEO plugin. -->","_links":{"self":[{"href":"https:\/\/www.pronacom.org\/en\/wp-json\/wp\/v2\/pages\/17273"}],"collection":[{"href":"https:\/\/www.pronacom.org\/en\/wp-json\/wp\/v2\/pages"}],"about":[{"href":"https:\/\/www.pronacom.org\/en\/wp-json\/wp\/v2\/types\/page"}],"author":[{"embeddable":true,"href":"https:\/\/www.pronacom.org\/en\/wp-json\/wp\/v2\/users\/2"}],"replies":[{"embeddable":true,"href":"https:\/\/www.pronacom.org\/en\/wp-json\/wp\/v2\/comments?post=17273"}],"version-history":[{"count":43,"href":"https:\/\/www.pronacom.org\/en\/wp-json\/wp\/v2\/pages\/17273\/revisions"}],"predecessor-version":[{"id":17610,"href":"https:\/\/www.pronacom.org\/en\/wp-json\/wp\/v2\/pages\/17273\/revisions\/17610"}],"wp:attachment":[{"href":"https:\/\/www.pronacom.org\/en\/wp-json\/wp\/v2\/media?parent=17273"}],"curies":[{"name":"wp","href":"https:\/\/api.w.org\/{rel}","templated":true}]}}