{"id":15597,"date":"2022-01-19T10:01:48","date_gmt":"2022-01-19T16:01:48","guid":{"rendered":"https:\/\/www.pronacom.org\/?page_id=15597"},"modified":"2022-01-19T10:19:50","modified_gmt":"2022-01-19T16:19:50","slug":"programa-umbral-mcc-multimedia-guatemala","status":"publish","type":"page","link":"https:\/\/www.pronacom.org\/en\/programa-umbral-mcc-multimedia-guatemala\/","title":{"rendered":"Multimedia Programa Umbral MCC"},"content":{"rendered":"<div data-elementor-type=\"wp-post\" data-elementor-id=\"15597\" class=\"elementor elementor-15597\" data-elementor-settings=\"[]\">\n\t\t\t\t\t\t<div class=\"elementor-inner\">\n\t\t\t\t\t\t\t<div class=\"elementor-section-wrap\">\n\t\t\t\t\t\t\t<section class=\"elementor-section elementor-top-section elementor-element elementor-element-4fb975f elementor-section-boxed elementor-section-height-default elementor-section-height-default\" data-id=\"4fb975f\" data-element_type=\"section\">\n\t\t\t\t\t\t<div class=\"elementor-container elementor-column-gap-default\">\n\t\t\t\t\t\t\t<div class=\"elementor-row\">\n\t\t\t\t\t<div class=\"elementor-column elementor-col-100 elementor-top-column elementor-element elementor-element-492a2ea\" data-id=\"492a2ea\" data-element_type=\"column\">\n\t\t\t<div class=\"elementor-column-wrap elementor-element-populated\">\n\t\t\t\t\t\t\t<div class=\"elementor-widget-wrap\">\n\t\t\t\t\t\t<div class=\"elementor-element elementor-element-59409cb elementor-widget elementor-widget-heading\" data-id=\"59409cb\" data-element_type=\"widget\" data-widget_type=\"heading.default\">\n\t\t\t\t<div class=\"elementor-widget-container\">\n\t\t\t<h4 class=\"elementor-heading-title elementor-size-default\">Programa Umbral Millennium Challenge Corporation y ejecutado por PRONACOM<\/h4>\t\t<\/div>\n\t\t\t\t<\/div>\n\t\t\t\t<div class=\"elementor-element elementor-element-4390faa elementor-widget-divider--view-line elementor-widget elementor-widget-divider\" data-id=\"4390faa\" data-element_type=\"widget\" data-widget_type=\"divider.default\">\n\t\t\t\t<div class=\"elementor-widget-container\">\n\t\t\t\t\t<div class=\"elementor-divider\">\n\t\t\t<span class=\"elementor-divider-separator\">\n\t\t\t\t\t\t<\/span>\n\t\t<\/div>\n\t\t\t\t<\/div>\n\t\t\t\t<\/div>\n\t\t\t\t\t\t<\/div>\n\t\t\t\t\t<\/div>\n\t\t<\/div>\n\t\t\t\t\t\t\t\t<\/div>\n\t\t\t\t\t<\/div>\n\t\t<\/section>\n\t\t\t\t<section class=\"elementor-section elementor-top-section elementor-element elementor-element-2ae57bc elementor-section-boxed elementor-section-height-default elementor-section-height-default\" data-id=\"2ae57bc\" data-element_type=\"section\">\n\t\t\t\t\t\t<div class=\"elementor-container elementor-column-gap-default\">\n\t\t\t\t\t\t\t<div class=\"elementor-row\">\n\t\t\t\t\t<div class=\"elementor-column elementor-col-50 elementor-top-column elementor-element elementor-element-c465229\" data-id=\"c465229\" data-element_type=\"column\">\n\t\t\t<div class=\"elementor-column-wrap elementor-element-populated\">\n\t\t\t\t\t\t\t<div class=\"elementor-widget-wrap\">\n\t\t\t\t\t\t<div class=\"elementor-element elementor-element-836813f elementor-widget elementor-widget-text-editor\" data-id=\"836813f\" data-element_type=\"widget\" data-widget_type=\"text-editor.default\">\n\t\t\t\t<div class=\"elementor-widget-container\">\n\t\t\t\t\t<div class=\"elementor-text-editor elementor-clearfix\"><p style=\"text-align: center;\"><strong><span style=\"font-family: 'Open Sans';\">El Programa Umbral present\u00f3 los principales resultados obtenidos en un Evento de Cierre con altas autoriddes<\/span><\/strong><\/p><\/div>\n\t\t\t\t<\/div>\n\t\t\t\t<\/div>\n\t\t\t\t<div class=\"elementor-element elementor-element-ba4b70b elementor-aspect-ratio-169 elementor-widget elementor-widget-video\" data-id=\"ba4b70b\" data-element_type=\"widget\" data-settings=\"{&quot;aspect_ratio&quot;:&quot;169&quot;}\" data-widget_type=\"video.default\">\n\t\t\t\t<div class=\"elementor-widget-container\">\n\t\t\t\t\t<div class=\"elementor-wrapper elementor-fit-aspect-ratio elementor-open-inline\">\n\t\t\t<iframe class=\"elementor-video-iframe\" allowfullscreen title=\"youtube Video Player\" src=\"https:\/\/www.youtube.com\/embed\/MBZ5LTmnlhM?feature=oembed&amp;start&amp;end&amp;wmode=opaque&amp;loop=0&amp;controls=1&amp;mute=0&amp;rel=0&amp;modestbranding=0\"><\/iframe>\t\t<\/div>\n\t\t\t\t<\/div>\n\t\t\t\t<\/div>\n\t\t\t\t\t\t<\/div>\n\t\t\t\t\t<\/div>\n\t\t<\/div>\n\t\t\t\t<div class=\"elementor-column elementor-col-50 elementor-top-column elementor-element elementor-element-2789039\" data-id=\"2789039\" data-element_type=\"column\">\n\t\t\t<div class=\"elementor-column-wrap elementor-element-populated\">\n\t\t\t\t\t\t\t<div class=\"elementor-widget-wrap\">\n\t\t\t\t\t\t<div class=\"elementor-element elementor-element-d02135b elementor-widget elementor-widget-text-editor\" data-id=\"d02135b\" data-element_type=\"widget\" data-widget_type=\"text-editor.default\">\n\t\t\t\t<div class=\"elementor-widget-container\">\n\t\t\t\t\t<div class=\"elementor-text-editor elementor-clearfix\"><p style=\"text-align: center;\"><strong><span style=\"font-family: 'Open Sans';\">Asistencia t\u00e9cnica y fortalecimiento de capacidades de la SAT aduanas, fiscalizaci\u00f3n y recaudaci\u00f3n<\/span><\/strong><\/p><\/div>\n\t\t\t\t<\/div>\n\t\t\t\t<\/div>\n\t\t\t\t<div class=\"elementor-element elementor-element-406ee5b elementor-aspect-ratio-169 elementor-widget elementor-widget-video\" data-id=\"406ee5b\" data-element_type=\"widget\" data-settings=\"{&quot;aspect_ratio&quot;:&quot;169&quot;}\" data-widget_type=\"video.default\">\n\t\t\t\t<div class=\"elementor-widget-container\">\n\t\t\t\t\t<div class=\"elementor-wrapper elementor-fit-aspect-ratio elementor-open-inline\">\n\t\t\t<iframe class=\"elementor-video-iframe\" allowfullscreen title=\"youtube Video Player\" src=\"https:\/\/www.youtube.com\/embed\/4dOKNdN7p1M?feature=oembed&amp;start&amp;end&amp;wmode=opaque&amp;loop=0&amp;controls=1&amp;mute=0&amp;rel=0&amp;modestbranding=0\"><\/iframe>\t\t<\/div>\n\t\t\t\t<\/div>\n\t\t\t\t<\/div>\n\t\t\t\t\t\t<\/div>\n\t\t\t\t\t<\/div>\n\t\t<\/div>\n\t\t\t\t\t\t\t\t<\/div>\n\t\t\t\t\t<\/div>\n\t\t<\/section>\n\t\t\t\t<section class=\"elementor-section elementor-top-section elementor-element elementor-element-40d7029 elementor-section-boxed elementor-section-height-default elementor-section-height-default\" data-id=\"40d7029\" data-element_type=\"section\">\n\t\t\t\t\t\t<div class=\"elementor-container elementor-column-gap-default\">\n\t\t\t\t\t\t\t<div class=\"elementor-row\">\n\t\t\t\t\t<div class=\"elementor-column elementor-col-100 elementor-top-column elementor-element elementor-element-2e63fc8\" data-id=\"2e63fc8\" data-element_type=\"column\">\n\t\t\t<div class=\"elementor-column-wrap elementor-element-populated\">\n\t\t\t\t\t\t\t<div class=\"elementor-widget-wrap\">\n\t\t\t\t\t\t<div class=\"elementor-element elementor-element-5af5346 elementor-widget-divider--view-line elementor-widget elementor-widget-divider\" data-id=\"5af5346\" data-element_type=\"widget\" data-widget_type=\"divider.default\">\n\t\t\t\t<div class=\"elementor-widget-container\">\n\t\t\t\t\t<div class=\"elementor-divider\">\n\t\t\t<span class=\"elementor-divider-separator\">\n\t\t\t\t\t\t<\/span>\n\t\t<\/div>\n\t\t\t\t<\/div>\n\t\t\t\t<\/div>\n\t\t\t\t\t\t<\/div>\n\t\t\t\t\t<\/div>\n\t\t<\/div>\n\t\t\t\t\t\t\t\t<\/div>\n\t\t\t\t\t<\/div>\n\t\t<\/section>\n\t\t\t\t<section class=\"elementor-section elementor-top-section elementor-element elementor-element-08a21e0 elementor-section-boxed elementor-section-height-default elementor-section-height-default\" data-id=\"08a21e0\" data-element_type=\"section\">\n\t\t\t\t\t\t<div class=\"elementor-container elementor-column-gap-default\">\n\t\t\t\t\t\t\t<div class=\"elementor-row\">\n\t\t\t\t\t<div class=\"elementor-column elementor-col-50 elementor-top-column elementor-element elementor-element-d68ce48\" data-id=\"d68ce48\" data-element_type=\"column\">\n\t\t\t<div class=\"elementor-column-wrap elementor-element-populated\">\n\t\t\t\t\t\t\t<div class=\"elementor-widget-wrap\">\n\t\t\t\t\t\t<div class=\"elementor-element elementor-element-155fab9 elementor-widget elementor-widget-text-editor\" data-id=\"155fab9\" data-element_type=\"widget\" data-widget_type=\"text-editor.default\">\n\t\t\t\t<div class=\"elementor-widget-container\">\n\t\t\t\t\t<div class=\"elementor-text-editor elementor-clearfix\"><p style=\"text-align: center;\"><strong><span style=\"font-family: 'Open Sans';\">Nuevo modelo de Formaci\u00f3n Laboral y nuevas carreras <br \/>de peritos t\u00e9cnicos<\/span><\/strong><\/p><\/div>\n\t\t\t\t<\/div>\n\t\t\t\t<\/div>\n\t\t\t\t<div class=\"elementor-element elementor-element-77ca553 elementor-aspect-ratio-169 elementor-widget elementor-widget-video\" data-id=\"77ca553\" data-element_type=\"widget\" data-settings=\"{&quot;aspect_ratio&quot;:&quot;169&quot;}\" data-widget_type=\"video.default\">\n\t\t\t\t<div class=\"elementor-widget-container\">\n\t\t\t\t\t<div class=\"elementor-wrapper elementor-fit-aspect-ratio elementor-open-inline\">\n\t\t\t<iframe class=\"elementor-video-iframe\" allowfullscreen title=\"youtube Video Player\" src=\"https:\/\/www.youtube.com\/embed\/eXIeTT8qZ2E?feature=oembed&amp;start&amp;end&amp;wmode=opaque&amp;loop=0&amp;controls=1&amp;mute=0&amp;rel=0&amp;modestbranding=0\"><\/iframe>\t\t<\/div>\n\t\t\t\t<\/div>\n\t\t\t\t<\/div>\n\t\t\t\t\t\t<\/div>\n\t\t\t\t\t<\/div>\n\t\t<\/div>\n\t\t\t\t<div class=\"elementor-column elementor-col-50 elementor-top-column elementor-element elementor-element-7230275\" data-id=\"7230275\" data-element_type=\"column\">\n\t\t\t<div class=\"elementor-column-wrap elementor-element-populated\">\n\t\t\t\t\t\t\t<div class=\"elementor-widget-wrap\">\n\t\t\t\t\t\t<div class=\"elementor-element elementor-element-72710f0 elementor-widget elementor-widget-text-editor\" data-id=\"72710f0\" data-element_type=\"widget\" data-widget_type=\"text-editor.default\">\n\t\t\t\t<div class=\"elementor-widget-container\">\n\t\t\t\t\t<div class=\"elementor-text-editor elementor-clearfix\"><p style=\"text-align: center;\"><strong><span style=\"font-family: 'Open Sans';\">Profesorados especializados de Ense\u00f1anza Media en el Ministerio de Educaci\u00f3n<\/span><\/strong><\/p><\/div>\n\t\t\t\t<\/div>\n\t\t\t\t<\/div>\n\t\t\t\t<div class=\"elementor-element elementor-element-ca9d081 elementor-aspect-ratio-169 elementor-widget elementor-widget-video\" data-id=\"ca9d081\" data-element_type=\"widget\" data-settings=\"{&quot;aspect_ratio&quot;:&quot;169&quot;}\" data-widget_type=\"video.default\">\n\t\t\t\t<div class=\"elementor-widget-container\">\n\t\t\t\t\t<div class=\"elementor-wrapper elementor-fit-aspect-ratio elementor-open-inline\">\n\t\t\t<iframe class=\"elementor-video-iframe\" allowfullscreen title=\"youtube Video Player\" src=\"https:\/\/www.youtube.com\/embed\/ELEKIN_qZfI?feature=oembed&amp;start&amp;end&amp;wmode=opaque&amp;loop=0&amp;controls=1&amp;mute=0&amp;rel=0&amp;modestbranding=0\"><\/iframe>\t\t<\/div>\n\t\t\t\t<\/div>\n\t\t\t\t<\/div>\n\t\t\t\t\t\t<\/div>\n\t\t\t\t\t<\/div>\n\t\t<\/div>\n\t\t\t\t\t\t\t\t<\/div>\n\t\t\t\t\t<\/div>\n\t\t<\/section>\n\t\t\t\t<section class=\"elementor-section elementor-top-section elementor-element elementor-element-d360cec elementor-section-boxed elementor-section-height-default elementor-section-height-default\" data-id=\"d360cec\" data-element_type=\"section\">\n\t\t\t\t\t\t<div class=\"elementor-container elementor-column-gap-default\">\n\t\t\t\t\t\t\t<div class=\"elementor-row\">\n\t\t\t\t\t<div class=\"elementor-column elementor-col-100 elementor-top-column elementor-element elementor-element-ac0b857\" data-id=\"ac0b857\" data-element_type=\"column\">\n\t\t\t<div class=\"elementor-column-wrap elementor-element-populated\">\n\t\t\t\t\t\t\t<div class=\"elementor-widget-wrap\">\n\t\t\t\t\t\t<div class=\"elementor-element elementor-element-0a1c16e elementor-widget-divider--view-line elementor-widget elementor-widget-divider\" data-id=\"0a1c16e\" data-element_type=\"widget\" data-widget_type=\"divider.default\">\n\t\t\t\t<div class=\"elementor-widget-container\">\n\t\t\t\t\t<div class=\"elementor-divider\">\n\t\t\t<span class=\"elementor-divider-separator\">\n\t\t\t\t\t\t<\/span>\n\t\t<\/div>\n\t\t\t\t<\/div>\n\t\t\t\t<\/div>\n\t\t\t\t\t\t<\/div>\n\t\t\t\t\t<\/div>\n\t\t<\/div>\n\t\t\t\t\t\t\t\t<\/div>\n\t\t\t\t\t<\/div>\n\t\t<\/section>\n\t\t\t\t<section class=\"elementor-section elementor-top-section elementor-element elementor-element-a81ba4a elementor-section-boxed elementor-section-height-default elementor-section-height-default\" data-id=\"a81ba4a\" data-element_type=\"section\">\n\t\t\t\t\t\t<div class=\"elementor-container elementor-column-gap-default\">\n\t\t\t\t\t\t\t<div class=\"elementor-row\">\n\t\t\t\t\t<div class=\"elementor-column elementor-col-50 elementor-top-column elementor-element elementor-element-fe2cc34\" data-id=\"fe2cc34\" data-element_type=\"column\">\n\t\t\t<div class=\"elementor-column-wrap elementor-element-populated\">\n\t\t\t\t\t\t\t<div class=\"elementor-widget-wrap\">\n\t\t\t\t\t\t<div class=\"elementor-element elementor-element-0caf63d elementor-widget elementor-widget-text-editor\" data-id=\"0caf63d\" data-element_type=\"widget\" data-widget_type=\"text-editor.default\">\n\t\t\t\t<div class=\"elementor-widget-container\">\n\t\t\t\t\t<div class=\"elementor-text-editor elementor-clearfix\"><p style=\"text-align: center;\"><span style=\"font-family: 'Open Sans';\"><strong>Historia del Programa Umbral<\/strong><\/span><\/p><\/div>\n\t\t\t\t<\/div>\n\t\t\t\t<\/div>\n\t\t\t\t<div class=\"elementor-element elementor-element-0942704 elementor-aspect-ratio-169 elementor-widget elementor-widget-video\" data-id=\"0942704\" data-element_type=\"widget\" data-settings=\"{&quot;aspect_ratio&quot;:&quot;169&quot;}\" data-widget_type=\"video.default\">\n\t\t\t\t<div class=\"elementor-widget-container\">\n\t\t\t\t\t<div class=\"elementor-wrapper elementor-fit-aspect-ratio elementor-open-inline\">\n\t\t\t<iframe class=\"elementor-video-iframe\" allowfullscreen title=\"youtube Video Player\" src=\"https:\/\/www.youtube.com\/embed\/HoeHjJd6Vig?feature=oembed&amp;start&amp;end&amp;wmode=opaque&amp;loop=0&amp;controls=1&amp;mute=0&amp;rel=0&amp;modestbranding=0\"><\/iframe>\t\t<\/div>\n\t\t\t\t<\/div>\n\t\t\t\t<\/div>\n\t\t\t\t\t\t<\/div>\n\t\t\t\t\t<\/div>\n\t\t<\/div>\n\t\t\t\t<div class=\"elementor-column elementor-col-50 elementor-top-column elementor-element elementor-element-d648e30\" data-id=\"d648e30\" data-element_type=\"column\">\n\t\t\t<div class=\"elementor-column-wrap elementor-element-populated\">\n\t\t\t\t\t\t\t<div class=\"elementor-widget-wrap\">\n\t\t\t\t\t\t\t\t<\/div>\n\t\t\t\t\t<\/div>\n\t\t<\/div>\n\t\t\t\t\t\t\t\t<\/div>\n\t\t\t\t\t<\/div>\n\t\t<\/section>\n\t\t\t\t\t\t<\/div>\n\t\t\t\t\t\t<\/div>\n\t\t\t\t\t<\/div>","protected":false},"excerpt":{"rendered":"<p>Programa Umbral Millennium Challenge Corporation y ejecutado por PRONACOM El Programa Umbral present\u00f3 los principales resultados obtenidos en un Evento de Cierre con altas autoriddes https:\/\/www.youtube.com\/watch?v=MBZ5LTmnlhM Asistencia t\u00e9cnica y fortalecimiento de capacidades de la SAT aduanas, fiscalizaci\u00f3n y recaudaci\u00f3n https:\/\/www.youtube.com\/watch?v=4dOKNdN7p1M Nuevo modelo de Formaci\u00f3n Laboral y nuevas carreras de peritos t\u00e9cnicos https:\/\/www.youtube.com\/watch?v=eXIeTT8qZ2E Profesorados especializados de &hellip;<\/p>","protected":false},"author":2,"featured_media":0,"parent":0,"menu_order":0,"comment_status":"closed","ping_status":"closed","template":"template-fullwidth.php","meta":[],"yoast_head":"<!-- This site is optimized with the Yoast SEO plugin v15.6.2 - https:\/\/yoast.com\/wordpress\/plugins\/seo\/ -->\n<title>Multimedia Programa Umbral MCC - PRONACOM<\/title>\n<meta name=\"description\" content=\"El Programa Nacional de Competitividad del Ministerio de Econom\u00eda de Guatemala ejecut\u00f3 el Programa Umbral financiado por Millennium Challenge\" \/>\n<meta name=\"robots\" content=\"index, follow, max-snippet:-1, max-image-preview:large, max-video-preview:-1\" \/>\n<link rel=\"canonical\" href=\"https:\/\/www.pronacom.org\/en\/programa-umbral-mcc-multimedia-guatemala\/\" \/>\n<meta property=\"og:locale\" content=\"en_US\" \/>\n<meta property=\"og:type\" content=\"article\" \/>\n<meta property=\"og:title\" content=\"Multimedia Programa Umbral MCC - PRONACOM\" \/>\n<meta property=\"og:description\" content=\"El Programa Nacional de Competitividad del Ministerio de Econom\u00eda de Guatemala ejecut\u00f3 el Programa Umbral financiado por Millennium Challenge\" \/>\n<meta property=\"og:url\" content=\"https:\/\/www.pronacom.org\/en\/programa-umbral-mcc-multimedia-guatemala\/\" \/>\n<meta property=\"og:site_name\" content=\"PRONACOM\" \/>\n<meta property=\"article:publisher\" content=\"https:\/\/www.facebook.com\/Pronacomgt\/\" \/>\n<meta property=\"article:modified_time\" content=\"2022-01-19T16:19:50+00:00\" \/>\n<meta name=\"twitter:card\" content=\"summary_large_image\" \/>\n<meta name=\"twitter:site\" content=\"@PRONACOMGT\" \/>\n<meta name=\"twitter:label1\" content=\"Est. reading time\">\n\t<meta name=\"twitter:data1\" content=\"1 minute\">\n<script type=\"application\/ld+json\" class=\"yoast-schema-graph\">{\"@context\":\"https:\/\/schema.org\",\"@graph\":[{\"@type\":\"Organization\",\"@id\":\"https:\/\/www.pronacom.org\/en\/#organization\",\"name\":\"PRONACOM\",\"url\":\"https:\/\/www.pronacom.org\/en\/\",\"sameAs\":[\"https:\/\/www.facebook.com\/Pronacomgt\/\",\"https:\/\/www.instagram.com\/pronacomgt\/\",\"https:\/\/www.linkedin.com\/authwall?trk=gf&amp;amp;amp;trkInfo=AQGH7Mi-f70EDAAAAWv5JAmoGFXJ8B2rxURVcu6cPIj-oDKkC19SAMj6UtFyNiKz20TkwAXGNiSB81fV5dt-WXgm3GdF9CLAhH4xONAQukTUqZy1I5ETfhu_C16iHxO-aFrINSU=&amp;amp;amp;originalReferer&amp;amp;amp;sessionRedirect=https:\/\/gt.linkedin.com\/company\/pronacom\",\"https:\/\/www.youtube.com\/channel\/UCw3KIgxOkQQjvGQvvTfH6tA\",\"https:\/\/twitter.com\/PRONACOMGT\"],\"logo\":{\"@type\":\"ImageObject\",\"@id\":\"https:\/\/www.pronacom.org\/en\/#logo\",\"inLanguage\":\"en-US\",\"url\":\"https:\/\/www.pronacom.org\/wp-content\/uploads\/2019\/03\/Logo-Pronacom.png\",\"width\":842,\"height\":209,\"caption\":\"PRONACOM\"},\"image\":{\"@id\":\"https:\/\/www.pronacom.org\/en\/#logo\"}},{\"@type\":\"WebSite\",\"@id\":\"https:\/\/www.pronacom.org\/en\/#website\",\"url\":\"https:\/\/www.pronacom.org\/en\/\",\"name\":\"PRONACOM\",\"description\":\"\",\"publisher\":{\"@id\":\"https:\/\/www.pronacom.org\/en\/#organization\"},\"potentialAction\":[{\"@type\":\"SearchAction\",\"target\":\"https:\/\/www.pronacom.org\/en\/?s={search_term_string}\",\"query-input\":\"required name=search_term_string\"}],\"inLanguage\":\"en-US\"},{\"@type\":\"WebPage\",\"@id\":\"https:\/\/www.pronacom.org\/en\/programa-umbral-mcc-multimedia-guatemala\/#webpage\",\"url\":\"https:\/\/www.pronacom.org\/en\/programa-umbral-mcc-multimedia-guatemala\/\",\"name\":\"Multimedia Programa Umbral MCC - PRONACOM\",\"isPartOf\":{\"@id\":\"https:\/\/www.pronacom.org\/en\/#website\"},\"datePublished\":\"2022-01-19T16:01:48+00:00\",\"dateModified\":\"2022-01-19T16:19:50+00:00\",\"description\":\"El Programa Nacional de Competitividad del Ministerio de Econom\\u00eda de Guatemala ejecut\\u00f3 el Programa Umbral financiado por Millennium Challenge\",\"inLanguage\":\"en-US\",\"potentialAction\":[{\"@type\":\"ReadAction\",\"target\":[\"https:\/\/www.pronacom.org\/en\/programa-umbral-mcc-multimedia-guatemala\/\"]}]}]}<\/script>\n<!-- \/ Yoast SEO plugin. -->","_links":{"self":[{"href":"https:\/\/www.pronacom.org\/en\/wp-json\/wp\/v2\/pages\/15597"}],"collection":[{"href":"https:\/\/www.pronacom.org\/en\/wp-json\/wp\/v2\/pages"}],"about":[{"href":"https:\/\/www.pronacom.org\/en\/wp-json\/wp\/v2\/types\/page"}],"author":[{"embeddable":true,"href":"https:\/\/www.pronacom.org\/en\/wp-json\/wp\/v2\/users\/2"}],"replies":[{"embeddable":true,"href":"https:\/\/www.pronacom.org\/en\/wp-json\/wp\/v2\/comments?post=15597"}],"version-history":[{"count":4,"href":"https:\/\/www.pronacom.org\/en\/wp-json\/wp\/v2\/pages\/15597\/revisions"}],"predecessor-version":[{"id":15602,"href":"https:\/\/www.pronacom.org\/en\/wp-json\/wp\/v2\/pages\/15597\/revisions\/15602"}],"wp:attachment":[{"href":"https:\/\/www.pronacom.org\/en\/wp-json\/wp\/v2\/media?parent=15597"}],"curies":[{"name":"wp","href":"https:\/\/api.w.org\/{rel}","templated":true}]}}