{"id":10455,"date":"2019-08-01T00:57:19","date_gmt":"2019-08-01T06:57:19","guid":{"rendered":"http:\/\/34.73.84.172\/?page_id=10455"},"modified":"2025-06-18T10:52:39","modified_gmt":"2025-06-18T16:52:39","slug":"autoridades-ministeriales","status":"publish","type":"page","link":"https:\/\/www.pronacom.org\/en\/autoridades-ministeriales\/","title":{"rendered":"Ministerial authorities"},"content":{"rendered":"<div data-elementor-type=\"wp-post\" data-elementor-id=\"10455\" class=\"elementor elementor-10455\" data-elementor-settings=\"[]\">\n\t\t\t\t\t\t<div class=\"elementor-inner\">\n\t\t\t\t\t\t\t<div class=\"elementor-section-wrap\">\n\t\t\t\t\t\t\t<section class=\"elementor-section elementor-top-section elementor-element elementor-element-127fe8a elementor-section-boxed elementor-section-height-default elementor-section-height-default\" data-id=\"127fe8a\" data-element_type=\"section\">\n\t\t\t\t\t\t<div class=\"elementor-container elementor-column-gap-default\">\n\t\t\t\t\t\t\t<div class=\"elementor-row\">\n\t\t\t\t\t<div class=\"elementor-column elementor-col-100 elementor-top-column elementor-element elementor-element-5925d7e\" data-id=\"5925d7e\" data-element_type=\"column\">\n\t\t\t<div class=\"elementor-column-wrap elementor-element-populated\">\n\t\t\t\t\t\t\t<div class=\"elementor-widget-wrap\">\n\t\t\t\t\t\t<div class=\"elementor-element elementor-element-5f5baae elementor-widget elementor-widget-heading\" data-id=\"5f5baae\" data-element_type=\"widget\" data-widget_type=\"heading.default\">\n\t\t\t\t<div class=\"elementor-widget-container\">\n\t\t\t<h1 class=\"elementor-heading-title elementor-size-xxl\"><a href=\"https:\/\/www.pronacom.org\/en\/autoridades\/coordinadora-general-de-pronacom-guatemala\/\" target=\"_blank\">Ministerial authorities<\/a><\/h1>\t\t<\/div>\n\t\t\t\t<\/div>\n\t\t\t\t<div class=\"elementor-element elementor-element-a06e0cf elementor-widget elementor-widget-spacer\" data-id=\"a06e0cf\" data-element_type=\"widget\" data-widget_type=\"spacer.default\">\n\t\t\t\t<div class=\"elementor-widget-container\">\n\t\t\t\t\t<div class=\"elementor-spacer\">\n\t\t\t<div class=\"elementor-spacer-inner\"><\/div>\n\t\t<\/div>\n\t\t\t\t<\/div>\n\t\t\t\t<\/div>\n\t\t\t\t<div class=\"elementor-element elementor-element-8b900f8 elementor-widget elementor-widget-heading\" data-id=\"8b900f8\" data-element_type=\"widget\" data-widget_type=\"heading.default\">\n\t\t\t\t<div class=\"elementor-widget-container\">\n\t\t\t<h3 class=\"elementor-heading-title elementor-size-xxl\"><a href=\"https:\/\/www.pronacom.org\/en\/autoridades\/coordinadora-general-de-pronacom-guatemala\/\" target=\"_blank\">Ministra de Econom\u00eda<\/a><\/h3>\t\t<\/div>\n\t\t\t\t<\/div>\n\t\t\t\t<div class=\"elementor-element elementor-element-cb49023 elementor-widget elementor-widget-text-editor\" data-id=\"cb49023\" data-element_type=\"widget\" data-widget_type=\"text-editor.default\">\n\t\t\t\t<div class=\"elementor-widget-container\">\n\t\t\t\t\t<div class=\"elementor-text-editor elementor-clearfix\"><p><span style=\"font-size: 14pt;\">Gabriela Garc\u00eda<\/span><\/p><\/div>\n\t\t\t\t<\/div>\n\t\t\t\t<\/div>\n\t\t\t\t\t\t<\/div>\n\t\t\t\t\t<\/div>\n\t\t<\/div>\n\t\t\t\t\t\t\t\t<\/div>\n\t\t\t\t\t<\/div>\n\t\t<\/section>\n\t\t\t\t<section class=\"elementor-section elementor-top-section elementor-element elementor-element-0dadff9 elementor-section-boxed elementor-section-height-default elementor-section-height-default\" data-id=\"0dadff9\" data-element_type=\"section\">\n\t\t\t\t\t\t<div class=\"elementor-container elementor-column-gap-default\">\n\t\t\t\t\t\t\t<div class=\"elementor-row\">\n\t\t\t\t\t<div class=\"elementor-column elementor-col-50 elementor-top-column elementor-element elementor-element-a7ad022\" data-id=\"a7ad022\" data-element_type=\"column\">\n\t\t\t<div class=\"elementor-column-wrap elementor-element-populated\">\n\t\t\t\t\t\t\t<div class=\"elementor-widget-wrap\">\n\t\t\t\t\t\t<div class=\"elementor-element elementor-element-43fa75d elementor-widget elementor-widget-image\" data-id=\"43fa75d\" data-element_type=\"widget\" data-widget_type=\"image.default\">\n\t\t\t\t<div class=\"elementor-widget-container\">\n\t\t\t\t\t<div class=\"elementor-image\">\n\t\t\t\t\t\t\t\t\t\t\t<a href=\"https:\/\/www.pronacom.org\/wp-content\/uploads\/2024\/06\/CV-Ministra-de-Economia.jpg\">\n\t\t\t\t\t\t\t<img width=\"300\" height=\"276\" src=\"https:\/\/www.pronacom.org\/wp-content\/uploads\/2024\/06\/Ministra-de-economia-300x276.png\" class=\"attachment-medium size-medium\" alt=\"\" loading=\"lazy\" srcset=\"https:\/\/www.pronacom.org\/wp-content\/uploads\/2024\/06\/Ministra-de-economia-300x276.png 300w, https:\/\/www.pronacom.org\/wp-content\/uploads\/2024\/06\/Ministra-de-economia-1024x942.png 1024w, https:\/\/www.pronacom.org\/wp-content\/uploads\/2024\/06\/Ministra-de-economia-768x706.png 768w, https:\/\/www.pronacom.org\/wp-content\/uploads\/2024\/06\/Ministra-de-economia-13x12.png 13w, https:\/\/www.pronacom.org\/wp-content\/uploads\/2024\/06\/Ministra-de-economia.png 1096w\" sizes=\"(max-width: 300px) 100vw, 300px\" \/>\t\t\t\t\t\t\t\t<\/a>\n\t\t\t\t\t\t\t\t\t\t\t<\/div>\n\t\t\t\t<\/div>\n\t\t\t\t<\/div>\n\t\t\t\t<div class=\"elementor-element elementor-element-9a608f1 elementor-widget elementor-widget-spacer\" data-id=\"9a608f1\" data-element_type=\"widget\" data-widget_type=\"spacer.default\">\n\t\t\t\t<div class=\"elementor-widget-container\">\n\t\t\t\t\t<div class=\"elementor-spacer\">\n\t\t\t<div class=\"elementor-spacer-inner\"><\/div>\n\t\t<\/div>\n\t\t\t\t<\/div>\n\t\t\t\t<\/div>\n\t\t\t\t<div class=\"elementor-element elementor-element-c0ff232 elementor-align-center elementor-widget elementor-widget-button\" data-id=\"c0ff232\" data-element_type=\"widget\" data-widget_type=\"button.default\">\n\t\t\t\t<div class=\"elementor-widget-container\">\n\t\t\t\t\t<div class=\"elementor-button-wrapper\">\n\t\t\t<a href=\"https:\/\/www.pronacom.org\/wp-content\/uploads\/2024\/06\/CV-Ministra-de-Economia.jpg\" target=\"_blank\" class=\"elementor-button-link elementor-button elementor-size-xs elementor-animation-grow\" role=\"button\">\n\t\t\t\t\t\t<span class=\"elementor-button-content-wrapper\">\n\t\t\t\t\t\t<span class=\"elementor-button-icon elementor-align-icon-left\">\n\t\t\t\t<i aria-hidden=\"true\" class=\"fas fa-arrow-down\"><\/i>\t\t\t<\/span>\n\t\t\t\t\t\t<span class=\"elementor-button-text\">Descargar CV<\/span>\n\t\t<\/span>\n\t\t\t\t\t<\/a>\n\t\t<\/div>\n\t\t\t\t<\/div>\n\t\t\t\t<\/div>\n\t\t\t\t\t\t<\/div>\n\t\t\t\t\t<\/div>\n\t\t<\/div>\n\t\t\t\t<div class=\"elementor-column elementor-col-50 elementor-top-column elementor-element elementor-element-fdb5f43\" data-id=\"fdb5f43\" data-element_type=\"column\">\n\t\t\t<div class=\"elementor-column-wrap elementor-element-populated\">\n\t\t\t\t\t\t\t<div class=\"elementor-widget-wrap\">\n\t\t\t\t\t\t<div class=\"elementor-element elementor-element-ca1932e elementor-widget elementor-widget-text-editor\" data-id=\"ca1932e\" data-element_type=\"widget\" data-widget_type=\"text-editor.default\">\n\t\t\t\t<div class=\"elementor-widget-container\">\n\t\t\t\t\t<div class=\"elementor-text-editor elementor-clearfix\"><p><span style=\"color: #000000;\">La Ministra<span style=\"color: #000080;\"> <strong>Gabriela Garc\u00eda<\/strong><\/span> es una experta con m\u00e1s de 25 a\u00f1os de experiencia en desarrollo econ\u00f3mico a nivel local y regional. Posee una Maestr\u00eda en Administraci\u00f3n de Proyectos de Desarrollo y una Licenciatura en Relaciones Internacionales de la American University en Washington D.C. Su trayectoria incluye liderazgo en la formulaci\u00f3n de programas para fomentar el comercio y atraer inversi\u00f3n extranjera directa, as\u00ed como roles destacados en organizaciones como USAID. Adem\u00e1s, cuenta con una amplia formaci\u00f3n acad\u00e9mica, incluyendo una Maestr\u00eda en Administraci\u00f3n del Desarrollo y un diplomado en Administraci\u00f3n de Organizaciones No Gubernamentales. M\u00e1s all\u00e1 de su labor profesional, ha sido activa en voluntariados relacionados con la protecci\u00f3n de la ni\u00f1ez y el desarrollo humano. Garc\u00eda ha sido reconocida como Fellow de Centro Am\u00e9rica Adelante y Fellow de Liderazgo de Voces Vitales, entre otros logros\u00a0destacados.<\/span><\/p><\/div>\n\t\t\t\t<\/div>\n\t\t\t\t<\/div>\n\t\t\t\t\t\t<\/div>\n\t\t\t\t\t<\/div>\n\t\t<\/div>\n\t\t\t\t\t\t\t\t<\/div>\n\t\t\t\t\t<\/div>\n\t\t<\/section>\n\t\t\t\t<section class=\"elementor-section elementor-top-section elementor-element elementor-element-ba97dc3 elementor-section-boxed elementor-section-height-default elementor-section-height-default\" data-id=\"ba97dc3\" data-element_type=\"section\">\n\t\t\t\t\t\t<div class=\"elementor-container elementor-column-gap-default\">\n\t\t\t\t\t\t\t<div class=\"elementor-row\">\n\t\t\t\t\t<div class=\"elementor-column elementor-col-100 elementor-top-column elementor-element elementor-element-45b1c3a\" data-id=\"45b1c3a\" data-element_type=\"column\">\n\t\t\t<div class=\"elementor-column-wrap elementor-element-populated\">\n\t\t\t\t\t\t\t<div class=\"elementor-widget-wrap\">\n\t\t\t\t\t\t<div class=\"elementor-element elementor-element-161f226 elementor-widget elementor-widget-heading\" data-id=\"161f226\" data-element_type=\"widget\" data-widget_type=\"heading.default\">\n\t\t\t\t<div class=\"elementor-widget-container\">\n\t\t\t<h3 class=\"elementor-heading-title elementor-size-xxl\"><a href=\"https:\/\/www.pronacom.org\/en\/autoridades\/coordinadora-general-de-pronacom-guatemala\/\" target=\"_blank\">Viceministra de Inversi\u00f3n y Competencia<\/a><\/h3>\t\t<\/div>\n\t\t\t\t<\/div>\n\t\t\t\t<div class=\"elementor-element elementor-element-8a759af elementor-widget elementor-widget-text-editor\" data-id=\"8a759af\" data-element_type=\"widget\" data-widget_type=\"text-editor.default\">\n\t\t\t\t<div class=\"elementor-widget-container\">\n\t\t\t\t\t<div class=\"elementor-text-editor elementor-clearfix\"><p>Valeria Mancilla Prado<\/p><\/div>\n\t\t\t\t<\/div>\n\t\t\t\t<\/div>\n\t\t\t\t\t\t<\/div>\n\t\t\t\t\t<\/div>\n\t\t<\/div>\n\t\t\t\t\t\t\t\t<\/div>\n\t\t\t\t\t<\/div>\n\t\t<\/section>\n\t\t\t\t<section class=\"elementor-section elementor-top-section elementor-element elementor-element-05e17bb elementor-section-boxed elementor-section-height-default elementor-section-height-default\" data-id=\"05e17bb\" data-element_type=\"section\">\n\t\t\t\t\t\t<div class=\"elementor-container elementor-column-gap-default\">\n\t\t\t\t\t\t\t<div class=\"elementor-row\">\n\t\t\t\t\t<div class=\"elementor-column elementor-col-50 elementor-top-column elementor-element elementor-element-beb5c3b\" data-id=\"beb5c3b\" data-element_type=\"column\">\n\t\t\t<div class=\"elementor-column-wrap elementor-element-populated\">\n\t\t\t\t\t\t\t<div class=\"elementor-widget-wrap\">\n\t\t\t\t\t\t<div class=\"elementor-element elementor-element-896b3c6 elementor-widget elementor-widget-image\" data-id=\"896b3c6\" data-element_type=\"widget\" data-widget_type=\"image.default\">\n\t\t\t\t<div class=\"elementor-widget-container\">\n\t\t\t\t\t<div class=\"elementor-image\">\n\t\t\t\t\t\t\t\t\t\t\t<a href=\"https:\/\/www.pronacom.org\/wp-content\/uploads\/2024\/06\/CV-Ministra-de-Economia.jpg\">\n\t\t\t\t\t\t\t<img width=\"300\" height=\"300\" src=\"https:\/\/www.pronacom.org\/wp-content\/uploads\/2025\/06\/Foto-viceministra-VAR-PRADO-300x300.jpg\" class=\"attachment-medium size-medium\" alt=\"\" loading=\"lazy\" srcset=\"https:\/\/www.pronacom.org\/wp-content\/uploads\/2025\/06\/Foto-viceministra-VAR-PRADO-300x300.jpg 300w, https:\/\/www.pronacom.org\/wp-content\/uploads\/2025\/06\/Foto-viceministra-VAR-PRADO-1024x1024.jpg 1024w, https:\/\/www.pronacom.org\/wp-content\/uploads\/2025\/06\/Foto-viceministra-VAR-PRADO-150x150.jpg 150w, https:\/\/www.pronacom.org\/wp-content\/uploads\/2025\/06\/Foto-viceministra-VAR-PRADO-768x768.jpg 768w, https:\/\/www.pronacom.org\/wp-content\/uploads\/2025\/06\/Foto-viceministra-VAR-PRADO-1536x1536.jpg 1536w, https:\/\/www.pronacom.org\/wp-content\/uploads\/2025\/06\/Foto-viceministra-VAR-PRADO-12x12.jpg 12w, https:\/\/www.pronacom.org\/wp-content\/uploads\/2025\/06\/Foto-viceministra-VAR-PRADO-185x185.jpg 185w, https:\/\/www.pronacom.org\/wp-content\/uploads\/2025\/06\/Foto-viceministra-VAR-PRADO.jpg 1708w\" sizes=\"(max-width: 300px) 100vw, 300px\" \/>\t\t\t\t\t\t\t\t<\/a>\n\t\t\t\t\t\t\t\t\t\t\t<\/div>\n\t\t\t\t<\/div>\n\t\t\t\t<\/div>\n\t\t\t\t<div class=\"elementor-element elementor-element-d8546dd elementor-widget elementor-widget-spacer\" data-id=\"d8546dd\" data-element_type=\"widget\" data-widget_type=\"spacer.default\">\n\t\t\t\t<div class=\"elementor-widget-container\">\n\t\t\t\t\t<div class=\"elementor-spacer\">\n\t\t\t<div class=\"elementor-spacer-inner\"><\/div>\n\t\t<\/div>\n\t\t\t\t<\/div>\n\t\t\t\t<\/div>\n\t\t\t\t<div class=\"elementor-element elementor-element-4d6be03 elementor-align-center elementor-widget elementor-widget-button\" data-id=\"4d6be03\" data-element_type=\"widget\" data-widget_type=\"button.default\">\n\t\t\t\t<div class=\"elementor-widget-container\">\n\t\t\t\t\t<div class=\"elementor-button-wrapper\">\n\t\t\t<a href=\"https:\/\/www.pronacom.org\/wp-content\/uploads\/2024\/06\/CV-Ministra-de-Economia.jpg\" target=\"_blank\" class=\"elementor-button-link elementor-button elementor-size-xs elementor-animation-grow\" role=\"button\">\n\t\t\t\t\t\t<span class=\"elementor-button-content-wrapper\">\n\t\t\t\t\t\t<span class=\"elementor-button-icon elementor-align-icon-left\">\n\t\t\t\t<i aria-hidden=\"true\" class=\"fas fa-arrow-down\"><\/i>\t\t\t<\/span>\n\t\t\t\t\t\t<span class=\"elementor-button-text\">Descargar CV<\/span>\n\t\t<\/span>\n\t\t\t\t\t<\/a>\n\t\t<\/div>\n\t\t\t\t<\/div>\n\t\t\t\t<\/div>\n\t\t\t\t\t\t<\/div>\n\t\t\t\t\t<\/div>\n\t\t<\/div>\n\t\t\t\t<div class=\"elementor-column elementor-col-50 elementor-top-column elementor-element elementor-element-3258b14\" data-id=\"3258b14\" data-element_type=\"column\">\n\t\t\t<div class=\"elementor-column-wrap elementor-element-populated\">\n\t\t\t\t\t\t\t<div class=\"elementor-widget-wrap\">\n\t\t\t\t\t\t<div class=\"elementor-element elementor-element-f57c6f1 elementor-widget elementor-widget-text-editor\" data-id=\"f57c6f1\" data-element_type=\"widget\" data-widget_type=\"text-editor.default\">\n\t\t\t\t<div class=\"elementor-widget-container\">\n\t\t\t\t\t<div class=\"elementor-text-editor elementor-clearfix\"><p data-start=\"153\" data-end=\"448\">La Viceministra <span style=\"color: #333399;\"><strong data-start=\"153\" data-end=\"183\">Ana Valeria Prado Mancilla<\/strong><\/span> es abogada y notaria, con especializaci\u00f3n en Derecho Corporativo y Comercio Internacional. Cuenta con m\u00e1s de 15 a\u00f1os de experiencia en sostenibilidad, gesti\u00f3n ambiental, desarrollo comunitario y promoci\u00f3n de inversiones. A lo largo de su carrera ha liderado proyectos estrat\u00e9gicos en los sectores energ\u00e9tico e hidroel\u00e9ctrico, impulsando programas sociales, procesos de certificaci\u00f3n ambiental y el cumplimiento de normativas nacionales e internacionales. Ha trabajado como consultora para organismos internacionales como el Banco Interamericano de Desarrollo (BID) y ha compartido su conocimiento como catedr\u00e1tica universitaria. Su trayectoria refleja un compromiso firme con la construcci\u00f3n de un entorno m\u00e1s justo, sostenible y competitivo para Guatemala.<\/p><\/div>\n\t\t\t\t<\/div>\n\t\t\t\t<\/div>\n\t\t\t\t\t\t<\/div>\n\t\t\t\t\t<\/div>\n\t\t<\/div>\n\t\t\t\t\t\t\t\t<\/div>\n\t\t\t\t\t<\/div>\n\t\t<\/section>\n\t\t\t\t<section class=\"elementor-section elementor-top-section elementor-element elementor-element-9e97e33 elementor-section-boxed elementor-section-height-default elementor-section-height-default\" data-id=\"9e97e33\" data-element_type=\"section\">\n\t\t\t\t\t\t<div class=\"elementor-container elementor-column-gap-default\">\n\t\t\t\t\t\t\t<div class=\"elementor-row\">\n\t\t\t\t\t<div class=\"elementor-column elementor-col-100 elementor-top-column elementor-element elementor-element-c94fafc\" data-id=\"c94fafc\" data-element_type=\"column\">\n\t\t\t<div class=\"elementor-column-wrap elementor-element-populated\">\n\t\t\t\t\t\t\t<div class=\"elementor-widget-wrap\">\n\t\t\t\t\t\t<div class=\"elementor-element elementor-element-138db28 elementor-widget elementor-widget-spacer\" data-id=\"138db28\" data-element_type=\"widget\" data-widget_type=\"spacer.default\">\n\t\t\t\t<div class=\"elementor-widget-container\">\n\t\t\t\t\t<div class=\"elementor-spacer\">\n\t\t\t<div class=\"elementor-spacer-inner\"><\/div>\n\t\t<\/div>\n\t\t\t\t<\/div>\n\t\t\t\t<\/div>\n\t\t\t\t\t\t<\/div>\n\t\t\t\t\t<\/div>\n\t\t<\/div>\n\t\t\t\t\t\t\t\t<\/div>\n\t\t\t\t\t<\/div>\n\t\t<\/section>\n\t\t\t\t\t\t<\/div>\n\t\t\t\t\t\t<\/div>\n\t\t\t\t\t<\/div>","protected":false},"excerpt":{"rendered":"<p>Autoridades Ministeriales Ministra de Econom\u00eda Gabriela Garc\u00eda Descargar CV La Ministra Gabriela Garc\u00eda es una experta con m\u00e1s de 25 a\u00f1os de experiencia en desarrollo econ\u00f3mico a nivel local y regional. Posee una Maestr\u00eda en Administraci\u00f3n de Proyectos de Desarrollo y una Licenciatura en Relaciones Internacionales de la American University en Washington D.C. Su trayectoria &hellip;<\/p>","protected":false},"author":2,"featured_media":0,"parent":0,"menu_order":0,"comment_status":"closed","ping_status":"closed","template":"template-fullwidth.php","meta":[],"yoast_head":"<!-- This site is optimized with the Yoast SEO plugin v15.6.2 - https:\/\/yoast.com\/wordpress\/plugins\/seo\/ -->\n<title>Autoridades Ministeriales - PRONACOM<\/title>\n<meta name=\"robots\" content=\"index, follow, max-snippet:-1, max-image-preview:large, max-video-preview:-1\" \/>\n<link rel=\"canonical\" href=\"https:\/\/www.pronacom.org\/en\/autoridades-ministeriales\/\" \/>\n<meta property=\"og:locale\" content=\"en_US\" \/>\n<meta property=\"og:type\" content=\"article\" \/>\n<meta property=\"og:title\" content=\"Autoridades Ministeriales - PRONACOM\" \/>\n<meta property=\"og:description\" content=\"Autoridades Ministeriales Ministra de Econom\u00eda Gabriela Garc\u00eda Descargar CV La Ministra Gabriela Garc\u00eda es una experta con m\u00e1s de 25 a\u00f1os de experiencia en desarrollo econ\u00f3mico a nivel local y regional. Posee una Maestr\u00eda en Administraci\u00f3n de Proyectos de Desarrollo y una Licenciatura en Relaciones Internacionales de la American University en Washington D.C. Su trayectoria &hellip;\" \/>\n<meta property=\"og:url\" content=\"https:\/\/www.pronacom.org\/en\/autoridades-ministeriales\/\" \/>\n<meta property=\"og:site_name\" content=\"PRONACOM\" \/>\n<meta property=\"article:publisher\" content=\"https:\/\/www.facebook.com\/Pronacomgt\/\" \/>\n<meta property=\"article:modified_time\" content=\"2025-06-18T16:52:39+00:00\" \/>\n<meta property=\"og:image\" content=\"https:\/\/www.pronacom.org\/wp-content\/uploads\/2024\/06\/Ministra-de-economia-300x276.png\" \/>\n<meta name=\"twitter:card\" content=\"summary_large_image\" \/>\n<meta name=\"twitter:site\" content=\"@PRONACOMGT\" \/>\n<meta name=\"twitter:label1\" content=\"Est. reading time\">\n\t<meta name=\"twitter:data1\" content=\"2 minutes\">\n<script type=\"application\/ld+json\" class=\"yoast-schema-graph\">{\"@context\":\"https:\/\/schema.org\",\"@graph\":[{\"@type\":\"Organization\",\"@id\":\"https:\/\/www.pronacom.org\/en\/#organization\",\"name\":\"PRONACOM\",\"url\":\"https:\/\/www.pronacom.org\/en\/\",\"sameAs\":[\"https:\/\/www.facebook.com\/Pronacomgt\/\",\"https:\/\/www.instagram.com\/pronacomgt\/\",\"https:\/\/www.linkedin.com\/authwall?trk=gf&amp;amp;amp;trkInfo=AQGH7Mi-f70EDAAAAWv5JAmoGFXJ8B2rxURVcu6cPIj-oDKkC19SAMj6UtFyNiKz20TkwAXGNiSB81fV5dt-WXgm3GdF9CLAhH4xONAQukTUqZy1I5ETfhu_C16iHxO-aFrINSU=&amp;amp;amp;originalReferer&amp;amp;amp;sessionRedirect=https:\/\/gt.linkedin.com\/company\/pronacom\",\"https:\/\/www.youtube.com\/channel\/UCw3KIgxOkQQjvGQvvTfH6tA\",\"https:\/\/twitter.com\/PRONACOMGT\"],\"logo\":{\"@type\":\"ImageObject\",\"@id\":\"https:\/\/www.pronacom.org\/en\/#logo\",\"inLanguage\":\"en-US\",\"url\":\"https:\/\/www.pronacom.org\/wp-content\/uploads\/2019\/03\/Logo-Pronacom.png\",\"width\":842,\"height\":209,\"caption\":\"PRONACOM\"},\"image\":{\"@id\":\"https:\/\/www.pronacom.org\/en\/#logo\"}},{\"@type\":\"WebSite\",\"@id\":\"https:\/\/www.pronacom.org\/en\/#website\",\"url\":\"https:\/\/www.pronacom.org\/en\/\",\"name\":\"PRONACOM\",\"description\":\"\",\"publisher\":{\"@id\":\"https:\/\/www.pronacom.org\/en\/#organization\"},\"potentialAction\":[{\"@type\":\"SearchAction\",\"target\":\"https:\/\/www.pronacom.org\/en\/?s={search_term_string}\",\"query-input\":\"required name=search_term_string\"}],\"inLanguage\":\"en-US\"},{\"@type\":\"ImageObject\",\"@id\":\"https:\/\/www.pronacom.org\/en\/autoridades-ministeriales\/#primaryimage\",\"inLanguage\":\"en-US\",\"url\":\"https:\/\/www.pronacom.org\/wp-content\/uploads\/2024\/06\/Ministra-de-economia.png\",\"width\":1096,\"height\":1008},{\"@type\":\"WebPage\",\"@id\":\"https:\/\/www.pronacom.org\/en\/autoridades-ministeriales\/#webpage\",\"url\":\"https:\/\/www.pronacom.org\/en\/autoridades-ministeriales\/\",\"name\":\"Autoridades Ministeriales - PRONACOM\",\"isPartOf\":{\"@id\":\"https:\/\/www.pronacom.org\/en\/#website\"},\"primaryImageOfPage\":{\"@id\":\"https:\/\/www.pronacom.org\/en\/autoridades-ministeriales\/#primaryimage\"},\"datePublished\":\"2019-08-01T06:57:19+00:00\",\"dateModified\":\"2025-06-18T16:52:39+00:00\",\"inLanguage\":\"en-US\",\"potentialAction\":[{\"@type\":\"ReadAction\",\"target\":[\"https:\/\/www.pronacom.org\/en\/autoridades-ministeriales\/\"]}]}]}<\/script>\n<!-- \/ Yoast SEO plugin. -->","_links":{"self":[{"href":"https:\/\/www.pronacom.org\/en\/wp-json\/wp\/v2\/pages\/10455"}],"collection":[{"href":"https:\/\/www.pronacom.org\/en\/wp-json\/wp\/v2\/pages"}],"about":[{"href":"https:\/\/www.pronacom.org\/en\/wp-json\/wp\/v2\/types\/page"}],"author":[{"embeddable":true,"href":"https:\/\/www.pronacom.org\/en\/wp-json\/wp\/v2\/users\/2"}],"replies":[{"embeddable":true,"href":"https:\/\/www.pronacom.org\/en\/wp-json\/wp\/v2\/comments?post=10455"}],"version-history":[{"count":149,"href":"https:\/\/www.pronacom.org\/en\/wp-json\/wp\/v2\/pages\/10455\/revisions"}],"predecessor-version":[{"id":20138,"href":"https:\/\/www.pronacom.org\/en\/wp-json\/wp\/v2\/pages\/10455\/revisions\/20138"}],"wp:attachment":[{"href":"https:\/\/www.pronacom.org\/en\/wp-json\/wp\/v2\/media?parent=10455"}],"curies":[{"name":"wp","href":"https:\/\/api.w.org\/{rel}","templated":true}]}}