{"id":10446,"date":"2019-08-01T00:47:08","date_gmt":"2019-08-01T06:47:08","guid":{"rendered":"http:\/\/34.73.84.172\/?page_id=10446"},"modified":"2022-01-17T16:08:00","modified_gmt":"2022-01-17T22:08:00","slug":"unidad-ejecutora","status":"publish","type":"page","link":"https:\/\/www.pronacom.org\/en\/estructura\/unidad-ejecutora\/","title":{"rendered":"Unidad Especial de Ejecuci\u00f3n"},"content":{"rendered":"<div data-elementor-type=\"wp-post\" data-elementor-id=\"10446\" class=\"elementor elementor-10446\" data-elementor-settings=\"[]\">\n\t\t\t\t\t\t<div class=\"elementor-inner\">\n\t\t\t\t\t\t\t<div class=\"elementor-section-wrap\">\n\t\t\t\t\t\t\t<section class=\"elementor-section elementor-top-section elementor-element elementor-element-5bcd7b7 elementor-section-boxed elementor-section-height-default elementor-section-height-default\" data-id=\"5bcd7b7\" data-element_type=\"section\">\n\t\t\t\t\t\t<div class=\"elementor-container elementor-column-gap-default\">\n\t\t\t\t\t\t\t<div class=\"elementor-row\">\n\t\t\t\t\t<div class=\"elementor-column elementor-col-100 elementor-top-column elementor-element elementor-element-96200fb\" data-id=\"96200fb\" data-element_type=\"column\">\n\t\t\t<div class=\"elementor-column-wrap elementor-element-populated\">\n\t\t\t\t\t\t\t<div class=\"elementor-widget-wrap\">\n\t\t\t\t\t\t<div class=\"elementor-element elementor-element-075edf9 elementor-widget elementor-widget-text-editor\" data-id=\"075edf9\" data-element_type=\"widget\" data-widget_type=\"text-editor.default\">\n\t\t\t\t<div class=\"elementor-widget-container\">\n\t\t\t\t\t<div class=\"elementor-text-editor elementor-clearfix\"><p><span style=\"color: #000000; font-family: 'Open Sans'; font-size: 12pt;\">La unidad especial de ejecuci\u00f3n de PRONACOM se integra de la siguiente manera: <\/span><\/p><p><span style=\"color: #000000; font-family: 'Open Sans'; font-size: 12pt;\">a) El Director Ejecutivo, nombrado directamente por el Ministro de Econom\u00eda, a propuesta del Comit\u00e9 Ejecutivo, <\/span><\/p><p><span style=\"color: #000000; font-family: 'Open Sans'; font-size: 12pt;\">b) La subdirecci\u00f3n ejecutiva, <\/span><\/p><p><span style=\"color: #000000; font-family: 'Open Sans'; font-size: 12pt;\">c) La Unidad Administrativa Financiera; <\/span><\/p><p><span style=\"color: #000000; font-family: 'Open Sans'; font-size: 12pt;\">d) Los consultores t\u00e9cnicos y profesionales, as\u00ed como el personal de apoyo que se requiera, para el desempe\u00f1o de sus fines.<\/span><\/p><p><span style=\"color: #000000; font-family: 'Open Sans'; font-size: 12pt;\">Para la ejecuci\u00f3n de sus funciones y el cumplimiento de sus objetivos, la Unidad Especial de Ejecuci\u00f3n del Programa se rige por lo estipulado en la Ley Org\u00e1nica del Presupuesto, Ley de Compras y Contrataciones del Estado y otras leyes afines que le sean aplicables.<\/span><\/p><\/div>\n\t\t\t\t<\/div>\n\t\t\t\t<\/div>\n\t\t\t\t\t\t<\/div>\n\t\t\t\t\t<\/div>\n\t\t<\/div>\n\t\t\t\t\t\t\t\t<\/div>\n\t\t\t\t\t<\/div>\n\t\t<\/section>\n\t\t\t\t\t\t<\/div>\n\t\t\t\t\t\t<\/div>\n\t\t\t\t\t<\/div>","protected":false},"excerpt":{"rendered":"<p>La unidad especial de ejecuci\u00f3n de PRONACOM se integra de la siguiente manera: a) El Director Ejecutivo, nombrado directamente por el Ministro de Econom\u00eda, a propuesta del Comit\u00e9 Ejecutivo, b) La subdirecci\u00f3n ejecutiva, c) La Unidad Administrativa Financiera; d) Los consultores t\u00e9cnicos y profesionales, as\u00ed como el personal de apoyo que se requiera, para el &hellip;<\/p>","protected":false},"author":2,"featured_media":0,"parent":10400,"menu_order":0,"comment_status":"closed","ping_status":"closed","template":"template-fullwidth.php","meta":[],"yoast_head":"<!-- This site is optimized with the Yoast SEO plugin v15.6.2 - https:\/\/yoast.com\/wordpress\/plugins\/seo\/ -->\n<title>Unidad Especial de Ejecuci\u00f3n - PRONACOM<\/title>\n<meta name=\"robots\" content=\"index, follow, max-snippet:-1, max-image-preview:large, max-video-preview:-1\" \/>\n<link rel=\"canonical\" href=\"https:\/\/www.pronacom.org\/en\/estructura\/unidad-ejecutora\/\" \/>\n<meta property=\"og:locale\" content=\"en_US\" \/>\n<meta property=\"og:type\" content=\"article\" \/>\n<meta property=\"og:title\" content=\"Unidad Especial de Ejecuci\u00f3n - PRONACOM\" \/>\n<meta property=\"og:description\" content=\"La unidad especial de ejecuci\u00f3n de PRONACOM se integra de la siguiente manera: a) El Director Ejecutivo, nombrado directamente por el Ministro de Econom\u00eda, a propuesta del Comit\u00e9 Ejecutivo, b) La subdirecci\u00f3n ejecutiva, c) La Unidad Administrativa Financiera; d) Los consultores t\u00e9cnicos y profesionales, as\u00ed como el personal de apoyo que se requiera, para el &hellip;\" \/>\n<meta property=\"og:url\" content=\"https:\/\/www.pronacom.org\/en\/estructura\/unidad-ejecutora\/\" \/>\n<meta property=\"og:site_name\" content=\"PRONACOM\" \/>\n<meta property=\"article:publisher\" content=\"https:\/\/www.facebook.com\/Pronacomgt\/\" \/>\n<meta property=\"article:modified_time\" content=\"2022-01-17T22:08:00+00:00\" \/>\n<meta name=\"twitter:card\" content=\"summary_large_image\" \/>\n<meta name=\"twitter:site\" content=\"@PRONACOMGT\" \/>\n<meta name=\"twitter:label1\" content=\"Est. reading time\">\n\t<meta name=\"twitter:data1\" content=\"1 minute\">\n<script type=\"application\/ld+json\" class=\"yoast-schema-graph\">{\"@context\":\"https:\/\/schema.org\",\"@graph\":[{\"@type\":\"Organization\",\"@id\":\"https:\/\/www.pronacom.org\/en\/#organization\",\"name\":\"PRONACOM\",\"url\":\"https:\/\/www.pronacom.org\/en\/\",\"sameAs\":[\"https:\/\/www.facebook.com\/Pronacomgt\/\",\"https:\/\/www.instagram.com\/pronacomgt\/\",\"https:\/\/www.linkedin.com\/authwall?trk=gf&amp;amp;amp;trkInfo=AQGH7Mi-f70EDAAAAWv5JAmoGFXJ8B2rxURVcu6cPIj-oDKkC19SAMj6UtFyNiKz20TkwAXGNiSB81fV5dt-WXgm3GdF9CLAhH4xONAQukTUqZy1I5ETfhu_C16iHxO-aFrINSU=&amp;amp;amp;originalReferer&amp;amp;amp;sessionRedirect=https:\/\/gt.linkedin.com\/company\/pronacom\",\"https:\/\/www.youtube.com\/channel\/UCw3KIgxOkQQjvGQvvTfH6tA\",\"https:\/\/twitter.com\/PRONACOMGT\"],\"logo\":{\"@type\":\"ImageObject\",\"@id\":\"https:\/\/www.pronacom.org\/en\/#logo\",\"inLanguage\":\"en-US\",\"url\":\"https:\/\/www.pronacom.org\/wp-content\/uploads\/2019\/03\/Logo-Pronacom.png\",\"width\":842,\"height\":209,\"caption\":\"PRONACOM\"},\"image\":{\"@id\":\"https:\/\/www.pronacom.org\/en\/#logo\"}},{\"@type\":\"WebSite\",\"@id\":\"https:\/\/www.pronacom.org\/en\/#website\",\"url\":\"https:\/\/www.pronacom.org\/en\/\",\"name\":\"PRONACOM\",\"description\":\"\",\"publisher\":{\"@id\":\"https:\/\/www.pronacom.org\/en\/#organization\"},\"potentialAction\":[{\"@type\":\"SearchAction\",\"target\":\"https:\/\/www.pronacom.org\/en\/?s={search_term_string}\",\"query-input\":\"required name=search_term_string\"}],\"inLanguage\":\"en-US\"},{\"@type\":\"WebPage\",\"@id\":\"https:\/\/www.pronacom.org\/en\/estructura\/unidad-ejecutora\/#webpage\",\"url\":\"https:\/\/www.pronacom.org\/en\/estructura\/unidad-ejecutora\/\",\"name\":\"Unidad Especial de Ejecuci\\u00f3n - PRONACOM\",\"isPartOf\":{\"@id\":\"https:\/\/www.pronacom.org\/en\/#website\"},\"datePublished\":\"2019-08-01T06:47:08+00:00\",\"dateModified\":\"2022-01-17T22:08:00+00:00\",\"inLanguage\":\"en-US\",\"potentialAction\":[{\"@type\":\"ReadAction\",\"target\":[\"https:\/\/www.pronacom.org\/en\/estructura\/unidad-ejecutora\/\"]}]}]}<\/script>\n<!-- \/ Yoast SEO plugin. -->","_links":{"self":[{"href":"https:\/\/www.pronacom.org\/en\/wp-json\/wp\/v2\/pages\/10446"}],"collection":[{"href":"https:\/\/www.pronacom.org\/en\/wp-json\/wp\/v2\/pages"}],"about":[{"href":"https:\/\/www.pronacom.org\/en\/wp-json\/wp\/v2\/types\/page"}],"author":[{"embeddable":true,"href":"https:\/\/www.pronacom.org\/en\/wp-json\/wp\/v2\/users\/2"}],"replies":[{"embeddable":true,"href":"https:\/\/www.pronacom.org\/en\/wp-json\/wp\/v2\/comments?post=10446"}],"version-history":[{"count":9,"href":"https:\/\/www.pronacom.org\/en\/wp-json\/wp\/v2\/pages\/10446\/revisions"}],"predecessor-version":[{"id":15413,"href":"https:\/\/www.pronacom.org\/en\/wp-json\/wp\/v2\/pages\/10446\/revisions\/15413"}],"up":[{"embeddable":true,"href":"https:\/\/www.pronacom.org\/en\/wp-json\/wp\/v2\/pages\/10400"}],"wp:attachment":[{"href":"https:\/\/www.pronacom.org\/en\/wp-json\/wp\/v2\/media?parent=10446"}],"curies":[{"name":"wp","href":"https:\/\/api.w.org\/{rel}","templated":true}]}}