{"id":10434,"date":"2019-08-01T00:32:01","date_gmt":"2019-08-01T06:32:01","guid":{"rendered":"http:\/\/34.73.84.172\/?page_id=10434"},"modified":"2022-01-17T15:59:14","modified_gmt":"2022-01-17T21:59:14","slug":"comite-ejecutivo","status":"publish","type":"page","link":"https:\/\/www.pronacom.org\/en\/estructura\/comite-ejecutivo\/","title":{"rendered":"Comit\u00e9 Ejecutivo"},"content":{"rendered":"<div data-elementor-type=\"wp-post\" data-elementor-id=\"10434\" class=\"elementor elementor-10434\" data-elementor-settings=\"[]\">\n\t\t\t\t\t\t<div class=\"elementor-inner\">\n\t\t\t\t\t\t\t<div class=\"elementor-section-wrap\">\n\t\t\t\t\t\t\t<section class=\"elementor-section elementor-top-section elementor-element elementor-element-12645f8 elementor-section-boxed elementor-section-height-default elementor-section-height-default\" data-id=\"12645f8\" data-element_type=\"section\">\n\t\t\t\t\t\t<div class=\"elementor-container elementor-column-gap-default\">\n\t\t\t\t\t\t\t<div class=\"elementor-row\">\n\t\t\t\t\t<div class=\"elementor-column elementor-col-100 elementor-top-column elementor-element elementor-element-8a7eda7\" data-id=\"8a7eda7\" data-element_type=\"column\">\n\t\t\t<div class=\"elementor-column-wrap elementor-element-populated\">\n\t\t\t\t\t\t\t<div class=\"elementor-widget-wrap\">\n\t\t\t\t\t\t<div class=\"elementor-element elementor-element-9ddff40 elementor-widget elementor-widget-text-editor\" data-id=\"9ddff40\" data-element_type=\"widget\" data-widget_type=\"text-editor.default\">\n\t\t\t\t<div class=\"elementor-widget-container\">\n\t\t\t\t\t<div class=\"elementor-text-editor elementor-clearfix\"><p style=\"text-align: justify;\"><span style=\"color: #000000; font-family: 'Open Sans'; font-weight: var( --e-global-typography-text-font-weight ); font-size: 12pt;\">La conformaci\u00f3n del Comit\u00e9 Ejecutivo de PRONACOM seg\u00fan el art\u00edculo 4 del Acuerdo Gubernativo 306-2004 y que fue reformado por el Acuerdo Gubernativo 192-2016, est\u00e1 especificada de la siguiente manera.<\/span><\/p><p style=\"text-align: justify;\"><span style=\"color: #000000; font-family: 'Open Sans'; font-size: 12pt;\"><strong>1.<\/strong> Presidencia, por parte del Coordinador General del Comit\u00e9 Ejecutivo, nombrado por el Presidente de la Rep\u00fablica, quien tendr\u00e1 un voto;<\/span><\/p><p dir=\"\" style=\"text-align: justify;\"><span style=\"color: #000000; font-family: 'Open Sans'; font-size: 12pt;\"><strong>2.<\/strong> Un Coordinado General Adjunto, nombrado por el Presidente de la Rep\u00fablica, quien tendr\u00e1 un voto y lo presidir\u00e1 en ausencia del Coordinador General;<\/span><\/p><p dir=\"\" style=\"text-align: justify;\"><span style=\"color: #000000; font-family: 'Open Sans'; font-size: 12pt;\"><strong>3.<\/strong> Un coordinador del Sector P\u00fablico, representado por el Ministro de Econom\u00eda o el Viceministro de Inversi\u00f3n y Competencia, quien tendr\u00e1 un voto;<\/span><\/p><p dir=\"\" style=\"text-align: justify;\"><span style=\"color: #000000; font-family: 'Open Sans'; font-size: 12pt;\"><strong>4.<\/strong> Un Coordinador del Sector Empresarial, nombrado por el Presidente de la Rep\u00fablica, de una terna propuesta por las entidades del sector empresarial organizado, representadas en PRONACOM, quien tendr\u00e1 un voto;<\/span><\/p><p dir=\"\" style=\"text-align: justify;\"><span style=\"color: #000000; font-family: 'Open Sans'; font-size: 12pt;\"><strong>5.<\/strong> Dos representantes del Comit\u00e9 Coordinador de Asociaciones Agr\u00edcolas, Comerciales, Industriales y Financieras (CACIF), quienes tendr\u00e1n un voto cada uno;<\/span><\/p><p dir=\"\" style=\"text-align: justify;\"><span style=\"color: #000000; font-family: 'Open Sans'; font-size: 12pt;\"><strong>6.<\/strong> Un representante de Confederaci\u00f3n Guatemalteca de Federaciones Cooperativas, responsabilidad Limitada \u201cCONFECOOP\u201d, quien tendr\u00e1 un voto;<\/span><\/p><p dir=\"\" style=\"text-align: justify;\"><span style=\"color: #000000; font-family: 'Open Sans'; font-size: 12pt;\"><strong>7.<\/strong> Un representante de Confederaci\u00f3n Integral Guatemalteca de Federaciones de Cooperativas de Ahorro y Cr\u00e9dito, Responsabilidad Limitada \u201cCONFECOAC, R.L.\u201d, quien tendr\u00e1 un voto;<\/span><\/p><p dir=\"\" style=\"text-align: justify;\"><span style=\"color: #000000; font-family: 'Open Sans'; font-size: 12pt;\"><strong>8.<\/strong> Un representante del Consejo Privado de Competitividad, quien tendr\u00e1 un voto;<\/span><\/p><p dir=\"\" style=\"text-align: justify;\"><span style=\"color: #000000; font-family: 'Open Sans'; font-size: 12pt;\"><strong>9.<\/strong> Un representante del Consejo Econ\u00f3mico y Social de Guatemala \u2013CES-, quien tendr\u00e1 un voto;<\/span><\/p><p dir=\"\" style=\"text-align: justify;\"><span style=\"color: #000000; font-family: 'Open Sans'; font-size: 12pt;\"><strong>10.<\/strong> Un representante de la Fundaci\u00f3n para el Desarrollo de Guatemala \u2013FUNDESA-, quien tendr\u00e1 un voto;<\/span><\/p><p dir=\"\" style=\"text-align: justify;\"><span style=\"color: #000000; font-family: 'Open Sans'; font-size: 12pt;\"><strong>11.<\/strong> Un representante del Ministerio de Relaciones Exteriores, quien tendr\u00e1 un voto;<\/span><\/p><p dir=\"\" style=\"text-align: justify;\"><span style=\"color: #000000; font-family: 'Open Sans'; font-size: 12pt;\"><strong>12.<\/strong> Un representante de la Federaci\u00f3n de la Peque\u00f1a y Mediana Empresa \u2013FEPYME-, quien tendr\u00e1 un voto;<\/span><\/p><p dir=\"\" style=\"text-align: justify;\"><span style=\"color: #000000; font-family: 'Open Sans'; font-size: 12pt;\"><strong>13.<\/strong> El Director Ejecutivo de PRONACOM, quien participar\u00e1 en las sesiones con voz, pero sin voto, y ser\u00e1 el Secretario del Comit\u00e9 Ejecutivo.<\/span><\/p><p dir=\"\" style=\"text-align: justify;\"><span style=\"color: #000000; font-family: 'Open Sans'; font-size: 12pt;\"><strong>14.<\/strong> Como invitados estar\u00e1n la Asociaci\u00f3n Guatemalteca de Exportadores \u2013AGEXPORT-, la C\u00e1mara de Industria de Guatemala \u2013CIG-, Grupos Gestores, la Secretar\u00eda General de Planificaci\u00f3n y Programaci\u00f3n de la Presidencia \u2013SEGEPL\u00c1N- y Consejo de Ense\u00f1anza Privada Superior.<\/span><\/p><p style=\"text-align: justify;\"><span style=\"color: #000000; font-family: 'Open Sans'; font-size: 12pt;\">Adicionalmente el Comit\u00e9 Ejecutivo podr\u00e1 invitar a representantes de otras instituciones o expertos, cuando lo considere conveniente, quienes en calidad de invitados tendr\u00e1n voz, pero no voto.<\/span><\/p><\/div>\n\t\t\t\t<\/div>\n\t\t\t\t<\/div>\n\t\t\t\t\t\t<\/div>\n\t\t\t\t\t<\/div>\n\t\t<\/div>\n\t\t\t\t\t\t\t\t<\/div>\n\t\t\t\t\t<\/div>\n\t\t<\/section>\n\t\t\t\t\t\t<\/div>\n\t\t\t\t\t\t<\/div>\n\t\t\t\t\t<\/div>","protected":false},"excerpt":{"rendered":"<p>La conformaci\u00f3n del Comit\u00e9 Ejecutivo de PRONACOM seg\u00fan el art\u00edculo 4 del Acuerdo Gubernativo 306-2004 y que fue reformado por el Acuerdo Gubernativo 192-2016, est\u00e1 especificada de la siguiente manera. 1. Presidencia, por parte del Coordinador General del Comit\u00e9 Ejecutivo, nombrado por el Presidente de la Rep\u00fablica, quien tendr\u00e1 un voto; 2. Un Coordinado General &hellip;<\/p>","protected":false},"author":2,"featured_media":0,"parent":10400,"menu_order":0,"comment_status":"closed","ping_status":"closed","template":"template-fullwidth.php","meta":[],"yoast_head":"<!-- This site is optimized with the Yoast SEO plugin v15.6.2 - https:\/\/yoast.com\/wordpress\/plugins\/seo\/ -->\n<title>Comit\u00e9 Ejecutivo - PRONACOM<\/title>\n<meta name=\"robots\" content=\"index, follow, max-snippet:-1, max-image-preview:large, max-video-preview:-1\" \/>\n<link rel=\"canonical\" href=\"https:\/\/www.pronacom.org\/en\/estructura\/comite-ejecutivo\/\" \/>\n<meta property=\"og:locale\" content=\"en_US\" \/>\n<meta property=\"og:type\" content=\"article\" \/>\n<meta property=\"og:title\" content=\"Comit\u00e9 Ejecutivo - PRONACOM\" \/>\n<meta property=\"og:description\" content=\"La conformaci\u00f3n del Comit\u00e9 Ejecutivo de PRONACOM seg\u00fan el art\u00edculo 4 del Acuerdo Gubernativo 306-2004 y que fue reformado por el Acuerdo Gubernativo 192-2016, est\u00e1 especificada de la siguiente manera. 1. Presidencia, por parte del Coordinador General del Comit\u00e9 Ejecutivo, nombrado por el Presidente de la Rep\u00fablica, quien tendr\u00e1 un voto; 2. Un Coordinado General &hellip;\" \/>\n<meta property=\"og:url\" content=\"https:\/\/www.pronacom.org\/en\/estructura\/comite-ejecutivo\/\" \/>\n<meta property=\"og:site_name\" content=\"PRONACOM\" \/>\n<meta property=\"article:publisher\" content=\"https:\/\/www.facebook.com\/Pronacomgt\/\" \/>\n<meta property=\"article:modified_time\" content=\"2022-01-17T21:59:14+00:00\" \/>\n<meta name=\"twitter:card\" content=\"summary_large_image\" \/>\n<meta name=\"twitter:site\" content=\"@PRONACOMGT\" \/>\n<meta name=\"twitter:label1\" content=\"Est. reading time\">\n\t<meta name=\"twitter:data1\" content=\"2 minutes\">\n<script type=\"application\/ld+json\" class=\"yoast-schema-graph\">{\"@context\":\"https:\/\/schema.org\",\"@graph\":[{\"@type\":\"Organization\",\"@id\":\"https:\/\/www.pronacom.org\/en\/#organization\",\"name\":\"PRONACOM\",\"url\":\"https:\/\/www.pronacom.org\/en\/\",\"sameAs\":[\"https:\/\/www.facebook.com\/Pronacomgt\/\",\"https:\/\/www.instagram.com\/pronacomgt\/\",\"https:\/\/www.linkedin.com\/authwall?trk=gf&amp;amp;amp;trkInfo=AQGH7Mi-f70EDAAAAWv5JAmoGFXJ8B2rxURVcu6cPIj-oDKkC19SAMj6UtFyNiKz20TkwAXGNiSB81fV5dt-WXgm3GdF9CLAhH4xONAQukTUqZy1I5ETfhu_C16iHxO-aFrINSU=&amp;amp;amp;originalReferer&amp;amp;amp;sessionRedirect=https:\/\/gt.linkedin.com\/company\/pronacom\",\"https:\/\/www.youtube.com\/channel\/UCw3KIgxOkQQjvGQvvTfH6tA\",\"https:\/\/twitter.com\/PRONACOMGT\"],\"logo\":{\"@type\":\"ImageObject\",\"@id\":\"https:\/\/www.pronacom.org\/en\/#logo\",\"inLanguage\":\"en-US\",\"url\":\"https:\/\/www.pronacom.org\/wp-content\/uploads\/2019\/03\/Logo-Pronacom.png\",\"width\":842,\"height\":209,\"caption\":\"PRONACOM\"},\"image\":{\"@id\":\"https:\/\/www.pronacom.org\/en\/#logo\"}},{\"@type\":\"WebSite\",\"@id\":\"https:\/\/www.pronacom.org\/en\/#website\",\"url\":\"https:\/\/www.pronacom.org\/en\/\",\"name\":\"PRONACOM\",\"description\":\"\",\"publisher\":{\"@id\":\"https:\/\/www.pronacom.org\/en\/#organization\"},\"potentialAction\":[{\"@type\":\"SearchAction\",\"target\":\"https:\/\/www.pronacom.org\/en\/?s={search_term_string}\",\"query-input\":\"required name=search_term_string\"}],\"inLanguage\":\"en-US\"},{\"@type\":\"WebPage\",\"@id\":\"https:\/\/www.pronacom.org\/en\/estructura\/comite-ejecutivo\/#webpage\",\"url\":\"https:\/\/www.pronacom.org\/en\/estructura\/comite-ejecutivo\/\",\"name\":\"Comit\\u00e9 Ejecutivo - PRONACOM\",\"isPartOf\":{\"@id\":\"https:\/\/www.pronacom.org\/en\/#website\"},\"datePublished\":\"2019-08-01T06:32:01+00:00\",\"dateModified\":\"2022-01-17T21:59:14+00:00\",\"inLanguage\":\"en-US\",\"potentialAction\":[{\"@type\":\"ReadAction\",\"target\":[\"https:\/\/www.pronacom.org\/en\/estructura\/comite-ejecutivo\/\"]}]}]}<\/script>\n<!-- \/ Yoast SEO plugin. -->","_links":{"self":[{"href":"https:\/\/www.pronacom.org\/en\/wp-json\/wp\/v2\/pages\/10434"}],"collection":[{"href":"https:\/\/www.pronacom.org\/en\/wp-json\/wp\/v2\/pages"}],"about":[{"href":"https:\/\/www.pronacom.org\/en\/wp-json\/wp\/v2\/types\/page"}],"author":[{"embeddable":true,"href":"https:\/\/www.pronacom.org\/en\/wp-json\/wp\/v2\/users\/2"}],"replies":[{"embeddable":true,"href":"https:\/\/www.pronacom.org\/en\/wp-json\/wp\/v2\/comments?post=10434"}],"version-history":[{"count":7,"href":"https:\/\/www.pronacom.org\/en\/wp-json\/wp\/v2\/pages\/10434\/revisions"}],"predecessor-version":[{"id":15397,"href":"https:\/\/www.pronacom.org\/en\/wp-json\/wp\/v2\/pages\/10434\/revisions\/15397"}],"up":[{"embeddable":true,"href":"https:\/\/www.pronacom.org\/en\/wp-json\/wp\/v2\/pages\/10400"}],"wp:attachment":[{"href":"https:\/\/www.pronacom.org\/en\/wp-json\/wp\/v2\/media?parent=10434"}],"curies":[{"name":"wp","href":"https:\/\/api.w.org\/{rel}","templated":true}]}}