{"id":10400,"date":"2019-08-01T00:12:39","date_gmt":"2019-08-01T06:12:39","guid":{"rendered":"http:\/\/34.73.84.172\/?page_id=10400"},"modified":"2022-01-17T16:10:21","modified_gmt":"2022-01-17T22:10:21","slug":"estructura","status":"publish","type":"page","link":"https:\/\/www.pronacom.org\/en\/estructura\/","title":{"rendered":"Structure"},"content":{"rendered":"<div data-elementor-type=\"wp-post\" data-elementor-id=\"10400\" class=\"elementor elementor-10400\" data-elementor-settings=\"[]\">\n\t\t\t\t\t\t<div class=\"elementor-inner\">\n\t\t\t\t\t\t\t<div class=\"elementor-section-wrap\">\n\t\t\t\t\t\t\t<section class=\"elementor-section elementor-top-section elementor-element elementor-element-3b41203 elementor-section-boxed elementor-section-height-default elementor-section-height-default\" data-id=\"3b41203\" data-element_type=\"section\">\n\t\t\t\t\t\t<div class=\"elementor-container elementor-column-gap-default\">\n\t\t\t\t\t\t\t<div class=\"elementor-row\">\n\t\t\t\t\t<div class=\"elementor-column elementor-col-100 elementor-top-column elementor-element elementor-element-dbc7693\" data-id=\"dbc7693\" data-element_type=\"column\">\n\t\t\t<div class=\"elementor-column-wrap elementor-element-populated\">\n\t\t\t\t\t\t\t<div class=\"elementor-widget-wrap\">\n\t\t\t\t\t\t<div class=\"elementor-element elementor-element-83418cc elementor-widget elementor-widget-text-editor\" data-id=\"83418cc\" data-element_type=\"widget\" data-widget_type=\"text-editor.default\">\n\t\t\t\t<div class=\"elementor-widget-container\">\n\t\t\t\t\t<div class=\"elementor-text-editor elementor-clearfix\"><p style=\"text-align: justify;\"><span style=\"font-weight: 400; color: #000000; font-family: 'Open Sans';\">PRONACOM fue creado por medio del Acuerdo Gubernativo 306-2004, el cual ha sido reformado por los Acuerdos Gubernativos 21-2008, 39-2016 y 192-2016. \u00a0<\/span><\/p><p><span style=\"font-weight: 400; color: #000000; font-family: 'Open Sans';\">Actualmente, PRONACOM est\u00e1 conformado por tres \u00f3rganos: <\/span><\/p><\/div>\n\t\t\t\t<\/div>\n\t\t\t\t<\/div>\n\t\t\t\t\t\t<\/div>\n\t\t\t\t\t<\/div>\n\t\t<\/div>\n\t\t\t\t\t\t\t\t<\/div>\n\t\t\t\t\t<\/div>\n\t\t<\/section>\n\t\t\t\t<section class=\"elementor-section elementor-top-section elementor-element elementor-element-3622207 elementor-section-boxed elementor-section-height-default elementor-section-height-default\" data-id=\"3622207\" data-element_type=\"section\">\n\t\t\t\t\t\t<div class=\"elementor-container elementor-column-gap-default\">\n\t\t\t\t\t\t\t<div class=\"elementor-row\">\n\t\t\t\t\t<div class=\"elementor-column elementor-col-50 elementor-top-column elementor-element elementor-element-32e45dc\" data-id=\"32e45dc\" data-element_type=\"column\">\n\t\t\t<div class=\"elementor-column-wrap elementor-element-populated\">\n\t\t\t\t\t\t\t<div class=\"elementor-widget-wrap\">\n\t\t\t\t\t\t<div class=\"elementor-element elementor-element-19fa4a9 elementor-widget elementor-widget-text-editor\" data-id=\"19fa4a9\" data-element_type=\"widget\" data-widget_type=\"text-editor.default\">\n\t\t\t\t<div class=\"elementor-widget-container\">\n\t\t\t\t\t<div class=\"elementor-text-editor elementor-clearfix\"><p><strong><span style=\"font-family: 'Open Sans';\"><span style=\"font-size: 14pt;\">Comit\u00e9 Ejectivo<\/span><\/span><\/strong><\/p><\/div>\n\t\t\t\t<\/div>\n\t\t\t\t<\/div>\n\t\t\t\t\t\t<\/div>\n\t\t\t\t\t<\/div>\n\t\t<\/div>\n\t\t\t\t<div class=\"elementor-column elementor-col-50 elementor-top-column elementor-element elementor-element-3e4f8e1\" data-id=\"3e4f8e1\" data-element_type=\"column\">\n\t\t\t<div class=\"elementor-column-wrap elementor-element-populated\">\n\t\t\t\t\t\t\t<div class=\"elementor-widget-wrap\">\n\t\t\t\t\t\t<div class=\"elementor-element elementor-element-88855fc elementor-widget elementor-widget-text-editor\" data-id=\"88855fc\" data-element_type=\"widget\" data-widget_type=\"text-editor.default\">\n\t\t\t\t<div class=\"elementor-widget-container\">\n\t\t\t\t\t<div class=\"elementor-text-editor elementor-clearfix\"><p><span style=\"color: #000000; font-family: 'Open Sans';\">La conformaci\u00f3n del Comit\u00e9 Ejecutivo de PRONACOM seg\u00fan el art\u00edculo 4 del Acuerdo Gubernativo 306-2004 y que fue reformado por el Acuerdo Gubernativo 192-2016, est\u00e1 especificada de la siguiente manera.<\/span><\/p><\/div>\n\t\t\t\t<\/div>\n\t\t\t\t<\/div>\n\t\t\t\t<div class=\"elementor-element elementor-element-05d7119 elementor-mobile-align-center elementor-widget elementor-widget-button\" data-id=\"05d7119\" data-element_type=\"widget\" data-widget_type=\"button.default\">\n\t\t\t\t<div class=\"elementor-widget-container\">\n\t\t\t\t\t<div class=\"elementor-button-wrapper\">\n\t\t\t<a href=\"https:\/\/www.pronacom.org\/en\/estructura\/comite-ejecutivo\/\" target=\"_blank\" class=\"elementor-button-link elementor-button elementor-size-xs elementor-animation-grow\" role=\"button\">\n\t\t\t\t\t\t<span class=\"elementor-button-content-wrapper\">\n\t\t\t\t\t\t<span class=\"elementor-button-icon elementor-align-icon-right\">\n\t\t\t\t<i aria-hidden=\"true\" class=\"fas fa-long-arrow-alt-right\"><\/i>\t\t\t<\/span>\n\t\t\t\t\t\t<span class=\"elementor-button-text\">Leer m\u00e1s<\/span>\n\t\t<\/span>\n\t\t\t\t\t<\/a>\n\t\t<\/div>\n\t\t\t\t<\/div>\n\t\t\t\t<\/div>\n\t\t\t\t<div class=\"elementor-element elementor-element-9321fe6 elementor-widget elementor-widget-spacer\" data-id=\"9321fe6\" data-element_type=\"widget\" data-widget_type=\"spacer.default\">\n\t\t\t\t<div class=\"elementor-widget-container\">\n\t\t\t\t\t<div class=\"elementor-spacer\">\n\t\t\t<div class=\"elementor-spacer-inner\"><\/div>\n\t\t<\/div>\n\t\t\t\t<\/div>\n\t\t\t\t<\/div>\n\t\t\t\t\t\t<\/div>\n\t\t\t\t\t<\/div>\n\t\t<\/div>\n\t\t\t\t\t\t\t\t<\/div>\n\t\t\t\t\t<\/div>\n\t\t<\/section>\n\t\t\t\t<section class=\"elementor-section elementor-top-section elementor-element elementor-element-dfcf881 elementor-section-boxed elementor-section-height-default elementor-section-height-default\" data-id=\"dfcf881\" data-element_type=\"section\">\n\t\t\t\t\t\t<div class=\"elementor-container elementor-column-gap-default\">\n\t\t\t\t\t\t\t<div class=\"elementor-row\">\n\t\t\t\t\t<div class=\"elementor-column elementor-col-50 elementor-top-column elementor-element elementor-element-d7bf357\" data-id=\"d7bf357\" data-element_type=\"column\">\n\t\t\t<div class=\"elementor-column-wrap elementor-element-populated\">\n\t\t\t\t\t\t\t<div class=\"elementor-widget-wrap\">\n\t\t\t\t\t\t<div class=\"elementor-element elementor-element-3434ca7 elementor-widget elementor-widget-text-editor\" data-id=\"3434ca7\" data-element_type=\"widget\" data-widget_type=\"text-editor.default\">\n\t\t\t\t<div class=\"elementor-widget-container\">\n\t\t\t\t\t<div class=\"elementor-text-editor elementor-clearfix\"><p><strong><span style=\"font-family: 'Open Sans';\"><span style=\"font-size: 14pt;\">Consejo Asesor<\/span><\/span><\/strong><\/p><\/div>\n\t\t\t\t<\/div>\n\t\t\t\t<\/div>\n\t\t\t\t\t\t<\/div>\n\t\t\t\t\t<\/div>\n\t\t<\/div>\n\t\t\t\t<div class=\"elementor-column elementor-col-50 elementor-top-column elementor-element elementor-element-16e556b\" data-id=\"16e556b\" data-element_type=\"column\">\n\t\t\t<div class=\"elementor-column-wrap elementor-element-populated\">\n\t\t\t\t\t\t\t<div class=\"elementor-widget-wrap\">\n\t\t\t\t\t\t<div class=\"elementor-element elementor-element-ed4ae2d elementor-widget elementor-widget-text-editor\" data-id=\"ed4ae2d\" data-element_type=\"widget\" data-widget_type=\"text-editor.default\">\n\t\t\t\t<div class=\"elementor-widget-container\">\n\t\t\t\t\t<div class=\"elementor-text-editor elementor-clearfix\"><p><span style=\"color: #000000; font-family: 'Open Sans';\">Es el \u00f3rgano asesor y consultivo del Comit\u00e9 Ejecutivo, con car\u00e1cter deliberativo, para lo cual se reunir\u00e1 como m\u00ednimo cuatro veces al a\u00f1o, con la participaci\u00f3n del Comit\u00e9 Ejecutivo, quien lo convocar\u00e1 oportunamente.\u00a0<\/span><\/p><\/div>\n\t\t\t\t<\/div>\n\t\t\t\t<\/div>\n\t\t\t\t<div class=\"elementor-element elementor-element-adfa67e elementor-mobile-align-center elementor-widget elementor-widget-button\" data-id=\"adfa67e\" data-element_type=\"widget\" data-widget_type=\"button.default\">\n\t\t\t\t<div class=\"elementor-widget-container\">\n\t\t\t\t\t<div class=\"elementor-button-wrapper\">\n\t\t\t<a href=\"https:\/\/www.pronacom.org\/en\/estructura\/consejo-asesor\/\" target=\"_blank\" class=\"elementor-button-link elementor-button elementor-size-xs elementor-animation-grow\" role=\"button\">\n\t\t\t\t\t\t<span class=\"elementor-button-content-wrapper\">\n\t\t\t\t\t\t<span class=\"elementor-button-icon elementor-align-icon-right\">\n\t\t\t\t<i aria-hidden=\"true\" class=\"fas fa-long-arrow-alt-right\"><\/i>\t\t\t<\/span>\n\t\t\t\t\t\t<span class=\"elementor-button-text\">Leer m\u00e1s<\/span>\n\t\t<\/span>\n\t\t\t\t\t<\/a>\n\t\t<\/div>\n\t\t\t\t<\/div>\n\t\t\t\t<\/div>\n\t\t\t\t<div class=\"elementor-element elementor-element-e69fdca elementor-widget elementor-widget-spacer\" data-id=\"e69fdca\" data-element_type=\"widget\" data-widget_type=\"spacer.default\">\n\t\t\t\t<div class=\"elementor-widget-container\">\n\t\t\t\t\t<div class=\"elementor-spacer\">\n\t\t\t<div class=\"elementor-spacer-inner\"><\/div>\n\t\t<\/div>\n\t\t\t\t<\/div>\n\t\t\t\t<\/div>\n\t\t\t\t\t\t<\/div>\n\t\t\t\t\t<\/div>\n\t\t<\/div>\n\t\t\t\t\t\t\t\t<\/div>\n\t\t\t\t\t<\/div>\n\t\t<\/section>\n\t\t\t\t<section class=\"elementor-section elementor-top-section elementor-element elementor-element-d96a841 elementor-section-boxed elementor-section-height-default elementor-section-height-default\" data-id=\"d96a841\" data-element_type=\"section\">\n\t\t\t\t\t\t<div class=\"elementor-container elementor-column-gap-default\">\n\t\t\t\t\t\t\t<div class=\"elementor-row\">\n\t\t\t\t\t<div class=\"elementor-column elementor-col-50 elementor-top-column elementor-element elementor-element-dd6a14b\" data-id=\"dd6a14b\" data-element_type=\"column\">\n\t\t\t<div class=\"elementor-column-wrap elementor-element-populated\">\n\t\t\t\t\t\t\t<div class=\"elementor-widget-wrap\">\n\t\t\t\t\t\t<div class=\"elementor-element elementor-element-495cd49 elementor-widget elementor-widget-text-editor\" data-id=\"495cd49\" data-element_type=\"widget\" data-widget_type=\"text-editor.default\">\n\t\t\t\t<div class=\"elementor-widget-container\">\n\t\t\t\t\t<div class=\"elementor-text-editor elementor-clearfix\"><p><strong><span style=\"font-size: 14pt;\">Unidad Especial de Ejecuci\u00f3n<\/span><\/strong><\/p><\/div>\n\t\t\t\t<\/div>\n\t\t\t\t<\/div>\n\t\t\t\t\t\t<\/div>\n\t\t\t\t\t<\/div>\n\t\t<\/div>\n\t\t\t\t<div class=\"elementor-column elementor-col-50 elementor-top-column elementor-element elementor-element-2a79ba1\" data-id=\"2a79ba1\" data-element_type=\"column\">\n\t\t\t<div class=\"elementor-column-wrap elementor-element-populated\">\n\t\t\t\t\t\t\t<div class=\"elementor-widget-wrap\">\n\t\t\t\t\t\t<div class=\"elementor-element elementor-element-8fe9519 elementor-widget elementor-widget-text-editor\" data-id=\"8fe9519\" data-element_type=\"widget\" data-widget_type=\"text-editor.default\">\n\t\t\t\t<div class=\"elementor-widget-container\">\n\t\t\t\t\t<div class=\"elementor-text-editor elementor-clearfix\"><p><span style=\"color: #000000; font-family: 'Open Sans'; text-align: justify;\">La Unidad Especial de Ejecuci\u00f3n de PRONACOM se integra de la siguiente manera: <br \/>a) El Director Ejecutivo, nombrado directamente por el Ministro de Econom\u00eda, a propuesta del Comit\u00e9 Ejecutivo, b) La subdirecci\u00f3n ejecutiva, c) La Unidad Administrativa Financiera; d) Los consultores t\u00e9cnicos y profesionales, as\u00ed como el personal de apoyo que se requiera, para el desempe\u00f1o de sus fines.<\/span><\/p><\/div>\n\t\t\t\t<\/div>\n\t\t\t\t<\/div>\n\t\t\t\t<div class=\"elementor-element elementor-element-fedae44 elementor-mobile-align-center elementor-widget elementor-widget-button\" data-id=\"fedae44\" data-element_type=\"widget\" data-widget_type=\"button.default\">\n\t\t\t\t<div class=\"elementor-widget-container\">\n\t\t\t\t\t<div class=\"elementor-button-wrapper\">\n\t\t\t<a href=\"https:\/\/www.pronacom.org\/en\/estructura\/unidad-ejecutora\/\" target=\"_blank\" class=\"elementor-button-link elementor-button elementor-size-xs elementor-animation-grow\" role=\"button\">\n\t\t\t\t\t\t<span class=\"elementor-button-content-wrapper\">\n\t\t\t\t\t\t<span class=\"elementor-button-icon elementor-align-icon-right\">\n\t\t\t\t<i aria-hidden=\"true\" class=\"fas fa-long-arrow-alt-right\"><\/i>\t\t\t<\/span>\n\t\t\t\t\t\t<span class=\"elementor-button-text\">Leer m\u00e1s<\/span>\n\t\t<\/span>\n\t\t\t\t\t<\/a>\n\t\t<\/div>\n\t\t\t\t<\/div>\n\t\t\t\t<\/div>\n\t\t\t\t<div class=\"elementor-element elementor-element-24dfa1a elementor-widget elementor-widget-spacer\" data-id=\"24dfa1a\" data-element_type=\"widget\" data-widget_type=\"spacer.default\">\n\t\t\t\t<div class=\"elementor-widget-container\">\n\t\t\t\t\t<div class=\"elementor-spacer\">\n\t\t\t<div class=\"elementor-spacer-inner\"><\/div>\n\t\t<\/div>\n\t\t\t\t<\/div>\n\t\t\t\t<\/div>\n\t\t\t\t\t\t<\/div>\n\t\t\t\t\t<\/div>\n\t\t<\/div>\n\t\t\t\t\t\t\t\t<\/div>\n\t\t\t\t\t<\/div>\n\t\t<\/section>\n\t\t\t\t\t\t<\/div>\n\t\t\t\t\t\t<\/div>\n\t\t\t\t\t<\/div>","protected":false},"excerpt":{"rendered":"<p>PRONACOM fue creado por medio del Acuerdo Gubernativo 306-2004, el cual ha sido reformado por los Acuerdos Gubernativos 21-2008, 39-2016 y 192-2016. \u00a0 Actualmente, PRONACOM est\u00e1 conformado por tres \u00f3rganos: Comit\u00e9 Ejectivo La conformaci\u00f3n del Comit\u00e9 Ejecutivo de PRONACOM seg\u00fan el art\u00edculo 4 del Acuerdo Gubernativo 306-2004 y que fue reformado por el Acuerdo Gubernativo &hellip;<\/p>","protected":false},"author":2,"featured_media":0,"parent":0,"menu_order":0,"comment_status":"closed","ping_status":"closed","template":"template-fullwidth.php","meta":[],"yoast_head":"<!-- This site is optimized with the Yoast SEO plugin v15.6.2 - https:\/\/yoast.com\/wordpress\/plugins\/seo\/ -->\n<title>Estructura - PRONACOM<\/title>\n<meta name=\"robots\" content=\"index, follow, max-snippet:-1, max-image-preview:large, max-video-preview:-1\" \/>\n<link rel=\"canonical\" href=\"https:\/\/www.pronacom.org\/en\/estructura\/\" \/>\n<meta property=\"og:locale\" content=\"en_US\" \/>\n<meta property=\"og:type\" content=\"article\" \/>\n<meta property=\"og:title\" content=\"Estructura - PRONACOM\" \/>\n<meta property=\"og:description\" content=\"PRONACOM fue creado por medio del Acuerdo Gubernativo 306-2004, el cual ha sido reformado por los Acuerdos Gubernativos 21-2008, 39-2016 y 192-2016. \u00a0 Actualmente, PRONACOM est\u00e1 conformado por tres \u00f3rganos: Comit\u00e9 Ejectivo La conformaci\u00f3n del Comit\u00e9 Ejecutivo de PRONACOM seg\u00fan el art\u00edculo 4 del Acuerdo Gubernativo 306-2004 y que fue reformado por el Acuerdo Gubernativo &hellip;\" \/>\n<meta property=\"og:url\" content=\"https:\/\/www.pronacom.org\/en\/estructura\/\" \/>\n<meta property=\"og:site_name\" content=\"PRONACOM\" \/>\n<meta property=\"article:publisher\" content=\"https:\/\/www.facebook.com\/Pronacomgt\/\" \/>\n<meta property=\"article:modified_time\" content=\"2022-01-17T22:10:21+00:00\" \/>\n<meta name=\"twitter:card\" content=\"summary_large_image\" \/>\n<meta name=\"twitter:site\" content=\"@PRONACOMGT\" \/>\n<meta name=\"twitter:label1\" content=\"Est. reading time\">\n\t<meta name=\"twitter:data1\" content=\"1 minute\">\n<script type=\"application\/ld+json\" class=\"yoast-schema-graph\">{\"@context\":\"https:\/\/schema.org\",\"@graph\":[{\"@type\":\"Organization\",\"@id\":\"https:\/\/www.pronacom.org\/en\/#organization\",\"name\":\"PRONACOM\",\"url\":\"https:\/\/www.pronacom.org\/en\/\",\"sameAs\":[\"https:\/\/www.facebook.com\/Pronacomgt\/\",\"https:\/\/www.instagram.com\/pronacomgt\/\",\"https:\/\/www.linkedin.com\/authwall?trk=gf&amp;amp;amp;trkInfo=AQGH7Mi-f70EDAAAAWv5JAmoGFXJ8B2rxURVcu6cPIj-oDKkC19SAMj6UtFyNiKz20TkwAXGNiSB81fV5dt-WXgm3GdF9CLAhH4xONAQukTUqZy1I5ETfhu_C16iHxO-aFrINSU=&amp;amp;amp;originalReferer&amp;amp;amp;sessionRedirect=https:\/\/gt.linkedin.com\/company\/pronacom\",\"https:\/\/www.youtube.com\/channel\/UCw3KIgxOkQQjvGQvvTfH6tA\",\"https:\/\/twitter.com\/PRONACOMGT\"],\"logo\":{\"@type\":\"ImageObject\",\"@id\":\"https:\/\/www.pronacom.org\/en\/#logo\",\"inLanguage\":\"en-US\",\"url\":\"https:\/\/www.pronacom.org\/wp-content\/uploads\/2019\/03\/Logo-Pronacom.png\",\"width\":842,\"height\":209,\"caption\":\"PRONACOM\"},\"image\":{\"@id\":\"https:\/\/www.pronacom.org\/en\/#logo\"}},{\"@type\":\"WebSite\",\"@id\":\"https:\/\/www.pronacom.org\/en\/#website\",\"url\":\"https:\/\/www.pronacom.org\/en\/\",\"name\":\"PRONACOM\",\"description\":\"\",\"publisher\":{\"@id\":\"https:\/\/www.pronacom.org\/en\/#organization\"},\"potentialAction\":[{\"@type\":\"SearchAction\",\"target\":\"https:\/\/www.pronacom.org\/en\/?s={search_term_string}\",\"query-input\":\"required name=search_term_string\"}],\"inLanguage\":\"en-US\"},{\"@type\":\"WebPage\",\"@id\":\"https:\/\/www.pronacom.org\/en\/estructura\/#webpage\",\"url\":\"https:\/\/www.pronacom.org\/en\/estructura\/\",\"name\":\"Estructura - PRONACOM\",\"isPartOf\":{\"@id\":\"https:\/\/www.pronacom.org\/en\/#website\"},\"datePublished\":\"2019-08-01T06:12:39+00:00\",\"dateModified\":\"2022-01-17T22:10:21+00:00\",\"inLanguage\":\"en-US\",\"potentialAction\":[{\"@type\":\"ReadAction\",\"target\":[\"https:\/\/www.pronacom.org\/en\/estructura\/\"]}]}]}<\/script>\n<!-- \/ Yoast SEO plugin. -->","_links":{"self":[{"href":"https:\/\/www.pronacom.org\/en\/wp-json\/wp\/v2\/pages\/10400"}],"collection":[{"href":"https:\/\/www.pronacom.org\/en\/wp-json\/wp\/v2\/pages"}],"about":[{"href":"https:\/\/www.pronacom.org\/en\/wp-json\/wp\/v2\/types\/page"}],"author":[{"embeddable":true,"href":"https:\/\/www.pronacom.org\/en\/wp-json\/wp\/v2\/users\/2"}],"replies":[{"embeddable":true,"href":"https:\/\/www.pronacom.org\/en\/wp-json\/wp\/v2\/comments?post=10400"}],"version-history":[{"count":45,"href":"https:\/\/www.pronacom.org\/en\/wp-json\/wp\/v2\/pages\/10400\/revisions"}],"predecessor-version":[{"id":15422,"href":"https:\/\/www.pronacom.org\/en\/wp-json\/wp\/v2\/pages\/10400\/revisions\/15422"}],"wp:attachment":[{"href":"https:\/\/www.pronacom.org\/en\/wp-json\/wp\/v2\/media?parent=10400"}],"curies":[{"name":"wp","href":"https:\/\/api.w.org\/{rel}","templated":true}]}}